{"id":5053,"date":"2021-01-21T19:27:34","date_gmt":"2021-01-21T18:27:34","guid":{"rendered":"https:\/\/ina-wissmann.de\/shop\/?post_type=product&#038;p=5053"},"modified":"2024-11-21T18:05:46","modified_gmt":"2024-11-21T17:05:46","slug":"heilsteine-zur-energieerhoehung-entspannung-steinset-zum-e-book","status":"publish","type":"product","link":"https:\/\/www.ina-wissmann.de\/shop\/produkt\/heilsteine-zur-energieerhoehung-entspannung-steinset-zum-e-book\/","title":{"rendered":"Heilsteinset zur Energieerh\u00f6hung &#038; Entspannung &#8211; Steineset zum E-Book"},"content":{"rendered":"<p>Steineset zum E-Book<\/p>\n","protected":false},"excerpt":{"rendered":"<p>Passend zum E-Book &#8220;Wie du Heilsteine im Alltag anwendest &#8211; 7 Tipps &amp; Alltagsrituale, die deine Energie erh\u00f6hen und Entspannung bringen&#8221;.<br \/>\nHeilsteinset bestehend aus &#8211; 1 Selenitstab roh ca. 15cm, 1 gro\u00dfe Amethyst-Kristallspitze, 1 Amethyst Drusensegment, 1 Bergkristall Handschmeichler, 1 Tigerauge, 1 Karneol, 2 H\u00e4matit Trommelsteine.(Regul\u00e4rer Preis beim Einzelkauf 115\u20ac)<br \/>\nMit dem Steineset kannst du alle im Buch erkl\u00e4rten \u00dcbungen aktiv zu Hause durchf\u00fchren und sparst gegen\u00fcber dem Einzelkauf der Mineralien.<br \/>\nBeim Setkauf bekommst du das E-Book nat\u00fcrlich als Download gratis mit dazu.<\/p>\n","protected":false},"featured_media":5061,"comment_status":"open","ping_status":"closed","template":"","meta":[],"product_brand":[],"product_cat":[262,310,765],"product_tag":[],"class_list":{"0":"post-5053","1":"product","2":"type-product","3":"status-publish","4":"has-post-thumbnail","6":"product_cat-edelsteine","7":"product_cat-edelsteine-sets","8":"product_cat-spiritualitaet-wachstum","9":"product_shipping_class-paket","10":"post-wrapper","11":"thrv_wrapper","13":"first","14":"instock","15":"downloadable","16":"taxable","17":"shipping-taxable","18":"purchasable","19":"product-type-simple"},"jetpack_sharing_enabled":true,"_links":{"self":[{"href":"https:\/\/www.ina-wissmann.de\/shop\/wp-json\/wp\/v2\/product\/5053","targetHints":{"allow":["GET"]}}],"collection":[{"href":"https:\/\/www.ina-wissmann.de\/shop\/wp-json\/wp\/v2\/product"}],"about":[{"href":"https:\/\/www.ina-wissmann.de\/shop\/wp-json\/wp\/v2\/types\/product"}],"replies":[{"embeddable":true,"href":"https:\/\/www.ina-wissmann.de\/shop\/wp-json\/wp\/v2\/comments?post=5053"}],"wp:featuredmedia":[{"embeddable":true,"href":"https:\/\/www.ina-wissmann.de\/shop\/wp-json\/wp\/v2\/media\/5061"}],"wp:attachment":[{"href":"https:\/\/www.ina-wissmann.de\/shop\/wp-json\/wp\/v2\/media?parent=5053"}],"wp:term":[{"taxonomy":"product_brand","embeddable":true,"href":"https:\/\/www.ina-wissmann.de\/shop\/wp-json\/wp\/v2\/product_brand?post=5053"},{"taxonomy":"product_cat","embeddable":true,"href":"https:\/\/www.ina-wissmann.de\/shop\/wp-json\/wp\/v2\/product_cat?post=5053"},{"taxonomy":"product_tag","embeddable":true,"href":"https:\/\/www.ina-wissmann.de\/shop\/wp-json\/wp\/v2\/product_tag?post=5053"}],"curies":[{"name":"wp","href":"https:\/\/api.w.org\/{rel}","templated":true}]}}