{"id":5031,"date":"2021-01-20T17:37:26","date_gmt":"2021-01-20T16:37:26","guid":{"rendered":"https:\/\/ina-wissmann.de\/shop\/?post_type=product&#038;p=5031"},"modified":"2025-12-08T11:53:38","modified_gmt":"2025-12-08T10:53:38","slug":"fluorit-trommelstein-blau","status":"publish","type":"product","link":"https:\/\/www.ina-wissmann.de\/shop\/produkt\/fluorit-trommelstein-blau\/","title":{"rendered":"Fluorit Trommelstein blau"},"content":{"rendered":"<p>Fluorit Trommelstein blau<\/p>\n","protected":false},"excerpt":{"rendered":"<p>Fluorit Trommelstein blau<\/p>\n<p>Fluorit f\u00f6rdert die Kreativit\u00e4t. Er unterst\u00fctzt dich, einen Zugang zur eigenen Gef\u00fchlswelt zu bekommen.<br \/>\nF\u00f6rdert Ordnung und Struktur. Unterst\u00fctzt die Konzentration<\/p>\n","protected":false},"featured_media":13556,"comment_status":"open","ping_status":"closed","template":"","meta":[],"product_brand":[],"product_cat":[179,318,263,275,271,697,186,317,639],"product_tag":[],"class_list":{"0":"post-5031","1":"product","2":"type-product","3":"status-publish","4":"has-post-thumbnail","6":"product_cat-blau","7":"product_cat-blaue-heilsteine","8":"product_cat-edelsteine-a-z","9":"product_cat-fische-20-02-20-03","10":"product_cat-geburtssteine","11":"product_cat-halschakra","12":"product_cat-handschmeichler-blau","13":"product_cat-heilsteine-nach-farben","14":"product_cat-steine-mit-f","15":"product_shipping_class-paket","16":"post-wrapper","17":"thrv_wrapper","19":"first","20":"instock","21":"taxable","22":"shipping-taxable","23":"purchasable","24":"product-type-variable"},"jetpack_sharing_enabled":true,"_links":{"self":[{"href":"https:\/\/www.ina-wissmann.de\/shop\/wp-json\/wp\/v2\/product\/5031","targetHints":{"allow":["GET"]}}],"collection":[{"href":"https:\/\/www.ina-wissmann.de\/shop\/wp-json\/wp\/v2\/product"}],"about":[{"href":"https:\/\/www.ina-wissmann.de\/shop\/wp-json\/wp\/v2\/types\/product"}],"replies":[{"embeddable":true,"href":"https:\/\/www.ina-wissmann.de\/shop\/wp-json\/wp\/v2\/comments?post=5031"}],"wp:featuredmedia":[{"embeddable":true,"href":"https:\/\/www.ina-wissmann.de\/shop\/wp-json\/wp\/v2\/media\/13556"}],"wp:attachment":[{"href":"https:\/\/www.ina-wissmann.de\/shop\/wp-json\/wp\/v2\/media?parent=5031"}],"wp:term":[{"taxonomy":"product_brand","embeddable":true,"href":"https:\/\/www.ina-wissmann.de\/shop\/wp-json\/wp\/v2\/product_brand?post=5031"},{"taxonomy":"product_cat","embeddable":true,"href":"https:\/\/www.ina-wissmann.de\/shop\/wp-json\/wp\/v2\/product_cat?post=5031"},{"taxonomy":"product_tag","embeddable":true,"href":"https:\/\/www.ina-wissmann.de\/shop\/wp-json\/wp\/v2\/product_tag?post=5031"}],"curies":[{"name":"wp","href":"https:\/\/api.w.org\/{rel}","templated":true}]}}