{"id":4527,"date":"2024-11-21T15:56:10","date_gmt":"2024-11-21T14:56:10","guid":{"rendered":"https:\/\/ina-wissmann.de\/shop\/?post_type=product&#038;p=4527"},"modified":"2024-12-13T16:41:02","modified_gmt":"2024-12-13T15:41:02","slug":"rauhnachtmagie-raeuchermischung-im-30ml-glaeschen","status":"publish","type":"product","link":"https:\/\/www.ina-wissmann.de\/shop\/produkt\/rauhnachtmagie-raeuchermischung-im-30ml-glaeschen\/","title":{"rendered":"Rauhnachtmagie R\u00e4uchermischung im 30ml Gl\u00e4schen"},"content":{"rendered":"<p>Diese sanfte aber doch kraftvoll dich umarmende R\u00e4uchermischung begleitet dich durch die Rauhn\u00e4chte und unterst\u00fctzt dich in dieser heiligen Zeit.<\/p>\n","protected":false},"excerpt":{"rendered":"<p>Eine gro\u00dfartige R\u00e4uchermischung, die im 30ml Korkenglas zu dir nach Hause kommt.  Rauhnachtmagie unterst\u00fctzt deine W\u00fcnsche in den Rauhn\u00e4chten. Sie bringt dir Klarheit, Kraft &amp; Sanfmut gleicherma\u00dfen und sollte in den Rauhn\u00e4chten nicht fehlen. (wird ohne die abgebildete Schale geliefert)<\/p>\n","protected":false},"featured_media":4529,"comment_status":"open","ping_status":"open","template":"","meta":[],"product_brand":[],"product_cat":[767,765],"product_tag":[],"class_list":{"0":"post-4527","1":"product","2":"type-product","3":"status-publish","4":"has-post-thumbnail","6":"product_cat-schutz-stabilitaet","7":"product_cat-spiritualitaet-wachstum","8":"product_shipping_class-paket","9":"post-wrapper","10":"thrv_wrapper","12":"first","13":"instock","14":"taxable","15":"shipping-taxable","16":"purchasable","17":"product-type-simple"},"jetpack_sharing_enabled":true,"_links":{"self":[{"href":"https:\/\/www.ina-wissmann.de\/shop\/wp-json\/wp\/v2\/product\/4527","targetHints":{"allow":["GET"]}}],"collection":[{"href":"https:\/\/www.ina-wissmann.de\/shop\/wp-json\/wp\/v2\/product"}],"about":[{"href":"https:\/\/www.ina-wissmann.de\/shop\/wp-json\/wp\/v2\/types\/product"}],"replies":[{"embeddable":true,"href":"https:\/\/www.ina-wissmann.de\/shop\/wp-json\/wp\/v2\/comments?post=4527"}],"wp:featuredmedia":[{"embeddable":true,"href":"https:\/\/www.ina-wissmann.de\/shop\/wp-json\/wp\/v2\/media\/4529"}],"wp:attachment":[{"href":"https:\/\/www.ina-wissmann.de\/shop\/wp-json\/wp\/v2\/media?parent=4527"}],"wp:term":[{"taxonomy":"product_brand","embeddable":true,"href":"https:\/\/www.ina-wissmann.de\/shop\/wp-json\/wp\/v2\/product_brand?post=4527"},{"taxonomy":"product_cat","embeddable":true,"href":"https:\/\/www.ina-wissmann.de\/shop\/wp-json\/wp\/v2\/product_cat?post=4527"},{"taxonomy":"product_tag","embeddable":true,"href":"https:\/\/www.ina-wissmann.de\/shop\/wp-json\/wp\/v2\/product_tag?post=4527"}],"curies":[{"name":"wp","href":"https:\/\/api.w.org\/{rel}","templated":true}]}}