{"id":4339,"date":"2020-12-08T10:39:07","date_gmt":"2020-12-08T09:39:07","guid":{"rendered":"https:\/\/ina-wissmann.de\/shop\/?post_type=product&#038;p=4339"},"modified":"2024-12-16T13:23:27","modified_gmt":"2024-12-16T12:23:27","slug":"aragonit-rohkristallstufe","status":"publish","type":"product","link":"https:\/\/www.ina-wissmann.de\/shop\/produkt\/aragonit-rohkristallstufe\/","title":{"rendered":"Aragonit  Rohkristallstufe"},"content":{"rendered":"<p>Aragonit Rohkristallstufe<br \/>\nca. 3 cm x 3 cm, 15g<\/p>\n","protected":false},"excerpt":{"rendered":"<p>geheimnisvolle Aragonit Rohkristallstufe<br \/>\nEin kristalliner Aragonit wie dieser hier steht f\u00fcr Entwicklung<br \/>\nWenn zu viele Reize und Eindr\u00fccke dich \u00fcberfordern, unterst\u00fctzt er dich<\/p>\n","protected":false},"featured_media":4456,"comment_status":"open","ping_status":"closed","template":"","meta":[],"product_brand":[],"product_cat":[182,329,262,263,636,271,272,305,317,190,633,284],"product_tag":[],"class_list":{"0":"post-4339","1":"product","2":"type-product","3":"status-publish","4":"has-post-thumbnail","6":"product_cat-braun","7":"product_cat-braune-heilsteine","8":"product_cat-edelsteine","9":"product_cat-edelsteine-a-z","10":"product_cat-edelsteine-nach-farben","11":"product_cat-geburtssteine","12":"product_cat-geburtssteine-nach-sternzeichen","13":"product_cat-heilsteine","14":"product_cat-heilsteine-nach-farben","15":"product_cat-rohsteine-braun","16":"product_cat-steine-mit-a","17":"product_cat-wassermann-21-01-19-02","18":"product_shipping_class-paket","19":"post-wrapper","20":"thrv_wrapper","22":"first","23":"instock","24":"taxable","25":"shipping-taxable","26":"purchasable","27":"product-type-simple"},"jetpack_sharing_enabled":true,"_links":{"self":[{"href":"https:\/\/www.ina-wissmann.de\/shop\/wp-json\/wp\/v2\/product\/4339","targetHints":{"allow":["GET"]}}],"collection":[{"href":"https:\/\/www.ina-wissmann.de\/shop\/wp-json\/wp\/v2\/product"}],"about":[{"href":"https:\/\/www.ina-wissmann.de\/shop\/wp-json\/wp\/v2\/types\/product"}],"replies":[{"embeddable":true,"href":"https:\/\/www.ina-wissmann.de\/shop\/wp-json\/wp\/v2\/comments?post=4339"}],"wp:featuredmedia":[{"embeddable":true,"href":"https:\/\/www.ina-wissmann.de\/shop\/wp-json\/wp\/v2\/media\/4456"}],"wp:attachment":[{"href":"https:\/\/www.ina-wissmann.de\/shop\/wp-json\/wp\/v2\/media?parent=4339"}],"wp:term":[{"taxonomy":"product_brand","embeddable":true,"href":"https:\/\/www.ina-wissmann.de\/shop\/wp-json\/wp\/v2\/product_brand?post=4339"},{"taxonomy":"product_cat","embeddable":true,"href":"https:\/\/www.ina-wissmann.de\/shop\/wp-json\/wp\/v2\/product_cat?post=4339"},{"taxonomy":"product_tag","embeddable":true,"href":"https:\/\/www.ina-wissmann.de\/shop\/wp-json\/wp\/v2\/product_tag?post=4339"}],"curies":[{"name":"wp","href":"https:\/\/api.w.org\/{rel}","templated":true}]}}