{"id":4214,"date":"2024-11-21T15:57:17","date_gmt":"2024-11-21T14:57:17","guid":{"rendered":"https:\/\/ina-wissmann.de\/shop\/?post_type=product&#038;p=4214"},"modified":"2025-10-21T20:47:10","modified_gmt":"2025-10-21T18:47:10","slug":"schwarzer-turmalin-scheibenstein-poliert-flach-xl","status":"publish","type":"product","link":"https:\/\/www.ina-wissmann.de\/shop\/produkt\/schwarzer-turmalin-scheibenstein-poliert-flach-xl\/","title":{"rendered":"Schwarzer Turmalin Scheibenstein poliert flach XL"},"content":{"rendered":"<p>Schwarzer Turmalin Scheibenstein  ca. 3,5cm Durchmesser  <span style=display: inline !important; float: none; background-color: #ffffff; color: #333333; cursor: text; font-family: Georgia,'Times New Roman','Bitstream Charter',Times,serif; font-size: 16px; font-style: normal; font-variant: normal; font-weight: 400; letter-spacing: normal; orphans: 2; text-align: left; text-decoration: none; text-indent: 0px; text-transform: none; -webkit-text-stroke-width: 0px; white-space: normal; word-spacing: 0px;>Unterst\u00fctzt besseren Schlaf. Hilft sich gegen Einwirkungen von au\u00dfen zu sch\u00fctzen.<\/span><\/p>\n","protected":false},"excerpt":{"rendered":"<p>Schwarzer Turmalin Scheibenstein sehr flach mit super Politur. Turmalin eignet sich als Heilstein hervorragend f\u00fcr energetische Blockaden zum Beispiell im R\u00fcckenbereich. Er kann gut und unauff\u00e4llig aufgeklebt werden. Gr\u00f6\u00dfe XL ca. 4,5cm Der schwarze Turmalin, auch Sch\u00f6rl genannt, verringert Elektrosmog. Er kann vor Steckdosen aufgeklebt oder als gr\u00f6\u00dferer Brocken vor der WLAN-Box aufgestellt werden. Auch Wasseradern neutralisiert er gut.  Der schwarze Turmalin ist ein guter Schutzstein, wenn energetische Angriffe die Energie rauben. Als Schutzstein kann er er gut in der Hand gehalten werden. F\u00fcr \u00e4ngstliche Menschen ist er auch in der Hosentasche getragen eine gro\u00dfe Hilfe.<\/p>\n","protected":false},"featured_media":5648,"comment_status":"open","ping_status":"open","template":"","meta":[],"product_brand":[],"product_cat":[262,263,271,305,317,184,281,282],"product_tag":[],"class_list":{"0":"post-4214","1":"product","2":"type-product","3":"status-publish","4":"has-post-thumbnail","6":"product_cat-edelsteine","7":"product_cat-edelsteine-a-z","8":"product_cat-geburtssteine","9":"product_cat-heilsteine","10":"product_cat-heilsteine-nach-farben","11":"product_cat-schwarz","12":"product_cat-steinbock-22-12-20-01","13":"product_cat-zwilling-21-05-21-06","14":"product_shipping_class-paket","15":"post-wrapper","16":"thrv_wrapper","18":"first","19":"outofstock","20":"taxable","21":"shipping-taxable","22":"purchasable","23":"product-type-simple"},"jetpack_sharing_enabled":true,"_links":{"self":[{"href":"https:\/\/www.ina-wissmann.de\/shop\/wp-json\/wp\/v2\/product\/4214","targetHints":{"allow":["GET"]}}],"collection":[{"href":"https:\/\/www.ina-wissmann.de\/shop\/wp-json\/wp\/v2\/product"}],"about":[{"href":"https:\/\/www.ina-wissmann.de\/shop\/wp-json\/wp\/v2\/types\/product"}],"replies":[{"embeddable":true,"href":"https:\/\/www.ina-wissmann.de\/shop\/wp-json\/wp\/v2\/comments?post=4214"}],"wp:featuredmedia":[{"embeddable":true,"href":"https:\/\/www.ina-wissmann.de\/shop\/wp-json\/wp\/v2\/media\/5648"}],"wp:attachment":[{"href":"https:\/\/www.ina-wissmann.de\/shop\/wp-json\/wp\/v2\/media?parent=4214"}],"wp:term":[{"taxonomy":"product_brand","embeddable":true,"href":"https:\/\/www.ina-wissmann.de\/shop\/wp-json\/wp\/v2\/product_brand?post=4214"},{"taxonomy":"product_cat","embeddable":true,"href":"https:\/\/www.ina-wissmann.de\/shop\/wp-json\/wp\/v2\/product_cat?post=4214"},{"taxonomy":"product_tag","embeddable":true,"href":"https:\/\/www.ina-wissmann.de\/shop\/wp-json\/wp\/v2\/product_tag?post=4214"}],"curies":[{"name":"wp","href":"https:\/\/api.w.org\/{rel}","templated":true}]}}