{"id":4076,"date":"2024-11-21T15:57:17","date_gmt":"2024-11-21T14:57:17","guid":{"rendered":"https:\/\/ina-wissmann.de\/shop\/produkt\/clone-of-selenitstab-schmal-und-lang-14\/"},"modified":"2024-12-13T16:41:21","modified_gmt":"2024-12-13T15:41:21","slug":"selenit-kugel-ca-10cm-weiss","status":"publish","type":"product","link":"https:\/\/www.ina-wissmann.de\/shop\/produkt\/selenit-kugel-ca-10cm-weiss\/","title":{"rendered":"Selenit Kugel ca. 10cm wei\u00df"},"content":{"rendered":"<p>Wundersch\u00f6ne gro\u00dfe Selenitkugel<\/p>\n","protected":false},"excerpt":{"rendered":"<p>Gro\u00dfe Selenitkugel 2213g schwer, ca. 12cm Durchmesser Selenit reinigt lichtvoll negative Energien aus deinem System Er unterst\u00fctzt dich dabei, dich abzugrenzen und die Kontrolle zu wahren. Selenit verk\u00f6rpert Licht, Kraft &#038; Vitalit\u00e4t Mehr Info zur Anwendung findest du in meinem Blogartikel: <a href=https:\/\/www.ina-wissmann.de\/selenit-als-lichtbringer-nutzen\/> Selenit als Lichtbringer nutzen<\/a>  <\/p>\n","protected":false},"featured_media":4080,"comment_status":"open","ping_status":"open","template":"","meta":[],"product_brand":[],"product_cat":[262,263,337,305,317,765,174],"product_tag":[],"class_list":{"0":"post-4076","1":"product","2":"type-product","3":"status-publish","4":"has-post-thumbnail","6":"product_cat-edelsteine","7":"product_cat-edelsteine-a-z","8":"product_cat-energie-intuition","9":"product_cat-heilsteine","10":"product_cat-heilsteine-nach-farben","11":"product_cat-spiritualitaet-wachstum","12":"product_cat-weiss","13":"product_shipping_class-paket","14":"post-wrapper","15":"thrv_wrapper","17":"first","18":"instock","19":"taxable","20":"shipping-taxable","21":"purchasable","22":"product-type-simple"},"jetpack_sharing_enabled":true,"_links":{"self":[{"href":"https:\/\/www.ina-wissmann.de\/shop\/wp-json\/wp\/v2\/product\/4076","targetHints":{"allow":["GET"]}}],"collection":[{"href":"https:\/\/www.ina-wissmann.de\/shop\/wp-json\/wp\/v2\/product"}],"about":[{"href":"https:\/\/www.ina-wissmann.de\/shop\/wp-json\/wp\/v2\/types\/product"}],"replies":[{"embeddable":true,"href":"https:\/\/www.ina-wissmann.de\/shop\/wp-json\/wp\/v2\/comments?post=4076"}],"wp:featuredmedia":[{"embeddable":true,"href":"https:\/\/www.ina-wissmann.de\/shop\/wp-json\/wp\/v2\/media\/4080"}],"wp:attachment":[{"href":"https:\/\/www.ina-wissmann.de\/shop\/wp-json\/wp\/v2\/media?parent=4076"}],"wp:term":[{"taxonomy":"product_brand","embeddable":true,"href":"https:\/\/www.ina-wissmann.de\/shop\/wp-json\/wp\/v2\/product_brand?post=4076"},{"taxonomy":"product_cat","embeddable":true,"href":"https:\/\/www.ina-wissmann.de\/shop\/wp-json\/wp\/v2\/product_cat?post=4076"},{"taxonomy":"product_tag","embeddable":true,"href":"https:\/\/www.ina-wissmann.de\/shop\/wp-json\/wp\/v2\/product_tag?post=4076"}],"curies":[{"name":"wp","href":"https:\/\/api.w.org\/{rel}","templated":true}]}}