{"id":4057,"date":"2024-11-21T15:57:33","date_gmt":"2024-11-21T14:57:33","guid":{"rendered":"https:\/\/ina-wissmann.de\/shop\/produkt\/clone-of-selenitstab-schmal-und-lang-7\/"},"modified":"2024-12-13T16:41:26","modified_gmt":"2024-12-13T15:41:26","slug":"selenit-weiss-handschmeichler-seifenstein","status":"publish","type":"product","link":"https:\/\/www.ina-wissmann.de\/shop\/produkt\/selenit-weiss-handschmeichler-seifenstein\/","title":{"rendered":"Selenit wei\u00df Handschmeichler &#8211; Seifenstein"},"content":{"rendered":"<p>Handpolierter Selenit Fasergips in Seifenform als Handschmeichler aus Marokko<\/p>\n","protected":false},"excerpt":{"rendered":"<p>Selenit reinigt lichtvoll negative Energien aus deinem System Er unterst\u00fctzt dich dabei, dich abzugrenzen und die Kontrolle zu wahren. Selenit verk\u00f6rpert Licht, Kraft &amp; Vitalit\u00e4t Mehr Info zur Anwendung findest du in meinem Blogartikel: <a href=https:\/\/www.ina-wissmann.de\/selenit-als-lichtbringer-nutzen\/> Selenit als Lichtbringer nutzen<\/a><\/p>\n","protected":false},"featured_media":4685,"comment_status":"open","ping_status":"open","template":"","meta":[],"product_brand":[],"product_cat":[262,263,337,305,317,174],"product_tag":[],"class_list":{"0":"post-4057","1":"product","2":"type-product","3":"status-publish","4":"has-post-thumbnail","6":"product_cat-edelsteine","7":"product_cat-edelsteine-a-z","8":"product_cat-energie-intuition","9":"product_cat-heilsteine","10":"product_cat-heilsteine-nach-farben","11":"product_cat-weiss","12":"product_shipping_class-paket","13":"post-wrapper","14":"thrv_wrapper","16":"first","17":"instock","18":"taxable","19":"shipping-taxable","20":"purchasable","21":"product-type-simple"},"jetpack_sharing_enabled":true,"_links":{"self":[{"href":"https:\/\/www.ina-wissmann.de\/shop\/wp-json\/wp\/v2\/product\/4057","targetHints":{"allow":["GET"]}}],"collection":[{"href":"https:\/\/www.ina-wissmann.de\/shop\/wp-json\/wp\/v2\/product"}],"about":[{"href":"https:\/\/www.ina-wissmann.de\/shop\/wp-json\/wp\/v2\/types\/product"}],"replies":[{"embeddable":true,"href":"https:\/\/www.ina-wissmann.de\/shop\/wp-json\/wp\/v2\/comments?post=4057"}],"wp:featuredmedia":[{"embeddable":true,"href":"https:\/\/www.ina-wissmann.de\/shop\/wp-json\/wp\/v2\/media\/4685"}],"wp:attachment":[{"href":"https:\/\/www.ina-wissmann.de\/shop\/wp-json\/wp\/v2\/media?parent=4057"}],"wp:term":[{"taxonomy":"product_brand","embeddable":true,"href":"https:\/\/www.ina-wissmann.de\/shop\/wp-json\/wp\/v2\/product_brand?post=4057"},{"taxonomy":"product_cat","embeddable":true,"href":"https:\/\/www.ina-wissmann.de\/shop\/wp-json\/wp\/v2\/product_cat?post=4057"},{"taxonomy":"product_tag","embeddable":true,"href":"https:\/\/www.ina-wissmann.de\/shop\/wp-json\/wp\/v2\/product_tag?post=4057"}],"curies":[{"name":"wp","href":"https:\/\/api.w.org\/{rel}","templated":true}]}}