{"id":4051,"date":"2024-11-21T15:57:33","date_gmt":"2024-11-21T14:57:33","guid":{"rendered":"https:\/\/ina-wissmann.de\/shop\/produkt\/clone-of-selenitstab-schmal-und-lang\/"},"modified":"2024-12-13T16:41:25","modified_gmt":"2024-12-13T15:41:25","slug":"selenit-schale-weiss-rund-75-8cm","status":"publish","type":"product","link":"https:\/\/www.ina-wissmann.de\/shop\/produkt\/selenit-schale-weiss-rund-75-8cm\/","title":{"rendered":"Selenit Schale wei\u00df rund 7,5-8cm"},"content":{"rendered":"<p>Diese h\u00fcbsche Schale aus Selenit in weiss ist ideal geeignet, um deine Steine, Schmuck aufzubewahren oder auch N\u00fcsse etc. darzubieten in sch\u00f6nem Ambiente. Ein lichtvolles Aufbewahrungsgef\u00e4ss.<\/p>\n","protected":false},"excerpt":{"rendered":"<p>Selenit Schale Elfenbecher rund wei\u00df ca. 8cm Durchmesser.  Mit dieser Schale kannst du deine Steine energievoll aufbewahren, Kerzen oder Deko hineingeben, S\u00fc\u00dfigkeiten anbieten und vieles mehr. Dieser h\u00fcbsche Lichtbringer ist vielf\u00e4ltig und macht immer eine gute Figur.  Selenit reinigt lichtvoll negative Energien aus deinem System Er unterst\u00fctzt dich dabei, dich abzugrenzen und die Kontrolle zu wahren. Selenit verk\u00f6rpert Licht, Kraft &amp; Vitalit\u00e4t Mehr Info zur Anwendung findest du in meinem Blogartikel: <a href=https:\/\/www.ina-wissmann.de\/selenit-als-lichtbringer-nutzen\/> Selenit als Lichtbringer nutzen<\/a><\/p>\n","protected":false},"featured_media":4118,"comment_status":"open","ping_status":"open","template":"","meta":[],"product_brand":[],"product_cat":[262,263,305,317,765,174],"product_tag":[],"class_list":{"0":"post-4051","1":"product","2":"type-product","3":"status-publish","4":"has-post-thumbnail","6":"product_cat-edelsteine","7":"product_cat-edelsteine-a-z","8":"product_cat-heilsteine","9":"product_cat-heilsteine-nach-farben","10":"product_cat-spiritualitaet-wachstum","11":"product_cat-weiss","12":"product_shipping_class-paket","13":"post-wrapper","14":"thrv_wrapper","16":"first","17":"instock","18":"taxable","19":"shipping-taxable","20":"purchasable","21":"product-type-simple"},"jetpack_sharing_enabled":true,"_links":{"self":[{"href":"https:\/\/www.ina-wissmann.de\/shop\/wp-json\/wp\/v2\/product\/4051","targetHints":{"allow":["GET"]}}],"collection":[{"href":"https:\/\/www.ina-wissmann.de\/shop\/wp-json\/wp\/v2\/product"}],"about":[{"href":"https:\/\/www.ina-wissmann.de\/shop\/wp-json\/wp\/v2\/types\/product"}],"replies":[{"embeddable":true,"href":"https:\/\/www.ina-wissmann.de\/shop\/wp-json\/wp\/v2\/comments?post=4051"}],"wp:featuredmedia":[{"embeddable":true,"href":"https:\/\/www.ina-wissmann.de\/shop\/wp-json\/wp\/v2\/media\/4118"}],"wp:attachment":[{"href":"https:\/\/www.ina-wissmann.de\/shop\/wp-json\/wp\/v2\/media?parent=4051"}],"wp:term":[{"taxonomy":"product_brand","embeddable":true,"href":"https:\/\/www.ina-wissmann.de\/shop\/wp-json\/wp\/v2\/product_brand?post=4051"},{"taxonomy":"product_cat","embeddable":true,"href":"https:\/\/www.ina-wissmann.de\/shop\/wp-json\/wp\/v2\/product_cat?post=4051"},{"taxonomy":"product_tag","embeddable":true,"href":"https:\/\/www.ina-wissmann.de\/shop\/wp-json\/wp\/v2\/product_tag?post=4051"}],"curies":[{"name":"wp","href":"https:\/\/api.w.org\/{rel}","templated":true}]}}