{"id":4010,"date":"2024-11-21T15:26:48","date_gmt":"2024-11-21T14:26:48","guid":{"rendered":"https:\/\/ina-wissmann.de\/shop\/?post_type=product&#038;p=4010"},"modified":"2025-03-28T21:56:38","modified_gmt":"2025-03-28T20:56:38","slug":"12-steine-set-steineset-mit-12-gebohrten-anhaengern-2","status":"publish","type":"product","link":"https:\/\/www.ina-wissmann.de\/shop\/produkt\/12-steine-set-steineset-mit-12-gebohrten-anhaengern-2\/","title":{"rendered":"12 Steine Set &#8211; Steineset mit 12 gebohrten Anh\u00e4ngern"},"content":{"rendered":"<p>Das Set zum Einstauchen in die Welt der Steine und um die Steine besser kennen zu lernen.  Begleitendes Set f\u00fcr den Onlinekurs &#8211; 12 Steine f\u00fcr alle F\u00e4lle &#8211; Deine Alltags- &amp; Reiseapotheke, aber auch so ein hilfreiches Set f\u00fcr jeden Tag.<\/p>\n","protected":false},"excerpt":{"rendered":"<p>Deine Reiseapotheke aus Steinen. Das Set bestehend aus jeweils einem gebohrten:  Bergkristall, Amethyst, Magnesit, Calcit orange, Mondstein, Turmalin schwarz, Aquamarin, Aventurin, Rhodonit, Achat, Rosenquarz, Heliotrop  Die Trommelsteine sind gebohrt und ca. 3-4cm gro\u00df in diesem Set. Es ist ein braunes und ein schwarzes Lederband aus Ziegenleder inklusive, damit du die Steine auch tragen kannst. Du sparst an diesem Set \u20ac15,- gegen\u00fcber einem Einzelkauf.<\/p>\n","protected":false},"featured_media":4011,"comment_status":"open","ping_status":"open","template":"","meta":[],"product_brand":[],"product_cat":[262,178,280,377,640],"product_tag":[],"class_list":{"0":"post-4010","1":"product","2":"type-product","3":"status-publish","4":"has-post-thumbnail","6":"product_cat-edelsteine","7":"product_cat-gruen","8":"product_cat-jungfrau-24-08-23-09","9":"product_cat-neu-im-shop","10":"product_cat-steine-mit-h","11":"product_shipping_class-paket","12":"post-wrapper","13":"thrv_wrapper","15":"first","16":"instock","17":"taxable","18":"shipping-taxable","19":"purchasable","20":"product-type-simple"},"jetpack_sharing_enabled":true,"_links":{"self":[{"href":"https:\/\/www.ina-wissmann.de\/shop\/wp-json\/wp\/v2\/product\/4010","targetHints":{"allow":["GET"]}}],"collection":[{"href":"https:\/\/www.ina-wissmann.de\/shop\/wp-json\/wp\/v2\/product"}],"about":[{"href":"https:\/\/www.ina-wissmann.de\/shop\/wp-json\/wp\/v2\/types\/product"}],"replies":[{"embeddable":true,"href":"https:\/\/www.ina-wissmann.de\/shop\/wp-json\/wp\/v2\/comments?post=4010"}],"wp:featuredmedia":[{"embeddable":true,"href":"https:\/\/www.ina-wissmann.de\/shop\/wp-json\/wp\/v2\/media\/4011"}],"wp:attachment":[{"href":"https:\/\/www.ina-wissmann.de\/shop\/wp-json\/wp\/v2\/media?parent=4010"}],"wp:term":[{"taxonomy":"product_brand","embeddable":true,"href":"https:\/\/www.ina-wissmann.de\/shop\/wp-json\/wp\/v2\/product_brand?post=4010"},{"taxonomy":"product_cat","embeddable":true,"href":"https:\/\/www.ina-wissmann.de\/shop\/wp-json\/wp\/v2\/product_cat?post=4010"},{"taxonomy":"product_tag","embeddable":true,"href":"https:\/\/www.ina-wissmann.de\/shop\/wp-json\/wp\/v2\/product_tag?post=4010"}],"curies":[{"name":"wp","href":"https:\/\/api.w.org\/{rel}","templated":true}]}}