{"id":3752,"date":"2020-07-14T19:17:53","date_gmt":"2020-07-14T17:17:53","guid":{"rendered":"https:\/\/ina-wissmann.de\/shop\/?post_type=product&#038;p=3752"},"modified":"2026-04-01T13:17:05","modified_gmt":"2026-04-01T11:17:05","slug":"rhodonit-trommelstein","status":"publish","type":"product","link":"https:\/\/www.ina-wissmann.de\/shop\/produkt\/rhodonit-trommelstein\/","title":{"rendered":"Rhodonit Trommelstein"},"content":{"rendered":"<p>Vers\u00f6hnung &#8211; Liebe &#8211; Emotionale Wundheilung<\/p>\n","protected":false},"excerpt":{"rendered":"<p>Rhodonit Trommelstein, Abbildung \u00e4hnlich. Gr\u00f6\u00dfe ca.3cm, 39g<br \/>\nf\u00f6rdert gegenseitiges Verstehen, f\u00fcr geistige Wundheilung,<br \/>\nunterst\u00fctzt das Verzeihen<br \/>\nBeim Kauf bekommst du einen \u00e4hnlichen Stein.<\/p>\n","protected":false},"featured_media":6109,"comment_status":"closed","ping_status":"closed","template":"","meta":[],"product_brand":[],"product_cat":[694,262,263,636,275,271,272,210,305,317,177,322,650,700],"product_tag":[108,119,121,122,38,118,117,32,123,124,37,83,89,120],"class_list":{"0":"post-3752","1":"product","2":"type-product","3":"status-publish","4":"has-post-thumbnail","6":"product_cat-chakra-steine","7":"product_cat-edelsteine","8":"product_cat-edelsteine-a-z","9":"product_cat-edelsteine-nach-farben","10":"product_cat-fische-20-02-20-03","11":"product_cat-geburtssteine","12":"product_cat-geburtssteine-nach-sternzeichen","13":"product_cat-handschmeichler-rot","14":"product_cat-heilsteine","15":"product_cat-heilsteine-nach-farben","16":"product_cat-rot","17":"product_cat-rote-heilsteine","18":"product_cat-steine-mit-r","19":"product_cat-wurzelchakra","20":"product_tag-edelstein-anhaenger","21":"product_tag-edelsteinanhaenger","22":"product_tag-gebohrter-anhhaenger","23":"product_tag-geistige-wunden-heilen","24":"product_tag-gesundheit","25":"product_tag-kette","26":"product_tag-mineral","27":"product_tag-mineralien","28":"product_tag-rhodonit","29":"product_tag-rohstein","30":"product_tag-schmuck","31":"product_tag-steinheilkunde","32":"product_tag-taschenstein","33":"product_tag-trommelstein-anhaenger","34":"product_shipping_class-paket","35":"post-wrapper","36":"thrv_wrapper","38":"first","39":"instock","40":"taxable","41":"shipping-taxable","42":"purchasable","43":"product-type-simple"},"jetpack_sharing_enabled":true,"_links":{"self":[{"href":"https:\/\/www.ina-wissmann.de\/shop\/wp-json\/wp\/v2\/product\/3752","targetHints":{"allow":["GET"]}}],"collection":[{"href":"https:\/\/www.ina-wissmann.de\/shop\/wp-json\/wp\/v2\/product"}],"about":[{"href":"https:\/\/www.ina-wissmann.de\/shop\/wp-json\/wp\/v2\/types\/product"}],"replies":[{"embeddable":true,"href":"https:\/\/www.ina-wissmann.de\/shop\/wp-json\/wp\/v2\/comments?post=3752"}],"wp:featuredmedia":[{"embeddable":true,"href":"https:\/\/www.ina-wissmann.de\/shop\/wp-json\/wp\/v2\/media\/6109"}],"wp:attachment":[{"href":"https:\/\/www.ina-wissmann.de\/shop\/wp-json\/wp\/v2\/media?parent=3752"}],"wp:term":[{"taxonomy":"product_brand","embeddable":true,"href":"https:\/\/www.ina-wissmann.de\/shop\/wp-json\/wp\/v2\/product_brand?post=3752"},{"taxonomy":"product_cat","embeddable":true,"href":"https:\/\/www.ina-wissmann.de\/shop\/wp-json\/wp\/v2\/product_cat?post=3752"},{"taxonomy":"product_tag","embeddable":true,"href":"https:\/\/www.ina-wissmann.de\/shop\/wp-json\/wp\/v2\/product_tag?post=3752"}],"curies":[{"name":"wp","href":"https:\/\/api.w.org\/{rel}","templated":true}]}}