{"id":3691,"date":"2024-11-21T15:57:33","date_gmt":"2024-11-21T14:57:33","guid":{"rendered":"https:\/\/ina-wissmann.de\/shop\/?post_type=product&#038;p=3691"},"modified":"2024-12-13T16:41:24","modified_gmt":"2024-12-13T15:41:24","slug":"selenit-rohsteinset-zur-pyramiden-meditation","status":"publish","type":"product","link":"https:\/\/www.ina-wissmann.de\/shop\/produkt\/selenit-rohsteinset-zur-pyramiden-meditation\/","title":{"rendered":"Selenit Rohsteinset zur Pyramiden-Meditation"},"content":{"rendered":"<p>Selenit Rohsteine Gr\u00f6\u00dfe ca. 4-5cm lang Selenit reinigt lichtvoll negetive Energien aus deinem System Er unterst\u00fctzt dich dabei, dich abzugrenzen und die Kontrolle zu wahren.<\/p>\n","protected":false},"excerpt":{"rendered":"<p>Selenit Rohkristall &#8211; Mehr Info zur Anwendung findest du in meinem Blogartikel: <a href=https:\/\/www.ina-wissmann.de\/selenit-als-lichtbringer-nutzen\/> Selenit als Lichtbringen nutzen<\/a><\/p>\n","protected":false},"featured_media":3682,"comment_status":"open","ping_status":"open","template":"","meta":[],"product_brand":[],"product_cat":[262,263,305,317,173,174],"product_tag":[],"class_list":{"0":"post-3691","1":"product","2":"type-product","3":"status-publish","4":"has-post-thumbnail","6":"product_cat-edelsteine","7":"product_cat-edelsteine-a-z","8":"product_cat-heilsteine","9":"product_cat-heilsteine-nach-farben","10":"product_cat-kristalle","11":"product_cat-weiss","12":"product_shipping_class-paket","13":"post-wrapper","14":"thrv_wrapper","16":"first","17":"instock","18":"taxable","19":"shipping-taxable","20":"purchasable","21":"product-type-simple"},"jetpack_sharing_enabled":true,"_links":{"self":[{"href":"https:\/\/www.ina-wissmann.de\/shop\/wp-json\/wp\/v2\/product\/3691","targetHints":{"allow":["GET"]}}],"collection":[{"href":"https:\/\/www.ina-wissmann.de\/shop\/wp-json\/wp\/v2\/product"}],"about":[{"href":"https:\/\/www.ina-wissmann.de\/shop\/wp-json\/wp\/v2\/types\/product"}],"replies":[{"embeddable":true,"href":"https:\/\/www.ina-wissmann.de\/shop\/wp-json\/wp\/v2\/comments?post=3691"}],"wp:featuredmedia":[{"embeddable":true,"href":"https:\/\/www.ina-wissmann.de\/shop\/wp-json\/wp\/v2\/media\/3682"}],"wp:attachment":[{"href":"https:\/\/www.ina-wissmann.de\/shop\/wp-json\/wp\/v2\/media?parent=3691"}],"wp:term":[{"taxonomy":"product_brand","embeddable":true,"href":"https:\/\/www.ina-wissmann.de\/shop\/wp-json\/wp\/v2\/product_brand?post=3691"},{"taxonomy":"product_cat","embeddable":true,"href":"https:\/\/www.ina-wissmann.de\/shop\/wp-json\/wp\/v2\/product_cat?post=3691"},{"taxonomy":"product_tag","embeddable":true,"href":"https:\/\/www.ina-wissmann.de\/shop\/wp-json\/wp\/v2\/product_tag?post=3691"}],"curies":[{"name":"wp","href":"https:\/\/api.w.org\/{rel}","templated":true}]}}