{"id":3507,"date":"2020-05-28T21:03:27","date_gmt":"2020-05-28T19:03:27","guid":{"rendered":"https:\/\/ina-wissmann.de\/shop\/?post_type=product&#038;p=3507"},"modified":"2024-03-06T19:46:22","modified_gmt":"2024-03-06T18:46:22","slug":"amethyst-druse-amethystplatte","status":"publish","type":"product","link":"https:\/\/www.ina-wissmann.de\/shop\/produkt\/amethyst-druse-amethystplatte\/","title":{"rendered":"Amethyst Druse Amethystplatte"},"content":{"rendered":"<p>Wundersch\u00f6ne Amethystplatte mit sch\u00f6nen grossen Spitzen in sch\u00f6ner violetter Farbe. Im Raum aufgestellt ist sie ein toller Raumharmonisierer.<\/p>\n","protected":false},"excerpt":{"rendered":"<p>Wundersch\u00f6ne Amethystplatte mit sch\u00f6nen grossen Spitzen in sch\u00f6ner violetter Farbe. Im Raum aufgestellt ist sie ein toller Raumharmonisierer.<\/p>\n","protected":false},"featured_media":1361,"comment_status":"open","ping_status":"closed","template":"","meta":[],"product_brand":[],"product_cat":[289,262,263,636,305,317,217,633,180,324],"product_tag":[],"class_list":{"0":"post-3507","1":"product","2":"type-product","3":"status-publish","4":"has-post-thumbnail","6":"product_cat-amethyst-drusen-und-geoden","7":"product_cat-edelsteine","8":"product_cat-edelsteine-a-z","9":"product_cat-edelsteine-nach-farben","10":"product_cat-heilsteine","11":"product_cat-heilsteine-nach-farben","12":"product_cat-rohsteine-violett","13":"product_cat-steine-mit-a","14":"product_cat-violett","15":"product_cat-violette-heilsteine","16":"product_shipping_class-paket","17":"post-wrapper","18":"thrv_wrapper","20":"first","21":"instock","22":"taxable","23":"shipping-taxable","24":"purchasable","25":"product-type-simple"},"jetpack_sharing_enabled":true,"_links":{"self":[{"href":"https:\/\/www.ina-wissmann.de\/shop\/wp-json\/wp\/v2\/product\/3507","targetHints":{"allow":["GET"]}}],"collection":[{"href":"https:\/\/www.ina-wissmann.de\/shop\/wp-json\/wp\/v2\/product"}],"about":[{"href":"https:\/\/www.ina-wissmann.de\/shop\/wp-json\/wp\/v2\/types\/product"}],"replies":[{"embeddable":true,"href":"https:\/\/www.ina-wissmann.de\/shop\/wp-json\/wp\/v2\/comments?post=3507"}],"wp:featuredmedia":[{"embeddable":true,"href":"https:\/\/www.ina-wissmann.de\/shop\/wp-json\/wp\/v2\/media\/1361"}],"wp:attachment":[{"href":"https:\/\/www.ina-wissmann.de\/shop\/wp-json\/wp\/v2\/media?parent=3507"}],"wp:term":[{"taxonomy":"product_brand","embeddable":true,"href":"https:\/\/www.ina-wissmann.de\/shop\/wp-json\/wp\/v2\/product_brand?post=3507"},{"taxonomy":"product_cat","embeddable":true,"href":"https:\/\/www.ina-wissmann.de\/shop\/wp-json\/wp\/v2\/product_cat?post=3507"},{"taxonomy":"product_tag","embeddable":true,"href":"https:\/\/www.ina-wissmann.de\/shop\/wp-json\/wp\/v2\/product_tag?post=3507"}],"curies":[{"name":"wp","href":"https:\/\/api.w.org\/{rel}","templated":true}]}}