{"id":3316,"date":"2020-05-03T12:03:27","date_gmt":"2020-05-03T10:03:27","guid":{"rendered":"https:\/\/ina-wissmann.de\/shop\/?post_type=product&#038;p=3316"},"modified":"2026-04-07T17:43:49","modified_gmt":"2026-04-07T15:43:49","slug":"lederband-verschluss-karabiner","status":"publish","type":"product","link":"https:\/\/www.ina-wissmann.de\/shop\/produkt\/lederband-verschluss-karabiner\/","title":{"rendered":"Lederband Ziegenleder 1,2mm mit Karabiner-Verschlu\u00df div L\u00e4ngen, passend f\u00fcr alle Steinbohrungen"},"content":{"rendered":"<p>Lederband aus farbechtem Ziegenleder 1,2mm mit Karabiner-Verschlu\u00df, passend f\u00fcr alle Steinbohrungen<\/p>\n<p>Bei Bestellung bitte Farb- und Gr\u00f6\u00dfenauswahl treffen<\/p>\n","protected":false},"excerpt":{"rendered":"<p>Lederband Ziegenleder mit Karabiner-Verschlu\u00df- bitte L\u00e4nge und Farbe w\u00e4hlen<\/p>\n","protected":false},"featured_media":15864,"comment_status":"open","ping_status":"closed","template":"","meta":[],"product_brand":[],"product_cat":[626,753,752],"product_tag":[536,584,586,585,537],"class_list":{"0":"post-3316","1":"product","2":"type-product","3":"status-publish","4":"has-post-thumbnail","6":"product_cat-edelsteine-zubehoer","7":"product_cat-ketten","8":"product_cat-schmuck","9":"product_tag-lederband","10":"product_tag-lederband-mit-karabiner","11":"product_tag-lederband-mit-karabinerschluss","12":"product_tag-lederband-mit-verschluss","13":"product_tag-lederbaender","14":"product_shipping_class-paket","15":"post-wrapper","16":"thrv_wrapper","18":"first","19":"instock","20":"taxable","21":"shipping-taxable","22":"purchasable","23":"product-type-variable","24":"has-default-attributes"},"jetpack_sharing_enabled":true,"_links":{"self":[{"href":"https:\/\/www.ina-wissmann.de\/shop\/wp-json\/wp\/v2\/product\/3316","targetHints":{"allow":["GET"]}}],"collection":[{"href":"https:\/\/www.ina-wissmann.de\/shop\/wp-json\/wp\/v2\/product"}],"about":[{"href":"https:\/\/www.ina-wissmann.de\/shop\/wp-json\/wp\/v2\/types\/product"}],"replies":[{"embeddable":true,"href":"https:\/\/www.ina-wissmann.de\/shop\/wp-json\/wp\/v2\/comments?post=3316"}],"wp:featuredmedia":[{"embeddable":true,"href":"https:\/\/www.ina-wissmann.de\/shop\/wp-json\/wp\/v2\/media\/15864"}],"wp:attachment":[{"href":"https:\/\/www.ina-wissmann.de\/shop\/wp-json\/wp\/v2\/media?parent=3316"}],"wp:term":[{"taxonomy":"product_brand","embeddable":true,"href":"https:\/\/www.ina-wissmann.de\/shop\/wp-json\/wp\/v2\/product_brand?post=3316"},{"taxonomy":"product_cat","embeddable":true,"href":"https:\/\/www.ina-wissmann.de\/shop\/wp-json\/wp\/v2\/product_cat?post=3316"},{"taxonomy":"product_tag","embeddable":true,"href":"https:\/\/www.ina-wissmann.de\/shop\/wp-json\/wp\/v2\/product_tag?post=3316"}],"curies":[{"name":"wp","href":"https:\/\/api.w.org\/{rel}","templated":true}]}}