{"id":3277,"date":"2020-05-12T13:07:37","date_gmt":"2020-05-12T11:07:37","guid":{"rendered":"https:\/\/ina-wissmann.de\/shop\/?post_type=product&#038;p=3277"},"modified":"2024-03-06T17:30:02","modified_gmt":"2024-03-06T16:30:02","slug":"flint-trommelstein-anhaenger-gebohrt","status":"publish","type":"product","link":"https:\/\/www.ina-wissmann.de\/shop\/produkt\/flint-trommelstein-anhaenger-gebohrt\/","title":{"rendered":"Flint Trommelstein Anh\u00e4nger gebohrt"},"content":{"rendered":"<p><span>Flint Trommelstein Anh\u00e4nger, gebohrt f\u00fcr Lederband oder Kette<\/span><\/p>\n<p>ca. 4,4 x 2,5 x 1,4cm, 22g<\/p>\n<p>Der Flint, oder auch Feuerstein, hilft sich zu beruhigen und gelassen zu bleiben. Er unterst\u00fctzt bessere Kommunikation.<\/p>\n","protected":false},"excerpt":{"rendered":"<p>Flint Trommelstein Anh\u00e4nger, gebohrt f\u00fcr Lederband oder Kette<\/p>\n","protected":false},"featured_media":2420,"comment_status":"open","ping_status":"closed","template":"","meta":[],"product_brand":[],"product_cat":[197,262,263,636,183,386,305,317,639],"product_tag":[],"class_list":{"0":"post-3277","1":"product","2":"type-product","3":"status-publish","4":"has-post-thumbnail","6":"product_cat-anhaenger-grau","7":"product_cat-edelsteine","8":"product_cat-edelsteine-a-z","9":"product_cat-edelsteine-nach-farben","10":"product_cat-graue","11":"product_cat-graue-heilsteine","12":"product_cat-heilsteine","13":"product_cat-heilsteine-nach-farben","14":"product_cat-steine-mit-f","15":"product_shipping_class-paket","16":"post-wrapper","17":"thrv_wrapper","19":"first","20":"outofstock","21":"taxable","22":"shipping-taxable","23":"purchasable","24":"product-type-simple"},"jetpack_sharing_enabled":true,"_links":{"self":[{"href":"https:\/\/www.ina-wissmann.de\/shop\/wp-json\/wp\/v2\/product\/3277","targetHints":{"allow":["GET"]}}],"collection":[{"href":"https:\/\/www.ina-wissmann.de\/shop\/wp-json\/wp\/v2\/product"}],"about":[{"href":"https:\/\/www.ina-wissmann.de\/shop\/wp-json\/wp\/v2\/types\/product"}],"replies":[{"embeddable":true,"href":"https:\/\/www.ina-wissmann.de\/shop\/wp-json\/wp\/v2\/comments?post=3277"}],"wp:featuredmedia":[{"embeddable":true,"href":"https:\/\/www.ina-wissmann.de\/shop\/wp-json\/wp\/v2\/media\/2420"}],"wp:attachment":[{"href":"https:\/\/www.ina-wissmann.de\/shop\/wp-json\/wp\/v2\/media?parent=3277"}],"wp:term":[{"taxonomy":"product_brand","embeddable":true,"href":"https:\/\/www.ina-wissmann.de\/shop\/wp-json\/wp\/v2\/product_brand?post=3277"},{"taxonomy":"product_cat","embeddable":true,"href":"https:\/\/www.ina-wissmann.de\/shop\/wp-json\/wp\/v2\/product_cat?post=3277"},{"taxonomy":"product_tag","embeddable":true,"href":"https:\/\/www.ina-wissmann.de\/shop\/wp-json\/wp\/v2\/product_tag?post=3277"}],"curies":[{"name":"wp","href":"https:\/\/api.w.org\/{rel}","templated":true}]}}