{"id":3215,"date":"2024-11-21T15:58:55","date_gmt":"2024-11-21T14:58:55","guid":{"rendered":"https:\/\/ina-wissmann.de\/shop\/?post_type=product&#038;p=3215"},"modified":"2024-12-13T16:42:09","modified_gmt":"2024-12-13T15:42:09","slug":"skapolith-kristall-anhaenger-gebohrt-gr-m","status":"publish","type":"product","link":"https:\/\/www.ina-wissmann.de\/shop\/produkt\/skapolith-kristall-anhaenger-gebohrt-gr-m\/","title":{"rendered":"Skapolith Kristall Anh\u00e4nger gebohrt Gr.M"},"content":{"rendered":"<p>Skapolith Kristall Anh\u00e4nger, gebohrt f\u00fcr Lederband oder Kette  Gr.L  Hilft die Stimmung aufzuhellen und Lebensmut zu finden. Er unterst\u00fctzt dabei sich selbst und seinen \u00dcberzeugungen treu zu bleiben.  &nbsp;<\/p>\n","protected":false},"excerpt":{"rendered":"<p><span style=display: inline !important; float: none; background-color: #ffffff; color: #333333; cursor: text; font-family: Georgia,'Times New Roman','Bitstream Charter',Times,serif; font-size: 16px; font-style: normal; font-variant: normal; font-weight: 400; letter-spacing: normal; orphans: 2; text-align: left; text-decoration: none; text-indent: 0px; text-transform: none; -webkit-text-stroke-width: 0px; white-space: normal; word-spacing: 0px;>Skapolith Kristall Anh\u00e4nger, gebohrt f\u00fcr Lederband oder Kette<\/span><\/p>\n","protected":false},"featured_media":0,"comment_status":"open","ping_status":"open","template":"","meta":[],"product_brand":[],"product_cat":[262,263,175,305,317,172],"product_tag":[],"class_list":{"0":"post-3215","1":"product","2":"type-product","3":"status-publish","5":"product_cat-edelsteine","6":"product_cat-edelsteine-a-z","7":"product_cat-gelbe-heilsteine-kaufen","8":"product_cat-heilsteine","9":"product_cat-heilsteine-nach-farben","10":"product_cat-transparent","11":"product_shipping_class-paket","12":"post-wrapper","13":"thrv_wrapper","15":"first","16":"instock","17":"taxable","18":"shipping-taxable","19":"purchasable","20":"product-type-simple"},"jetpack_sharing_enabled":true,"_links":{"self":[{"href":"https:\/\/www.ina-wissmann.de\/shop\/wp-json\/wp\/v2\/product\/3215","targetHints":{"allow":["GET"]}}],"collection":[{"href":"https:\/\/www.ina-wissmann.de\/shop\/wp-json\/wp\/v2\/product"}],"about":[{"href":"https:\/\/www.ina-wissmann.de\/shop\/wp-json\/wp\/v2\/types\/product"}],"replies":[{"embeddable":true,"href":"https:\/\/www.ina-wissmann.de\/shop\/wp-json\/wp\/v2\/comments?post=3215"}],"wp:attachment":[{"href":"https:\/\/www.ina-wissmann.de\/shop\/wp-json\/wp\/v2\/media?parent=3215"}],"wp:term":[{"taxonomy":"product_brand","embeddable":true,"href":"https:\/\/www.ina-wissmann.de\/shop\/wp-json\/wp\/v2\/product_brand?post=3215"},{"taxonomy":"product_cat","embeddable":true,"href":"https:\/\/www.ina-wissmann.de\/shop\/wp-json\/wp\/v2\/product_cat?post=3215"},{"taxonomy":"product_tag","embeddable":true,"href":"https:\/\/www.ina-wissmann.de\/shop\/wp-json\/wp\/v2\/product_tag?post=3215"}],"curies":[{"name":"wp","href":"https:\/\/api.w.org\/{rel}","templated":true}]}}