{"id":3189,"date":"2020-05-21T10:04:46","date_gmt":"2020-05-21T08:04:46","guid":{"rendered":"https:\/\/ina-wissmann.de\/shop\/?post_type=product&#038;p=3189"},"modified":"2024-10-16T07:14:20","modified_gmt":"2024-10-16T05:14:20","slug":"ulexit-gross","status":"publish","type":"product","link":"https:\/\/www.ina-wissmann.de\/shop\/produkt\/ulexit-gross\/","title":{"rendered":"Ulexit TV-Stein, Gr.L 3cm"},"content":{"rendered":"<p><span>Ulexit gro\u00df<\/span><\/p>\n<p>ca. 3,6 x 3,3 x 1,3cm, 24g<\/p>\n<p><span style=\"display: inline !important; float: none; background-color: #ffffff; color: #333333; cursor: text; font-family: Georgia,'Times New Roman','Bitstream Charter',Times,serif; font-size: 16px; font-style: normal; font-variant: normal; font-weight: 400; letter-spacing: normal; orphans: 2; text-align: left; text-decoration: none; text-indent: 0px; text-transform: none; -webkit-text-stroke-width: 0px; white-space: normal; word-spacing: 0px;\">Unterst\u00fctzt, die Dinge so zu sehen, wie sie sind, ist aufbauend und stabilisieren bei pl\u00f6tzlichen Tiefs.<\/span><\/p>\n","protected":false},"excerpt":{"rendered":"<p>Ulexit gro\u00df ca. 3,6 x 3,3 x 1,3cm, 24g Unterst\u00fctzt, die Dinge so zu sehen, wie sie sind, ist aufbauend und stabilisieren bei pl\u00f6tzlichen Tiefs.<\/p>\n","protected":false},"featured_media":2464,"comment_status":"open","ping_status":"closed","template":"","meta":[],"product_brand":[],"product_cat":[220,262,263,636,305,317,653,174,326],"product_tag":[],"class_list":{"0":"post-3189","1":"product","2":"type-product","3":"status-publish","4":"has-post-thumbnail","6":"product_cat-rohsteine-weiss","7":"product_cat-edelsteine","8":"product_cat-edelsteine-a-z","9":"product_cat-edelsteine-nach-farben","10":"product_cat-heilsteine","11":"product_cat-heilsteine-nach-farben","12":"product_cat-steine-mit-u","13":"product_cat-weiss","14":"product_cat-weisse-heilsteine","15":"product_shipping_class-paket","16":"post-wrapper","17":"thrv_wrapper","19":"first","20":"instock","21":"taxable","22":"shipping-taxable","23":"purchasable","24":"product-type-simple"},"jetpack_sharing_enabled":true,"_links":{"self":[{"href":"https:\/\/www.ina-wissmann.de\/shop\/wp-json\/wp\/v2\/product\/3189","targetHints":{"allow":["GET"]}}],"collection":[{"href":"https:\/\/www.ina-wissmann.de\/shop\/wp-json\/wp\/v2\/product"}],"about":[{"href":"https:\/\/www.ina-wissmann.de\/shop\/wp-json\/wp\/v2\/types\/product"}],"replies":[{"embeddable":true,"href":"https:\/\/www.ina-wissmann.de\/shop\/wp-json\/wp\/v2\/comments?post=3189"}],"wp:featuredmedia":[{"embeddable":true,"href":"https:\/\/www.ina-wissmann.de\/shop\/wp-json\/wp\/v2\/media\/2464"}],"wp:attachment":[{"href":"https:\/\/www.ina-wissmann.de\/shop\/wp-json\/wp\/v2\/media?parent=3189"}],"wp:term":[{"taxonomy":"product_brand","embeddable":true,"href":"https:\/\/www.ina-wissmann.de\/shop\/wp-json\/wp\/v2\/product_brand?post=3189"},{"taxonomy":"product_cat","embeddable":true,"href":"https:\/\/www.ina-wissmann.de\/shop\/wp-json\/wp\/v2\/product_cat?post=3189"},{"taxonomy":"product_tag","embeddable":true,"href":"https:\/\/www.ina-wissmann.de\/shop\/wp-json\/wp\/v2\/product_tag?post=3189"}],"curies":[{"name":"wp","href":"https:\/\/api.w.org\/{rel}","templated":true}]}}