{"id":3123,"date":"2020-06-09T20:13:55","date_gmt":"2020-06-09T18:13:55","guid":{"rendered":"https:\/\/ina-wissmann.de\/shop\/?post_type=product&#038;p=3123"},"modified":"2024-10-16T07:19:56","modified_gmt":"2024-10-16T05:19:56","slug":"schneequarz-trommelstein","status":"publish","type":"product","link":"https:\/\/www.ina-wissmann.de\/shop\/produkt\/schneequarz-trommelstein\/","title":{"rendered":"Schneequarz Trommelstein"},"content":{"rendered":"<p>Schneequarz Trommelstein<\/p>\n<p>ca. 2,1 x 2 x 2cm, 12g<\/p>\n<p>&nbsp;<\/p>\n","protected":false},"excerpt":{"rendered":"<p>Schneequarz Trommelstein ca. 3cm<br \/>\nUnterst\u00fctzt das Erkennen der eigenen St\u00e4rken und F\u00e4higkeiten. Hilft dir, mit mehr Achtsamkeit durchs Leben zu gehen.<\/p>\n","protected":false},"featured_media":3040,"comment_status":"open","ping_status":"closed","template":"","meta":[],"product_brand":[],"product_cat":[263,262,636,219,305,317,651,174,326],"product_tag":[],"class_list":{"0":"post-3123","1":"product","2":"type-product","3":"status-publish","4":"has-post-thumbnail","6":"product_cat-edelsteine-a-z","7":"product_cat-edelsteine","8":"product_cat-edelsteine-nach-farben","9":"product_cat-handschmeichler-weiss","10":"product_cat-heilsteine","11":"product_cat-heilsteine-nach-farben","12":"product_cat-steine-mit-s","13":"product_cat-weiss","14":"product_cat-weisse-heilsteine","15":"product_shipping_class-paket","16":"post-wrapper","17":"thrv_wrapper","19":"first","20":"instock","21":"taxable","22":"shipping-taxable","23":"purchasable","24":"product-type-variable"},"jetpack_sharing_enabled":true,"_links":{"self":[{"href":"https:\/\/www.ina-wissmann.de\/shop\/wp-json\/wp\/v2\/product\/3123","targetHints":{"allow":["GET"]}}],"collection":[{"href":"https:\/\/www.ina-wissmann.de\/shop\/wp-json\/wp\/v2\/product"}],"about":[{"href":"https:\/\/www.ina-wissmann.de\/shop\/wp-json\/wp\/v2\/types\/product"}],"replies":[{"embeddable":true,"href":"https:\/\/www.ina-wissmann.de\/shop\/wp-json\/wp\/v2\/comments?post=3123"}],"wp:featuredmedia":[{"embeddable":true,"href":"https:\/\/www.ina-wissmann.de\/shop\/wp-json\/wp\/v2\/media\/3040"}],"wp:attachment":[{"href":"https:\/\/www.ina-wissmann.de\/shop\/wp-json\/wp\/v2\/media?parent=3123"}],"wp:term":[{"taxonomy":"product_brand","embeddable":true,"href":"https:\/\/www.ina-wissmann.de\/shop\/wp-json\/wp\/v2\/product_brand?post=3123"},{"taxonomy":"product_cat","embeddable":true,"href":"https:\/\/www.ina-wissmann.de\/shop\/wp-json\/wp\/v2\/product_cat?post=3123"},{"taxonomy":"product_tag","embeddable":true,"href":"https:\/\/www.ina-wissmann.de\/shop\/wp-json\/wp\/v2\/product_tag?post=3123"}],"curies":[{"name":"wp","href":"https:\/\/api.w.org\/{rel}","templated":true}]}}