{"id":2938,"date":"2020-06-09T21:55:41","date_gmt":"2020-06-09T19:55:41","guid":{"rendered":"https:\/\/ina-wissmann.de\/shop\/?post_type=product&#038;p=2938"},"modified":"2024-10-16T11:45:20","modified_gmt":"2024-10-16T09:45:20","slug":"vesuvian-trommelstein-gebohrt","status":"publish","type":"product","link":"https:\/\/www.ina-wissmann.de\/shop\/produkt\/vesuvian-trommelstein-gebohrt\/","title":{"rendered":"Vesuvian Trommelstein gebohrt Gr. M"},"content":{"rendered":"<p>Vesuvian Trommelstein, gebohrt f\u00fcr Lederband oder Kette<\/p>\n<p>ca. 2,7 x 2,3 x 1,3 cm, 14g<\/p>\n<p><span style=\"display: inline !important; float: none; background-color: #ffffff; color: #333333; cursor: text; font-family: Georgia,'Times New Roman','Bitstream Charter',Times,serif; font-size: 16px; font-style: normal; font-variant: normal; font-weight: 400; letter-spacing: normal; orphans: 2; text-align: left; text-decoration: none; text-indent: 0px; text-transform: none; -webkit-text-stroke-width: 0px; white-space: normal; word-spacing: 0px;\">unterst\u00fctzt uns, Gewohnheiten und \u00c4ngste zu \u00fcberwinden, l\u00e4sst uns Masken und Fassaden abnehmen<\/span><\/p>\n","protected":false},"excerpt":{"rendered":"<p>Vesuvian Trommelstein, gebohrt f\u00fcr Lederband oder Kette<\/p>\n","protected":false},"featured_media":0,"comment_status":"open","ping_status":"closed","template":"","meta":[],"product_brand":[],"product_cat":[263,200,262,636,178,321,305,317,654],"product_tag":[],"class_list":{"0":"post-2938","1":"product","2":"type-product","3":"status-publish","5":"product_cat-edelsteine-a-z","6":"product_cat-anhaenger-gruen","7":"product_cat-edelsteine","8":"product_cat-edelsteine-nach-farben","9":"product_cat-gruen","10":"product_cat-gruene-heilsteine","11":"product_cat-heilsteine","12":"product_cat-heilsteine-nach-farben","13":"product_cat-steine-mit-v","14":"product_shipping_class-paket","15":"post-wrapper","16":"thrv_wrapper","18":"first","19":"instock","20":"taxable","21":"shipping-taxable","22":"purchasable","23":"product-type-simple"},"jetpack_sharing_enabled":true,"_links":{"self":[{"href":"https:\/\/www.ina-wissmann.de\/shop\/wp-json\/wp\/v2\/product\/2938","targetHints":{"allow":["GET"]}}],"collection":[{"href":"https:\/\/www.ina-wissmann.de\/shop\/wp-json\/wp\/v2\/product"}],"about":[{"href":"https:\/\/www.ina-wissmann.de\/shop\/wp-json\/wp\/v2\/types\/product"}],"replies":[{"embeddable":true,"href":"https:\/\/www.ina-wissmann.de\/shop\/wp-json\/wp\/v2\/comments?post=2938"}],"wp:attachment":[{"href":"https:\/\/www.ina-wissmann.de\/shop\/wp-json\/wp\/v2\/media?parent=2938"}],"wp:term":[{"taxonomy":"product_brand","embeddable":true,"href":"https:\/\/www.ina-wissmann.de\/shop\/wp-json\/wp\/v2\/product_brand?post=2938"},{"taxonomy":"product_cat","embeddable":true,"href":"https:\/\/www.ina-wissmann.de\/shop\/wp-json\/wp\/v2\/product_cat?post=2938"},{"taxonomy":"product_tag","embeddable":true,"href":"https:\/\/www.ina-wissmann.de\/shop\/wp-json\/wp\/v2\/product_tag?post=2938"}],"curies":[{"name":"wp","href":"https:\/\/api.w.org\/{rel}","templated":true}]}}