{"id":2914,"date":"2020-06-11T21:41:41","date_gmt":"2020-06-11T19:41:41","guid":{"rendered":"https:\/\/ina-wissmann.de\/shop\/?post_type=product&#038;p=2914"},"modified":"2025-03-24T13:46:02","modified_gmt":"2025-03-24T12:46:02","slug":"selenit-trommelstein","status":"publish","type":"product","link":"https:\/\/www.ina-wissmann.de\/shop\/produkt\/selenit-trommelstein\/","title":{"rendered":"Selenit Trommelstein"},"content":{"rendered":"<p>Reinigung &#8211; Erdung &#8211; Abgrenzung<\/p>\n<p>&nbsp;<\/p>\n","protected":false},"excerpt":{"rendered":"<p>Selenit Trommelstein<\/p>\n<p>ca. 2,4 x 2,3 x 2 cm, 17g<\/p>\n<p>Unterst\u00fctzt bei Hyperaktivit\u00e4t ruhig zu bleiben. Hilft eigene Muster wahrzunehmen und sie aufzul\u00f6sen.<\/p>\n","protected":false},"featured_media":2491,"comment_status":"open","ping_status":"closed","template":"","meta":[],"product_brand":[],"product_cat":[263,262,636,337,219,305,317,771,767,765,651,174,326],"product_tag":[],"class_list":{"0":"post-2914","1":"product","2":"type-product","3":"status-publish","4":"has-post-thumbnail","6":"product_cat-edelsteine-a-z","7":"product_cat-edelsteine","8":"product_cat-edelsteine-nach-farben","9":"product_cat-energie-intuition","10":"product_cat-handschmeichler-weiss","11":"product_cat-heilsteine","12":"product_cat-heilsteine-nach-farben","13":"product_cat-reinigung-klaerung","14":"product_cat-schutz-stabilitaet","15":"product_cat-spiritualitaet-wachstum","16":"product_cat-steine-mit-s","17":"product_cat-weiss","18":"product_cat-weisse-heilsteine","19":"product_shipping_class-paket","20":"post-wrapper","21":"thrv_wrapper","23":"first","24":"instock","25":"taxable","26":"shipping-taxable","27":"purchasable","28":"product-type-simple"},"jetpack_sharing_enabled":true,"_links":{"self":[{"href":"https:\/\/www.ina-wissmann.de\/shop\/wp-json\/wp\/v2\/product\/2914","targetHints":{"allow":["GET"]}}],"collection":[{"href":"https:\/\/www.ina-wissmann.de\/shop\/wp-json\/wp\/v2\/product"}],"about":[{"href":"https:\/\/www.ina-wissmann.de\/shop\/wp-json\/wp\/v2\/types\/product"}],"replies":[{"embeddable":true,"href":"https:\/\/www.ina-wissmann.de\/shop\/wp-json\/wp\/v2\/comments?post=2914"}],"wp:featuredmedia":[{"embeddable":true,"href":"https:\/\/www.ina-wissmann.de\/shop\/wp-json\/wp\/v2\/media\/2491"}],"wp:attachment":[{"href":"https:\/\/www.ina-wissmann.de\/shop\/wp-json\/wp\/v2\/media?parent=2914"}],"wp:term":[{"taxonomy":"product_brand","embeddable":true,"href":"https:\/\/www.ina-wissmann.de\/shop\/wp-json\/wp\/v2\/product_brand?post=2914"},{"taxonomy":"product_cat","embeddable":true,"href":"https:\/\/www.ina-wissmann.de\/shop\/wp-json\/wp\/v2\/product_cat?post=2914"},{"taxonomy":"product_tag","embeddable":true,"href":"https:\/\/www.ina-wissmann.de\/shop\/wp-json\/wp\/v2\/product_tag?post=2914"}],"curies":[{"name":"wp","href":"https:\/\/api.w.org\/{rel}","templated":true}]}}