{"id":240,"date":"2018-01-01T11:59:31","date_gmt":"2018-01-01T10:59:31","guid":{"rendered":"http:\/\/inasshop.iwina.de\/?post_type=product&#038;p=240"},"modified":"2026-04-29T17:33:27","modified_gmt":"2026-04-29T15:33:27","slug":"pflanzenhelfer-kartenset-mit-buch-von-thomas-kinkele","status":"publish","type":"product","link":"https:\/\/www.ina-wissmann.de\/shop\/produkt\/pflanzenhelfer-kartenset-mit-buch-von-thomas-kinkele\/","title":{"rendered":"Pflanzenhelfer Kartenset mit Buch von Thomas Kinkele"},"content":{"rendered":"<p>Die Pflanzenhelferkarten sind ein inspirierendes und wirksames Werkzeug zur individuellen Selbsterfahrung und zur entspannten Begegnung in der Gruppe. Dar\u00fcber hinaus vermittelt das umfangreiche Handbuch eine Menge Pflanzenwissen \u00fcber D\u00fcfte und R\u00e4ucherstoffe.<\/p>\n","protected":false},"excerpt":{"rendered":"<p>Die Pflanzenhelferkarten sind ein inspirierendes und wirksames Werkzeug zur individuellen Selbsterfahrung und zur entspannten Begegnung in der Gruppe. Dar\u00fcber hinaus vermittelt das umfangreiche Handbuch eine Menge Pflanzenwissen \u00fcber D\u00fcfte und R\u00e4ucherstoffe.<\/p>\n","protected":false},"featured_media":0,"comment_status":"closed","ping_status":"closed","template":"","meta":[],"product_brand":[],"product_cat":[903,316,231],"product_tag":[],"class_list":{"0":"post-240","1":"product","2":"type-product","3":"status-publish","5":"product_cat-aetherischeoele","6":"product_cat-kartensets","7":"product_cat-literatur","8":"product_shipping_class-paket","9":"post-wrapper","10":"thrv_wrapper","12":"first","13":"instock","14":"sale","15":"taxable","16":"shipping-taxable","17":"purchasable","18":"product-type-simple"},"jetpack_sharing_enabled":true,"_links":{"self":[{"href":"https:\/\/www.ina-wissmann.de\/shop\/wp-json\/wp\/v2\/product\/240","targetHints":{"allow":["GET"]}}],"collection":[{"href":"https:\/\/www.ina-wissmann.de\/shop\/wp-json\/wp\/v2\/product"}],"about":[{"href":"https:\/\/www.ina-wissmann.de\/shop\/wp-json\/wp\/v2\/types\/product"}],"replies":[{"embeddable":true,"href":"https:\/\/www.ina-wissmann.de\/shop\/wp-json\/wp\/v2\/comments?post=240"}],"wp:attachment":[{"href":"https:\/\/www.ina-wissmann.de\/shop\/wp-json\/wp\/v2\/media?parent=240"}],"wp:term":[{"taxonomy":"product_brand","embeddable":true,"href":"https:\/\/www.ina-wissmann.de\/shop\/wp-json\/wp\/v2\/product_brand?post=240"},{"taxonomy":"product_cat","embeddable":true,"href":"https:\/\/www.ina-wissmann.de\/shop\/wp-json\/wp\/v2\/product_cat?post=240"},{"taxonomy":"product_tag","embeddable":true,"href":"https:\/\/www.ina-wissmann.de\/shop\/wp-json\/wp\/v2\/product_tag?post=240"}],"curies":[{"name":"wp","href":"https:\/\/api.w.org\/{rel}","templated":true}]}}