{"id":1990,"date":"2019-04-22T00:40:26","date_gmt":"2019-04-21T22:40:26","guid":{"rendered":"https:\/\/www.iwina.de\/?post_type=product&#038;p=1990"},"modified":"2026-04-22T18:00:07","modified_gmt":"2026-04-22T16:00:07","slug":"tonkabohne-pflanzenhelfer-30ml-raeucherwerk-in-pappdose","status":"publish","type":"product","link":"https:\/\/www.ina-wissmann.de\/shop\/produkt\/tonkabohne-pflanzenhelfer-30ml-raeucherwerk-in-pappdose\/","title":{"rendered":"Tonkabohne Pflanzenhelfer 30ml R\u00e4ucherwerk in Pappdose"},"content":{"rendered":"<h1>Tonkabohne Pflanzenhelfer<br \/>\n<small class=\"vc-product-subtitle\">30ml R\u00e4ucherwerk in Pappdose<\/small><\/h1>\n<p>100% naturreines, pflanzliches R\u00e4uchermaterial. Per Hand bearbeitet und mit Duftbotschaft und Pflanzenhelfer-Bild auf dem Etikett als besonderes energetisches Attribut.<\/p>\n<p>Tonkabohne &#8211; Dipteryx odorata<\/p>\n<p>-Zur\u00fcck zum Urvertrauen- \/ Elementarkraft: WASSER \/ Schwerpunkt: GEF\u00dcHL<\/p>\n<p>Warme Dunkelheit umh\u00fcllt den Wanderer weich und sinnlich. Sie legt sich wie ein Schutzmantel um die verlorene Seele und vermag, im rechten Ma\u00df genossen, eine Atmosph\u00e4re von Wohlgef\u00fchl und Aufgehobensein zu erzeugen. Es wird m\u00f6glich gelassen und entspannt der Dinge zu harren, die da kommen m\u00f6gen. Harmonisch integriert in ein sicheres Umfeld, f\u00fchlen wir uns vom Fluss der Dinge getragen.<\/p>\n<p>Aus -Die Pflanzenhelfer- \u00a9 Windpferd Verlag \/ Aitrang<\/p>\n","protected":false},"excerpt":{"rendered":"<p>Tonkabohne Pflanzenhelfer 30ml R\u00e4ucherwerk in der Pappdose<\/p>\n","protected":false},"featured_media":18049,"comment_status":"open","ping_status":"closed","template":"","meta":[],"product_brand":[],"product_cat":[232],"product_tag":[],"class_list":{"0":"post-1990","1":"product","2":"type-product","3":"status-publish","4":"has-post-thumbnail","6":"product_cat-raeucherwerk","7":"product_shipping_class-paket","8":"post-wrapper","9":"thrv_wrapper","11":"first","12":"instock","13":"taxable","14":"shipping-taxable","15":"purchasable","16":"product-type-simple"},"jetpack_sharing_enabled":true,"_links":{"self":[{"href":"https:\/\/www.ina-wissmann.de\/shop\/wp-json\/wp\/v2\/product\/1990","targetHints":{"allow":["GET"]}}],"collection":[{"href":"https:\/\/www.ina-wissmann.de\/shop\/wp-json\/wp\/v2\/product"}],"about":[{"href":"https:\/\/www.ina-wissmann.de\/shop\/wp-json\/wp\/v2\/types\/product"}],"replies":[{"embeddable":true,"href":"https:\/\/www.ina-wissmann.de\/shop\/wp-json\/wp\/v2\/comments?post=1990"}],"wp:featuredmedia":[{"embeddable":true,"href":"https:\/\/www.ina-wissmann.de\/shop\/wp-json\/wp\/v2\/media\/18049"}],"wp:attachment":[{"href":"https:\/\/www.ina-wissmann.de\/shop\/wp-json\/wp\/v2\/media?parent=1990"}],"wp:term":[{"taxonomy":"product_brand","embeddable":true,"href":"https:\/\/www.ina-wissmann.de\/shop\/wp-json\/wp\/v2\/product_brand?post=1990"},{"taxonomy":"product_cat","embeddable":true,"href":"https:\/\/www.ina-wissmann.de\/shop\/wp-json\/wp\/v2\/product_cat?post=1990"},{"taxonomy":"product_tag","embeddable":true,"href":"https:\/\/www.ina-wissmann.de\/shop\/wp-json\/wp\/v2\/product_tag?post=1990"}],"curies":[{"name":"wp","href":"https:\/\/api.w.org\/{rel}","templated":true}]}}