{"id":1984,"date":"2024-11-21T15:58:55","date_gmt":"2024-11-21T14:58:55","guid":{"rendered":"https:\/\/www.iwina.de\/?post_type=product&#038;p=1984"},"modified":"2026-04-17T14:29:01","modified_gmt":"2026-04-17T12:29:01","slug":"weihrauch-oman-30g-raeucherwerk-im-beutel","status":"publish","type":"product","link":"https:\/\/www.ina-wissmann.de\/shop\/produkt\/weihrauch-oman-30g-raeucherwerk-im-beutel\/","title":{"rendered":"Weihrauch Oman 30g R\u00e4ucherwerk im Beutel"},"content":{"rendered":"<h1>Weihrauch Oman <small class=\"vc-product-subtitle\">30g R\u00e4ucherwerk im Beutel<\/small><\/h1>\n<p>100% naturreines, pflanzliches R\u00e4uchermaterial. Weihrauch &#8211; Boswellia sacra -Seele verk\u00f6rpert sich- \/ Elementarkraft: FEUER \/ Schwerpunkt: K\u00d6RPER Die Gestalt dieses W\u00fcstenbaumes gleicht einem auf der Spitze stehenden Dreieck. Er \u00f6ffnet sich f\u00e4cherf\u00f6rmig zum Sonnenlicht. Sein Duft ist ein \u00dcberbringer der Licht- und Lebensbotschaft am Punkt der gr\u00f6\u00dften Not. Der mystische Duft des ger\u00e4ucherten Weihrauchharzes hilft uns dabei Schicksalsschl\u00e4ge anzunehmen, \u00fcber die Trauer zu innerem Frieden zu gelangen und Kraft f\u00fcr einen neuen Anfang zu finden. Aus -Die Pflanzenhelfer- \u00a9 Windpferd Verlag \/ Aitrang<\/p>\n","protected":false},"excerpt":{"rendered":"<p><strong>Weihrauch Oman wei\u00df \u2013 Ein Hauch von Reinheit und Harmonie<\/strong><br \/>\nLateinischer Name: <strong>Boswellia sacra<\/strong><br \/>\nWeihrauch aus dem Oman ist das kostbare Harz der Weihrauchpflanze Boswellia sacra, die in den rauen Gebirgsregionen des Dhofar-Gebirges im S\u00fcden Omans w\u00e4chst. Diese B\u00e4ume, die bis zu 7 Meter hoch werden und schon sehr alt sein m\u00fcssen, bevor das kostbare Harz geerntet werden kann, sind die Quelle f\u00fcr einen au\u00dfergew\u00f6hnlich feinen Duft, der tiefgehende spirituelle und energetische Wirkungen entfaltet. Der hohe Anteil an \u00e4therischen \u00d6len verleiht diesem eher seltenen Weihrauch eine unverwechselbare, harmonisierende Duftnote, die dich in eine Atmosph\u00e4re der Ruhe und Reinigung eintauchen l\u00e4sst.<br \/>\n<strong>So r\u00e4ucherst du richtig mit Weihrauch Oman:<\/strong><br \/>\nWeihrauch Oman wei\u00df l\u00e4sst sich perfekt auf R\u00e4ucherkohle oder einem St\u00f6vchen (R\u00e4ucher\u00f6fchen) verr\u00e4uchern, wobei er sich langsam mit seinem ganzen Potenzial entfaltet.<br \/>\nAchtsamkeit r\u00e4uchern<br \/>\nBeim R\u00e4uchern hast du die M\u00f6glichkeit, dich ganz bewusst auf den Moment einzulassen. Genie\u00dfe das lose R\u00e4ucherharz aus rein nat\u00fcrlichen Vorkommen. Lass es m\u00f6glichst langsam auf dem St\u00f6vchen glimmen, w\u00e4hrend du in Ruhe und Achtsamkeit dein R\u00e4ucherritual genie\u00dft. Der Raum, in dem du r\u00e4ucherst, sollte ein Ort der Stille sein \u2013 ein R\u00fcckzugsort, der dich in deiner Intuition st\u00e4rkt. Vielleicht ist es der Platz in deinem Zuhause, der speziell f\u00fcr solche Momente eingerichtet wurde.<br \/>\n<strong>Anleitung f\u00fcr die verschiedenen R\u00e4uchermethoden:<\/strong><br \/>\n\u2022 <em>Mit einem R\u00e4ucherst\u00f6vchen<\/em> (meine Empfehlung): Meine R\u00e4ucher\u00f6fen handget\u00f6pfert aus Ton sind eine besonders sanfte Methode, um den Duft des Weihrauchs zu genie\u00dfen. \u00dcber der Kerze l\u00f6st sich der Duft der Pflanze ganz subtil vom K\u00f6rperlichen.<br \/>\nDurch den kleinen Abstand zwischen Teelichtflamme und R\u00e4uchergut kann sich der Rauch gleichm\u00e4\u00dfig entfalten, ohne dass er verbrennt. Diese Methode erm\u00f6glicht es dem Duft, sich behutsam und gleichm\u00e4\u00dfig im Raum zu verteilen \u2013 ideal f\u00fcr eine sanfte, reinigende Wirkung.<br \/>\n\u2022 <em>Mit R\u00e4ucherkohle<\/em>: Diese Methode ben\u00f6tigt etwas mehr Vorbereitung. Nachdem du die Kohletablette mit einer Zange entz\u00fcndet hast, legst du sie auf Sand in einem feuerfesten Gef\u00e4\u00df. Nachdem die Kohle durchgegl\u00fcht ist, gib das R\u00e4ucherwerk auf die Kohle. Beachte jedoch, dass der Rauch hier \u00fcppiger, intensiver und weniger sanft ist, was die heilende Wirkung etwas ver\u00e4ndert. (Wenn du in geschlossenen R\u00e4umen r\u00e4ucherst, achte auf deine Rauchmelder, sie k\u00f6nnten anspringen.)<br \/>\n<strong>Wichtige Hinweise zur Sicherheit<\/strong>:<br \/>\nBeim R\u00e4uchern k\u00f6nnen hohe Temperaturen entstehen. Achte darauf, dass deine R\u00e4uchergef\u00e4\u00dfe nicht zu hei\u00df werden, bzw. Hitzebest\u00e4ndig sind. Schutzhandschuhe und eine feuerfeste Unterlage sind stets ratsam. Kinder und Tiere solltest du von der R\u00e4ucherquelle fernhalten, da die Kohle bis zu 60 Minuten nachgl\u00fchen kann.<\/p>\n","protected":false},"featured_media":10111,"comment_status":"open","ping_status":"closed","template":"","meta":[],"product_brand":[],"product_cat":[232],"product_tag":[],"class_list":{"0":"post-1984","1":"product","2":"type-product","3":"status-publish","4":"has-post-thumbnail","6":"product_cat-raeucherwerk","7":"product_shipping_class-paket","8":"post-wrapper","9":"thrv_wrapper","11":"first","12":"instock","13":"taxable","14":"shipping-taxable","15":"purchasable","16":"product-type-simple"},"jetpack_sharing_enabled":true,"_links":{"self":[{"href":"https:\/\/www.ina-wissmann.de\/shop\/wp-json\/wp\/v2\/product\/1984","targetHints":{"allow":["GET"]}}],"collection":[{"href":"https:\/\/www.ina-wissmann.de\/shop\/wp-json\/wp\/v2\/product"}],"about":[{"href":"https:\/\/www.ina-wissmann.de\/shop\/wp-json\/wp\/v2\/types\/product"}],"replies":[{"embeddable":true,"href":"https:\/\/www.ina-wissmann.de\/shop\/wp-json\/wp\/v2\/comments?post=1984"}],"wp:featuredmedia":[{"embeddable":true,"href":"https:\/\/www.ina-wissmann.de\/shop\/wp-json\/wp\/v2\/media\/10111"}],"wp:attachment":[{"href":"https:\/\/www.ina-wissmann.de\/shop\/wp-json\/wp\/v2\/media?parent=1984"}],"wp:term":[{"taxonomy":"product_brand","embeddable":true,"href":"https:\/\/www.ina-wissmann.de\/shop\/wp-json\/wp\/v2\/product_brand?post=1984"},{"taxonomy":"product_cat","embeddable":true,"href":"https:\/\/www.ina-wissmann.de\/shop\/wp-json\/wp\/v2\/product_cat?post=1984"},{"taxonomy":"product_tag","embeddable":true,"href":"https:\/\/www.ina-wissmann.de\/shop\/wp-json\/wp\/v2\/product_tag?post=1984"}],"curies":[{"name":"wp","href":"https:\/\/api.w.org\/{rel}","templated":true}]}}