{"id":1958,"date":"2019-04-22T00:09:53","date_gmt":"2019-04-21T22:09:53","guid":{"rendered":"https:\/\/www.iwina.de\/?post_type=product&#038;p=1958"},"modified":"2026-04-17T15:26:58","modified_gmt":"2026-04-17T13:26:58","slug":"zimt-cassia-pflanzenhelfer-raeucherwerk","status":"publish","type":"product","link":"https:\/\/www.ina-wissmann.de\/shop\/produkt\/zimt-cassia-pflanzenhelfer-raeucherwerk\/","title":{"rendered":"Zimt Cassia Pflanzenhelfer 30ml R\u00e4ucherwerk  im Gl\u00e4schen"},"content":{"rendered":"<h1>Zimt Pflanzenhelfer<br \/>\n<small class=\"vc-product-subtitle\">30ml R\u00e4ucherwerk im Gl\u00e4schen<br \/>\n<\/small><\/h1>\n<p>Cassiazimt &#8211; Cinnamomum cassia<\/p>\n<p>-Aus der Enge treten- \/ Elementarkraft: Feuer \/ Schwerpunkt: GEF\u00dcHL<\/p>\n<p>Ein weites Herz kann verzeihen und loslassen. Das ist der wahre Weg, um inneren Frieden zu finden. So wirkt dieser Duft geistig-seelischer Erstarrung entgegen und steigert die Kreativit\u00e4t. Wir d\u00fcrfen unsere Tr\u00e4ume tr\u00e4umen, auf dass unsere Selbstsicherheit im Alltag w\u00e4chst. Der Duft verbindet uns mit den Kr\u00e4ften der Sonne und hilft uns, unsere Bestimmung im Leben zu finden. Stress und \u00c4ngste eliminiert der Cassiazimt und er steigert unser Lustempfinden. Am Tor der Ideale macht diese Pflanzenpers\u00f6nlichkeit uns offen und empfindsam, damit wir uns selbst so annehmen, wie wir sind.<\/p>\n<p>Aus -Die Pflanzenhelfer- \u00a9 Windpferd Verlag \/ Aitrang<\/p>\n","protected":false},"excerpt":{"rendered":"<p><small class=\"vc-product-subtitle\">\u00a0Zimt Cassia Pflanzenhelfer R\u00e4ucherwerk 30ml im Gl\u00e4schen<\/small><\/p>\n","protected":false},"featured_media":0,"comment_status":"open","ping_status":"closed","template":"","meta":[],"product_brand":[],"product_cat":[232],"product_tag":[],"class_list":{"0":"post-1958","1":"product","2":"type-product","3":"status-publish","5":"product_cat-raeucherwerk","6":"product_shipping_class-paket","7":"post-wrapper","8":"thrv_wrapper","10":"first","11":"instock","12":"taxable","13":"shipping-taxable","14":"purchasable","15":"product-type-simple"},"jetpack_sharing_enabled":true,"_links":{"self":[{"href":"https:\/\/www.ina-wissmann.de\/shop\/wp-json\/wp\/v2\/product\/1958","targetHints":{"allow":["GET"]}}],"collection":[{"href":"https:\/\/www.ina-wissmann.de\/shop\/wp-json\/wp\/v2\/product"}],"about":[{"href":"https:\/\/www.ina-wissmann.de\/shop\/wp-json\/wp\/v2\/types\/product"}],"replies":[{"embeddable":true,"href":"https:\/\/www.ina-wissmann.de\/shop\/wp-json\/wp\/v2\/comments?post=1958"}],"wp:attachment":[{"href":"https:\/\/www.ina-wissmann.de\/shop\/wp-json\/wp\/v2\/media?parent=1958"}],"wp:term":[{"taxonomy":"product_brand","embeddable":true,"href":"https:\/\/www.ina-wissmann.de\/shop\/wp-json\/wp\/v2\/product_brand?post=1958"},{"taxonomy":"product_cat","embeddable":true,"href":"https:\/\/www.ina-wissmann.de\/shop\/wp-json\/wp\/v2\/product_cat?post=1958"},{"taxonomy":"product_tag","embeddable":true,"href":"https:\/\/www.ina-wissmann.de\/shop\/wp-json\/wp\/v2\/product_tag?post=1958"}],"curies":[{"name":"wp","href":"https:\/\/api.w.org\/{rel}","templated":true}]}}