{"id":17276,"date":"2025-10-26T10:44:26","date_gmt":"2025-10-26T09:44:26","guid":{"rendered":"https:\/\/www.ina-wissmann.de\/shop\/?post_type=product&#038;p=17276"},"modified":"2025-10-26T11:06:01","modified_gmt":"2025-10-26T10:06:01","slug":"gutschein","status":"publish","type":"product","link":"https:\/\/www.ina-wissmann.de\/shop\/produkt\/gutschein\/","title":{"rendered":"Gutschein &#8211; Geschenkgutschein &#8211; Einkaufsgutschein"},"content":{"rendered":"<p>Einkaufsgutschein f\u00fcr den Edelsteine, Mineralien, Schmuck oder Kurse, ganz nach deinem Geschenk.<\/p>\n<p>Gutscheine kannst du bei mir in unterschiedlicher H\u00f6he einkaufen. Wenn dein Betrag fehlt, sprich mich an (s&#116;&#x65;&#x69;n&#101;&#64;&#x69;&#x6e;a&#45;&#119;&#x69;&#x73;s&#109;&#x61;&#x6e;&#x6e;&#46;&#100;&#x65;) &#8211; es l\u00e4sst sich alles passend f\u00fcr dich organisieren.<\/p>\n<p>Der Gutschein ist im Ladengesch\u00e4ft, Gro\u00dfe Stra\u00dfe 106 in 27283 Verden oder Online mit Code einzul\u00f6sen.<\/p>\n<p>Die G\u00fcltigkeit ist jeweils bis Juli 2028.<\/p>\n<p>&nbsp;<\/p>\n<p>Wenn du deinen Gutschein nicht online bestellen willst und in der N\u00e4he von Verden wohnst, kannst du dir zu den \u00d6ffnungszeiten auch einen Gutschein mit deiner Wunschsumme gedruckt abholen.<\/p>\n","protected":false},"excerpt":{"rendered":"<p>Einkaufsgutschein f\u00fcr den Edelsteine, Mineralien, Schmuck oder Kurse, ganz nach deinem Geschenk. Gutscheine kannst du bei mir in unterschiedlicher H\u00f6he einkaufen. Wenn dein Betrag fehlt, sprich mich an (&#x73;&#x74;&#x65;&#x69;&#x6e;&#x65;&#64;&#105;&#110;&#97;-wis&#x73;&#x6d;&#x61;&#x6e;&#x6e;&#x2e;&#100;&#101;) &#8211; es l\u00e4sst sich alles passend f\u00fcr dich organisieren. Der Gutschein ist im Ladengesch\u00e4ft, Gro\u00dfe Stra\u00dfe 106 in 27283 Verden oder Online mit Code einzul\u00f6sen. Die [&hellip;]<\/p>\n","protected":false},"featured_media":17278,"comment_status":"open","ping_status":"closed","template":"","meta":[],"product_brand":[],"product_cat":[244],"product_tag":[],"class_list":{"0":"post-17276","1":"product","2":"type-product","3":"status-publish","4":"has-post-thumbnail","6":"product_cat-unkategorisiert","7":"post-wrapper","8":"thrv_wrapper","10":"first","11":"instock","12":"taxable","13":"shipping-taxable","14":"purchasable","15":"product-type-variable"},"jetpack_sharing_enabled":true,"_links":{"self":[{"href":"https:\/\/www.ina-wissmann.de\/shop\/wp-json\/wp\/v2\/product\/17276","targetHints":{"allow":["GET"]}}],"collection":[{"href":"https:\/\/www.ina-wissmann.de\/shop\/wp-json\/wp\/v2\/product"}],"about":[{"href":"https:\/\/www.ina-wissmann.de\/shop\/wp-json\/wp\/v2\/types\/product"}],"replies":[{"embeddable":true,"href":"https:\/\/www.ina-wissmann.de\/shop\/wp-json\/wp\/v2\/comments?post=17276"}],"wp:featuredmedia":[{"embeddable":true,"href":"https:\/\/www.ina-wissmann.de\/shop\/wp-json\/wp\/v2\/media\/17278"}],"wp:attachment":[{"href":"https:\/\/www.ina-wissmann.de\/shop\/wp-json\/wp\/v2\/media?parent=17276"}],"wp:term":[{"taxonomy":"product_brand","embeddable":true,"href":"https:\/\/www.ina-wissmann.de\/shop\/wp-json\/wp\/v2\/product_brand?post=17276"},{"taxonomy":"product_cat","embeddable":true,"href":"https:\/\/www.ina-wissmann.de\/shop\/wp-json\/wp\/v2\/product_cat?post=17276"},{"taxonomy":"product_tag","embeddable":true,"href":"https:\/\/www.ina-wissmann.de\/shop\/wp-json\/wp\/v2\/product_tag?post=17276"}],"curies":[{"name":"wp","href":"https:\/\/api.w.org\/{rel}","templated":true}]}}