{"id":16922,"date":"2025-06-07T16:50:20","date_gmt":"2025-06-07T14:50:20","guid":{"rendered":"https:\/\/www.ina-wissmann.de\/shop\/?post_type=product&#038;p=16922"},"modified":"2025-06-07T18:03:33","modified_gmt":"2025-06-07T16:03:33","slug":"schwarzer-turmalin-rohkristall-anpoliert","status":"publish","type":"product","link":"https:\/\/www.ina-wissmann.de\/shop\/produkt\/schwarzer-turmalin-rohkristall-anpoliert\/","title":{"rendered":"Schwarzer Turmalin Rohkristall, oben anpoliert flach 1,08kg"},"content":{"rendered":"<h4>Herkunft:<\/h4>\n<p>Brasilien<\/p>\n<h4>Lieferumfang:<\/h4>\n<p>Unikat \u2013 Bei Bestellung bekommst du genau diesen abgebildeten Stein.<\/p>\n<h4>Gr\u00f6\u00dfe &amp; Gewicht:<\/h4>\n<p>Ca. 5cm hoch und ca. 11cm lang an der breitesten Stelle gemessen, etwa 1085g schwer.<\/p>\n<p>Edelsteine sind ein Naturprodukt und k\u00f6nnen Farbabweichungen und nat\u00fcrliche Risse an der Oberfl\u00e4che haben. Dies ist unvermeidlich, da nat\u00fcrlich entstanden. Trotz sorgf\u00e4ltiger Schleifarbeit kommt es zu unterschiedlichen Oberfl\u00e4chen und Polituren. Bitte ber\u00fccksichtige das bei deinem Einkauf. Du erwirbst ein Naturprodukt, wo keines so ist, wie das andere! Turmaline sind Ringsilikate und geben Ihre Energie \u00fcber die Spitze ab, deshalb achte darauf, wenn sie eine Spitze haben, wohin du die Energie ableitest. <em><img decoding=\"async\" class=\"size-full alignleft\" src=\"https:\/\/www.ina-wissmann.de\/shop\/wp-content\/uploads\/2021\/06\/SHop-Produkt-Anwender-Tipp-Bild.jpg\" alt=\"width=200\" height=\"200\" \/><\/em><\/p>\n<p>&nbsp;<\/p>\n<p>So ein Anschliff von Turmalin l\u00e4sst sich gut an der WLAN Box aufstellen!<\/p>\n","protected":false},"excerpt":{"rendered":"<h3>Beschreibung:<\/h3>\n<p>Schwarzer Turmalin Sch\u00f6rl Rohkristall, Oberfl\u00e4che anpoliert<\/p>\n<h3>Bedeutung:<\/h3>\n<p>Turmalin eignet sich als Heilstein hervorragend f\u00fcr energetische Blockaden zum Beispiel im R\u00fcckenbereich.<br \/>\nDer schwarze Turmalin, auch Sch\u00f6rl genannt, verringert Elektrosmog. Er kann vor Steckdosen aufgeklebt oder als gr\u00f6\u00dferer Brocken vor der WLAN-Box aufgestellt werden. Auch Wasseradern neutralisiert er gut. Der schwarze Turmalin ist ein guter Schutzstein, wenn energetische Angriffe die Energie rauben. Als Schutzstein kann er als Anh\u00e4nger auf der Thymusdr\u00fcse getragen werden. F\u00fcr \u00e4ngstliche Menschen ist er auch in der Hosentasche getragen eine gro\u00dfe Hilfe.<\/p>\n","protected":false},"featured_media":10111,"comment_status":"open","ping_status":"closed","template":"","meta":[],"product_brand":[],"product_cat":[262,263,271,305,317,749,184,281,651,652,282],"product_tag":[],"class_list":{"0":"post-16922","1":"product","2":"type-product","3":"status-publish","4":"has-post-thumbnail","6":"product_cat-edelsteine","7":"product_cat-edelsteine-a-z","8":"product_cat-geburtssteine","9":"product_cat-heilsteine","10":"product_cat-heilsteine-nach-farben","11":"product_cat-mineralien-rohsteine","12":"product_cat-schwarz","13":"product_cat-steinbock-22-12-20-01","14":"product_cat-steine-mit-s","15":"product_cat-steine-mit-t","16":"product_cat-zwilling-21-05-21-06","17":"product_shipping_class-paket","18":"post-wrapper","19":"thrv_wrapper","21":"first","22":"instock","23":"taxable","24":"shipping-taxable","25":"purchasable","26":"product-type-simple"},"jetpack_sharing_enabled":true,"_links":{"self":[{"href":"https:\/\/www.ina-wissmann.de\/shop\/wp-json\/wp\/v2\/product\/16922","targetHints":{"allow":["GET"]}}],"collection":[{"href":"https:\/\/www.ina-wissmann.de\/shop\/wp-json\/wp\/v2\/product"}],"about":[{"href":"https:\/\/www.ina-wissmann.de\/shop\/wp-json\/wp\/v2\/types\/product"}],"replies":[{"embeddable":true,"href":"https:\/\/www.ina-wissmann.de\/shop\/wp-json\/wp\/v2\/comments?post=16922"}],"wp:featuredmedia":[{"embeddable":true,"href":"https:\/\/www.ina-wissmann.de\/shop\/wp-json\/wp\/v2\/media\/10111"}],"wp:attachment":[{"href":"https:\/\/www.ina-wissmann.de\/shop\/wp-json\/wp\/v2\/media?parent=16922"}],"wp:term":[{"taxonomy":"product_brand","embeddable":true,"href":"https:\/\/www.ina-wissmann.de\/shop\/wp-json\/wp\/v2\/product_brand?post=16922"},{"taxonomy":"product_cat","embeddable":true,"href":"https:\/\/www.ina-wissmann.de\/shop\/wp-json\/wp\/v2\/product_cat?post=16922"},{"taxonomy":"product_tag","embeddable":true,"href":"https:\/\/www.ina-wissmann.de\/shop\/wp-json\/wp\/v2\/product_tag?post=16922"}],"curies":[{"name":"wp","href":"https:\/\/api.w.org\/{rel}","templated":true}]}}