{"id":16813,"date":"2025-05-25T18:04:25","date_gmt":"2025-05-25T16:04:25","guid":{"rendered":"https:\/\/www.ina-wissmann.de\/shop\/?post_type=product&#038;p=16813"},"modified":"2025-07-16T07:40:41","modified_gmt":"2025-07-16T05:40:41","slug":"rosenquarz-trommelstein-brasilien-klein","status":"publish","type":"product","link":"https:\/\/www.ina-wissmann.de\/shop\/produkt\/rosenquarz-trommelstein-brasilien-klein\/","title":{"rendered":"Rosenquarz Trommelstein Brasilien klein"},"content":{"rendered":"<h4>Rhythmus &#8211; Liebe &#8211; Herz\u00f6ffnung<\/h4>\n<h4>Herkunft:<\/h4>\n<p>Brasilien<\/p>\n<h4>Lieferumfang:<\/h4>\n<p>Bei Bestellung bekommst du einen der abgebildeten Steine.<\/p>\n<h4>Gr\u00f6\u00dfe &amp; Gewicht:<\/h4>\n<p>Ca. 2-3 cm lang und schmal, durchschnittlich ca. 6g schwer. Edelsteine sind ein Naturprodukt und k\u00f6nnen Farbabweichungen und nat\u00fcrliche Risse an der Oberfl\u00e4che haben. Dies ist unvermeidlich, da nat\u00fcrlich entstanden. Trotz sorgf\u00e4ltiger Schleifarbeit kommt es zu unterschiedlichen Oberfl\u00e4chen und Polituren. Bitte ber\u00fccksichtige das bei deinem Einkauf. Du erwirbst ein Naturprodukt, wo keines so ist, wie das andere! <em><img decoding=\"async\" class=\"size-full\" src=\"https:\/\/www.ina-wissmann.de\/shop\/wp-content\/uploads\/2021\/06\/SHop-Produkt-Anwender-Tipp-Bild.jpg\" alt=\"width=200\" height=\"200\" \/><\/em> \u00a0 \u00a0 Mit dem Rosenquarz kannst du deine Emotionen gut annehmen!<\/p>\n","protected":false},"excerpt":{"rendered":"<h3>Beschreibung:<\/h3>\n<p>Rosenquarz Trommelstein<\/p>\n<h3>Bedeutung:<\/h3>\n<p>Rosenquarz Trommelstein, der Stein der Gef\u00fchle, bringt dich an deine eigene Empfindsamkeit, hilft Gef\u00fchle zu verarbeiten, Ist unterst\u00fctzend f\u00fcr das Sternzeichen Krebs im Element Wasser. Empfindsamkeit, verdeutlicht eigene Gef\u00fchle und Gef\u00fchle anderer.<\/p>\n","protected":false},"featured_media":1535,"comment_status":"open","ping_status":"closed","template":"","meta":[],"product_brand":[],"product_cat":[262,263,337,271,305,317,273,221,276],"product_tag":[],"class_list":{"0":"post-16813","1":"product","2":"type-product","3":"status-publish","4":"has-post-thumbnail","6":"product_cat-edelsteine","7":"product_cat-edelsteine-a-z","8":"product_cat-energie-intuition","9":"product_cat-geburtssteine","10":"product_cat-heilsteine","11":"product_cat-heilsteine-nach-farben","12":"product_cat-krebs-22-06-22-07","13":"product_cat-rosa","14":"product_cat-widder-21-03-20-04","15":"product_shipping_class-paket","16":"post-wrapper","17":"thrv_wrapper","19":"first","20":"instock","21":"taxable","22":"shipping-taxable","23":"purchasable","24":"product-type-simple"},"jetpack_sharing_enabled":true,"_links":{"self":[{"href":"https:\/\/www.ina-wissmann.de\/shop\/wp-json\/wp\/v2\/product\/16813","targetHints":{"allow":["GET"]}}],"collection":[{"href":"https:\/\/www.ina-wissmann.de\/shop\/wp-json\/wp\/v2\/product"}],"about":[{"href":"https:\/\/www.ina-wissmann.de\/shop\/wp-json\/wp\/v2\/types\/product"}],"replies":[{"embeddable":true,"href":"https:\/\/www.ina-wissmann.de\/shop\/wp-json\/wp\/v2\/comments?post=16813"}],"wp:featuredmedia":[{"embeddable":true,"href":"https:\/\/www.ina-wissmann.de\/shop\/wp-json\/wp\/v2\/media\/1535"}],"wp:attachment":[{"href":"https:\/\/www.ina-wissmann.de\/shop\/wp-json\/wp\/v2\/media?parent=16813"}],"wp:term":[{"taxonomy":"product_brand","embeddable":true,"href":"https:\/\/www.ina-wissmann.de\/shop\/wp-json\/wp\/v2\/product_brand?post=16813"},{"taxonomy":"product_cat","embeddable":true,"href":"https:\/\/www.ina-wissmann.de\/shop\/wp-json\/wp\/v2\/product_cat?post=16813"},{"taxonomy":"product_tag","embeddable":true,"href":"https:\/\/www.ina-wissmann.de\/shop\/wp-json\/wp\/v2\/product_tag?post=16813"}],"curies":[{"name":"wp","href":"https:\/\/api.w.org\/{rel}","templated":true}]}}