{"id":16234,"date":"2025-02-12T17:21:45","date_gmt":"2025-02-12T16:21:45","guid":{"rendered":"https:\/\/www.ina-wissmann.de\/shop\/?post_type=product&#038;p=16234"},"modified":"2025-03-02T16:00:09","modified_gmt":"2025-03-02T15:00:09","slug":"calcit-gelb-zitronencalcit-trommelstein-gebohrt-gr-xl","status":"publish","type":"product","link":"https:\/\/www.ina-wissmann.de\/shop\/produkt\/calcit-gelb-zitronencalcit-trommelstein-gebohrt-gr-xl\/","title":{"rendered":"Calcit gelb Zitronencalcit Trommelstein gebohrt Gr. XL"},"content":{"rendered":"<p><strong>Calcit \u2013 Der Stein f\u00fcr Stabilit\u00e4t<\/strong><br \/>\nDer Calcit ist bekannt f\u00fcr seine stabilisierenden Eigenschaften.\u00a0 Er ist in vielen Fraben erh\u00e4ltlich. Der Calcit variiert in Farbt\u00f6nen von transparentem Wei\u00df \u00fcber Gelb und Orange bis hin zu Gr\u00fcn und Blau. Hier bekommst du eine hellgelben Zitronencalcit. Calcite stammen oft aus Minen in Mexiko, und werden sorgf\u00e4ltig von mir ausgew\u00e4hlt.<\/p>\n<p><strong>Beschreibung<br \/>\n<\/strong>Calcite sind sehr weiche Steine und empfindlich gegen Anstossen. Sie sollten deshalb nicht mit h\u00e4rtenen Steine in ein Gef\u00e4\u00df und auf weichen Untergrund gelagert werden, da sie sonst schnell weisse Ecken gekommen und nicht mehr so sch\u00f6n aussehen.<\/p>\n<p><strong>Wirkung und Anwendung<\/strong><br \/>\nDer Calcit str\u00e4kt den Selbstwert und gibt mehr Sicherheit im Auftreten. Er f\u00f6rdert die Lebensfreude und l\u00e4sst dich \u00fcber den Solarplexus aus der Mitte heraus strahlen.<\/p>\n<p>Er unterst\u00fctzt dich dabei, Stress abzubauen und deine geistigen F\u00e4higkeiten zu st\u00e4rken. Trage den Calcit als Schmuck oder platziere ihn in deinem Wohnbereich, um seine kl\u00e4renden Energien zu nutzen.<\/p>\n<p><strong>Pflege und Reinigung<\/strong><br \/>\nCalcite sollten regelm\u00e4\u00dfig gereinigt werden, wie alle Steine. Um seine energetischen Eigenschaften zu verst\u00e4rken, kannst du ihn gelegentlich unter flie\u00dfendem Wasser absp\u00fclen, um seine Schwingungen auszugleichen und ihn anschlie\u00dfend auf eine Amethystdruse legen, um die aufgenommenen Fremdinformationen zu l\u00f6schen.<\/p>\n<p><strong>Chakra-Zuordnung und Sternzeichen<\/strong><br \/>\nDer Calcit harmonisiert je nach Farbe unterschiedliche Chakren: In diesem Falle des gelber Calcites ist es das Solarplexuschakra. Er ist besonders hilfreich f\u00fcr die Sternzeichen Krebs und Jungfrau.<\/p>\n<p><strong>Meine pers\u00f6nliche Empfehlung<\/strong><br \/>\nDer Calcit unterst\u00fctzt mich in Momenten, in denen ich mich emotional nicht so stabil f\u00fchle und st\u00e4rkt dadurch mein Auftreten.<\/p>\n<p><strong>Kundenbewertungen<\/strong><br \/>\n&#8220;Seit ich meinen Calcit habe, f\u00fchle ich mich viel St\u00e4rker. Ich kann meinen Standpunkt besser vertreten und bin stabiler gegen die abwertenden Spr\u00fcche von anderen.&#8221; \u2013 Maria L.<br \/>\n&#8220;Der Calcit hat meine Meinung \u00fcber mich elbst enorm verbessert und hilft mir, in stressigen Situationen ruhig zu bleiben.&#8221; \u2013 Stefan W.<\/p>\n","protected":false},"excerpt":{"rendered":"<p>Calcit \u2013 Der Stein f\u00fcr Stabilit\u00e4t Der Calcit ist bekannt f\u00fcr seine stabilisierenden Eigenschaften.\u00a0 Er ist in vielen Fraben erh\u00e4ltlich. Der Calcit variiert in Farbt\u00f6nen von transparentem Wei\u00df \u00fcber Gelb und Orange bis hin zu Gr\u00fcn und Blau. Hier bekommst du eine hellgelben Zitronencalcit. Calcite stammen oft aus Minen in Mexiko, und werden sorgf\u00e4ltig von [&hellip;]<\/p>\n","protected":false},"featured_media":9912,"comment_status":"closed","ping_status":"closed","template":"","meta":[],"product_brand":[],"product_cat":[194,262,263,636,175,320,758,305,317,273,277,698,635,656],"product_tag":[],"class_list":{"0":"post-16234","1":"product","2":"type-product","3":"status-publish","4":"has-post-thumbnail","6":"product_cat-anhaenger-gelb","7":"product_cat-edelsteine","8":"product_cat-edelsteine-a-z","9":"product_cat-edelsteine-nach-farben","10":"product_cat-gelbe-heilsteine-kaufen","11":"product_cat-gelbe-heilsteine","12":"product_cat-m","13":"product_cat-heilsteine","14":"product_cat-heilsteine-nach-farben","15":"product_cat-krebs-22-06-22-07","16":"product_cat-loewe-23-07-23-08","17":"product_cat-solarplexuschakra","18":"product_cat-steine-mit-c","19":"product_cat-steine-mit-z","20":"product_shipping_class-paket","21":"post-wrapper","22":"thrv_wrapper","24":"first","25":"instock","26":"taxable","27":"shipping-taxable","28":"purchasable","29":"product-type-simple"},"jetpack_sharing_enabled":true,"_links":{"self":[{"href":"https:\/\/www.ina-wissmann.de\/shop\/wp-json\/wp\/v2\/product\/16234","targetHints":{"allow":["GET"]}}],"collection":[{"href":"https:\/\/www.ina-wissmann.de\/shop\/wp-json\/wp\/v2\/product"}],"about":[{"href":"https:\/\/www.ina-wissmann.de\/shop\/wp-json\/wp\/v2\/types\/product"}],"replies":[{"embeddable":true,"href":"https:\/\/www.ina-wissmann.de\/shop\/wp-json\/wp\/v2\/comments?post=16234"}],"wp:featuredmedia":[{"embeddable":true,"href":"https:\/\/www.ina-wissmann.de\/shop\/wp-json\/wp\/v2\/media\/9912"}],"wp:attachment":[{"href":"https:\/\/www.ina-wissmann.de\/shop\/wp-json\/wp\/v2\/media?parent=16234"}],"wp:term":[{"taxonomy":"product_brand","embeddable":true,"href":"https:\/\/www.ina-wissmann.de\/shop\/wp-json\/wp\/v2\/product_brand?post=16234"},{"taxonomy":"product_cat","embeddable":true,"href":"https:\/\/www.ina-wissmann.de\/shop\/wp-json\/wp\/v2\/product_cat?post=16234"},{"taxonomy":"product_tag","embeddable":true,"href":"https:\/\/www.ina-wissmann.de\/shop\/wp-json\/wp\/v2\/product_tag?post=16234"}],"curies":[{"name":"wp","href":"https:\/\/api.w.org\/{rel}","templated":true}]}}