{"id":1621,"date":"2024-11-21T15:58:06","date_gmt":"2024-11-21T14:58:06","guid":{"rendered":"https:\/\/www.iwina.de\/?post_type=product&#038;p=1621"},"modified":"2024-12-13T16:41:44","modified_gmt":"2024-12-13T15:41:44","slug":"stichtit-trommelstein","status":"publish","type":"product","link":"https:\/\/www.ina-wissmann.de\/shop\/produkt\/stichtit-trommelstein\/","title":{"rendered":"Stichtit Trommelstein"},"content":{"rendered":"<p>Stichtit Trommelstein ca. 3 cm gro\u00df, ca. 6-8g, st\u00e4rkt bei vielen Sorgen, bringt Entschlossenheit in der Umsetzung notwendiger Ma\u00dfnahmen, l\u00f6st bei Anspannung im Kiefergelenk und Z\u00e4hneknirschen, unterst\u00fctzt die Quecksilberausleitung (Du kaufst einen dieser Steine in der Qualit\u00e4t wie abgebildet, wenn Du diesen Artikel bestellst)<\/p>\n","protected":false},"excerpt":{"rendered":"<p>Stichtit Trommelstein<\/p>\n","protected":false},"featured_media":2527,"comment_status":"open","ping_status":"open","template":"","meta":[],"product_brand":[],"product_cat":[262,263,305,317,180],"product_tag":[],"class_list":{"0":"post-1621","1":"product","2":"type-product","3":"status-publish","4":"has-post-thumbnail","6":"product_cat-edelsteine","7":"product_cat-edelsteine-a-z","8":"product_cat-heilsteine","9":"product_cat-heilsteine-nach-farben","10":"product_cat-violett","11":"product_shipping_class-paket","12":"post-wrapper","13":"thrv_wrapper","15":"first","16":"instock","17":"taxable","18":"shipping-taxable","19":"purchasable","20":"product-type-simple"},"jetpack_sharing_enabled":true,"_links":{"self":[{"href":"https:\/\/www.ina-wissmann.de\/shop\/wp-json\/wp\/v2\/product\/1621","targetHints":{"allow":["GET"]}}],"collection":[{"href":"https:\/\/www.ina-wissmann.de\/shop\/wp-json\/wp\/v2\/product"}],"about":[{"href":"https:\/\/www.ina-wissmann.de\/shop\/wp-json\/wp\/v2\/types\/product"}],"replies":[{"embeddable":true,"href":"https:\/\/www.ina-wissmann.de\/shop\/wp-json\/wp\/v2\/comments?post=1621"}],"wp:featuredmedia":[{"embeddable":true,"href":"https:\/\/www.ina-wissmann.de\/shop\/wp-json\/wp\/v2\/media\/2527"}],"wp:attachment":[{"href":"https:\/\/www.ina-wissmann.de\/shop\/wp-json\/wp\/v2\/media?parent=1621"}],"wp:term":[{"taxonomy":"product_brand","embeddable":true,"href":"https:\/\/www.ina-wissmann.de\/shop\/wp-json\/wp\/v2\/product_brand?post=1621"},{"taxonomy":"product_cat","embeddable":true,"href":"https:\/\/www.ina-wissmann.de\/shop\/wp-json\/wp\/v2\/product_cat?post=1621"},{"taxonomy":"product_tag","embeddable":true,"href":"https:\/\/www.ina-wissmann.de\/shop\/wp-json\/wp\/v2\/product_tag?post=1621"}],"curies":[{"name":"wp","href":"https:\/\/api.w.org\/{rel}","templated":true}]}}