{"id":16030,"date":"2024-12-21T18:42:04","date_gmt":"2024-12-21T17:42:04","guid":{"rendered":"https:\/\/www.ina-wissmann.de\/shop\/?post_type=product&#038;p=16030"},"modified":"2025-07-25T20:20:23","modified_gmt":"2025-07-25T18:20:23","slug":"regenbogenmondstein-m","status":"publish","type":"product","link":"https:\/\/www.ina-wissmann.de\/shop\/produkt\/regenbogenmondstein-m\/","title":{"rendered":"Labradorit weiss &#8220;Regenbogenmondstein&#8221; Trommelstein Gr. M"},"content":{"rendered":"<p>Oft wird er f\u00fcr spirituelle Entwicklung und F\u00f6rderung der Intuition genutzt. Er st\u00e4rkt deine Feinf\u00fchligkeit.<\/p>\n<p>Trage einen wei\u00dfen Labradorit als Schmuck, um deine Intuition zu st\u00e4rken und spirituelle Erkenntnisse zu f\u00f6rdern oder platziere ihn auf deinem Herzchakra oder dem 3. Auge w\u00e4hrend der Meditation, um Liebe und Verbindung zu vertiefen.<\/p>\n","protected":false},"excerpt":{"rendered":"<p>Wei\u00dfer Labradorit ist ein schillernder Stein mit wei\u00dfen und blauen Reflexen. Er wird im Handel auch \u201eRegenbogenmondstein\u201c genannt, was manchmal f\u00fcr Verwirrung sorgt.<\/p>\n<p>&nbsp;<\/p>\n","protected":false},"featured_media":16034,"comment_status":"closed","ping_status":"closed","template":"","meta":[],"product_brand":[],"product_cat":[644,758,219,765,646,650,696,174,326],"product_tag":[],"class_list":{"0":"post-16030","1":"product","2":"type-product","3":"status-publish","4":"has-post-thumbnail","6":"product_cat-steine-mit-l","7":"product_cat-m","8":"product_cat-handschmeichler-weiss","9":"product_cat-spiritualitaet-wachstum","10":"product_cat-steine-mit-m","11":"product_cat-steine-mit-r","12":"product_cat-stirnchakra","13":"product_cat-weiss","14":"product_cat-weisse-heilsteine","15":"product_shipping_class-paket","16":"post-wrapper","17":"thrv_wrapper","19":"first","20":"instock","21":"taxable","22":"shipping-taxable","23":"purchasable","24":"product-type-simple"},"jetpack_sharing_enabled":true,"_links":{"self":[{"href":"https:\/\/www.ina-wissmann.de\/shop\/wp-json\/wp\/v2\/product\/16030","targetHints":{"allow":["GET"]}}],"collection":[{"href":"https:\/\/www.ina-wissmann.de\/shop\/wp-json\/wp\/v2\/product"}],"about":[{"href":"https:\/\/www.ina-wissmann.de\/shop\/wp-json\/wp\/v2\/types\/product"}],"replies":[{"embeddable":true,"href":"https:\/\/www.ina-wissmann.de\/shop\/wp-json\/wp\/v2\/comments?post=16030"}],"wp:featuredmedia":[{"embeddable":true,"href":"https:\/\/www.ina-wissmann.de\/shop\/wp-json\/wp\/v2\/media\/16034"}],"wp:attachment":[{"href":"https:\/\/www.ina-wissmann.de\/shop\/wp-json\/wp\/v2\/media?parent=16030"}],"wp:term":[{"taxonomy":"product_brand","embeddable":true,"href":"https:\/\/www.ina-wissmann.de\/shop\/wp-json\/wp\/v2\/product_brand?post=16030"},{"taxonomy":"product_cat","embeddable":true,"href":"https:\/\/www.ina-wissmann.de\/shop\/wp-json\/wp\/v2\/product_cat?post=16030"},{"taxonomy":"product_tag","embeddable":true,"href":"https:\/\/www.ina-wissmann.de\/shop\/wp-json\/wp\/v2\/product_tag?post=16030"}],"curies":[{"name":"wp","href":"https:\/\/api.w.org\/{rel}","templated":true}]}}