{"id":1585,"date":"2019-03-18T22:10:09","date_gmt":"2019-03-18T21:10:09","guid":{"rendered":"https:\/\/www.iwina.de\/?post_type=product&#038;p=1585"},"modified":"2024-10-16T10:40:14","modified_gmt":"2024-10-16T08:40:14","slug":"opal-weiss-milchopal-trommelstein","status":"publish","type":"product","link":"https:\/\/www.ina-wissmann.de\/shop\/produkt\/opal-weiss-milchopal-trommelstein\/","title":{"rendered":"Opal wei\u00df Milchopal Trommelstein"},"content":{"rendered":"<p>Opal wei\u00df, Milchopal Trommelstein (gew\u00f6hnlicher wei\u00dfer Opal)<br \/>\nca. 3-3,5 cm gro\u00df, ca. 10g,<br \/>\nAufgeschlossenheit, hilft, sich und andere zu akzeptieren<br \/>\n(Du kaufst einen dieser Steine in der Qualit\u00e4t wie abgebildet, wenn Du diesen Artikel bestellst)<\/p>\n","protected":false},"excerpt":{"rendered":"<p>Opal wei\u00df Trommelstein<\/p>\n","protected":false},"featured_media":1509,"comment_status":"closed","ping_status":"closed","template":"","meta":[],"product_brand":[],"product_cat":[174,262,263,636,271,272,219,305,317,648,284,326],"product_tag":[],"class_list":{"0":"post-1585","1":"product","2":"type-product","3":"status-publish","4":"has-post-thumbnail","6":"product_cat-weiss","7":"product_cat-edelsteine","8":"product_cat-edelsteine-a-z","9":"product_cat-edelsteine-nach-farben","10":"product_cat-geburtssteine","11":"product_cat-geburtssteine-nach-sternzeichen","12":"product_cat-handschmeichler-weiss","13":"product_cat-heilsteine","14":"product_cat-heilsteine-nach-farben","15":"product_cat-steine-mit-o","16":"product_cat-wassermann-21-01-19-02","17":"product_cat-weisse-heilsteine","18":"product_shipping_class-paket","19":"post-wrapper","20":"thrv_wrapper","22":"first","23":"instock","24":"taxable","25":"shipping-taxable","26":"purchasable","27":"product-type-simple"},"jetpack_sharing_enabled":true,"_links":{"self":[{"href":"https:\/\/www.ina-wissmann.de\/shop\/wp-json\/wp\/v2\/product\/1585","targetHints":{"allow":["GET"]}}],"collection":[{"href":"https:\/\/www.ina-wissmann.de\/shop\/wp-json\/wp\/v2\/product"}],"about":[{"href":"https:\/\/www.ina-wissmann.de\/shop\/wp-json\/wp\/v2\/types\/product"}],"replies":[{"embeddable":true,"href":"https:\/\/www.ina-wissmann.de\/shop\/wp-json\/wp\/v2\/comments?post=1585"}],"wp:featuredmedia":[{"embeddable":true,"href":"https:\/\/www.ina-wissmann.de\/shop\/wp-json\/wp\/v2\/media\/1509"}],"wp:attachment":[{"href":"https:\/\/www.ina-wissmann.de\/shop\/wp-json\/wp\/v2\/media?parent=1585"}],"wp:term":[{"taxonomy":"product_brand","embeddable":true,"href":"https:\/\/www.ina-wissmann.de\/shop\/wp-json\/wp\/v2\/product_brand?post=1585"},{"taxonomy":"product_cat","embeddable":true,"href":"https:\/\/www.ina-wissmann.de\/shop\/wp-json\/wp\/v2\/product_cat?post=1585"},{"taxonomy":"product_tag","embeddable":true,"href":"https:\/\/www.ina-wissmann.de\/shop\/wp-json\/wp\/v2\/product_tag?post=1585"}],"curies":[{"name":"wp","href":"https:\/\/api.w.org\/{rel}","templated":true}]}}