{"id":1578,"date":"2019-03-18T21:39:17","date_gmt":"2019-03-18T20:39:17","guid":{"rendered":"https:\/\/www.iwina.de\/?post_type=product&#038;p=1578"},"modified":"2024-02-25T16:22:55","modified_gmt":"2024-02-25T15:22:55","slug":"bronzit-trommelstein","status":"publish","type":"product","link":"https:\/\/www.ina-wissmann.de\/shop\/produkt\/bronzit-trommelstein\/","title":{"rendered":"Bronzit (Ferro-Enstatit) Trommelstein"},"content":{"rendered":"<p>Bronzit(Ferro-Enstatit) Trommelstein<\/p>\n","protected":false},"excerpt":{"rendered":"<p>Bronzit (Ferro-Enstatit) Trommelstein<br \/>\nBronzit bringt innere Gelassenheit und die n\u00f6tige Ruhe, um auch bei bestehender Ersch\u00f6pfung in sehr stressigen Phasen einen k\u00fchlen Kopf zu wahren und die Kontrolle zu wahren.<br \/>\nca. 3-4 cm gro\u00df, ca. 24g,<\/p>\n","protected":false},"featured_media":1523,"comment_status":"closed","ping_status":"closed","template":"","meta":[],"product_brand":[],"product_cat":[182,329,262,263,636,189,305,317,377,634],"product_tag":[],"class_list":{"0":"post-1578","1":"product","2":"type-product","3":"status-publish","4":"has-post-thumbnail","6":"product_cat-braun","7":"product_cat-braune-heilsteine","8":"product_cat-edelsteine","9":"product_cat-edelsteine-a-z","10":"product_cat-edelsteine-nach-farben","11":"product_cat-handschmeichler-braun","12":"product_cat-heilsteine","13":"product_cat-heilsteine-nach-farben","14":"product_cat-neu-im-shop","15":"product_cat-steine-mit-b","16":"product_shipping_class-paket","17":"post-wrapper","18":"thrv_wrapper","20":"first","21":"instock","22":"taxable","23":"shipping-taxable","24":"purchasable","25":"product-type-simple"},"jetpack_sharing_enabled":true,"_links":{"self":[{"href":"https:\/\/www.ina-wissmann.de\/shop\/wp-json\/wp\/v2\/product\/1578","targetHints":{"allow":["GET"]}}],"collection":[{"href":"https:\/\/www.ina-wissmann.de\/shop\/wp-json\/wp\/v2\/product"}],"about":[{"href":"https:\/\/www.ina-wissmann.de\/shop\/wp-json\/wp\/v2\/types\/product"}],"replies":[{"embeddable":true,"href":"https:\/\/www.ina-wissmann.de\/shop\/wp-json\/wp\/v2\/comments?post=1578"}],"wp:featuredmedia":[{"embeddable":true,"href":"https:\/\/www.ina-wissmann.de\/shop\/wp-json\/wp\/v2\/media\/1523"}],"wp:attachment":[{"href":"https:\/\/www.ina-wissmann.de\/shop\/wp-json\/wp\/v2\/media?parent=1578"}],"wp:term":[{"taxonomy":"product_brand","embeddable":true,"href":"https:\/\/www.ina-wissmann.de\/shop\/wp-json\/wp\/v2\/product_brand?post=1578"},{"taxonomy":"product_cat","embeddable":true,"href":"https:\/\/www.ina-wissmann.de\/shop\/wp-json\/wp\/v2\/product_cat?post=1578"},{"taxonomy":"product_tag","embeddable":true,"href":"https:\/\/www.ina-wissmann.de\/shop\/wp-json\/wp\/v2\/product_tag?post=1578"}],"curies":[{"name":"wp","href":"https:\/\/api.w.org\/{rel}","templated":true}]}}