{"id":15622,"date":"2024-11-22T23:01:13","date_gmt":"2024-11-22T22:01:13","guid":{"rendered":"https:\/\/www.ina-wissmann.de\/shop\/?post_type=product&#038;p=15622"},"modified":"2025-03-02T15:28:19","modified_gmt":"2025-03-02T14:28:19","slug":"amethyst-rohchips-2","status":"publish","type":"product","link":"https:\/\/www.ina-wissmann.de\/shop\/produkt\/amethyst-rohchips-2\/","title":{"rendered":"Bergkristall Rohchips Dekosteine ca. 3-4cm"},"content":{"rendered":"<h4>Lieferumfang:<\/h4>\n<p>Bei Bestellung bekommst ca. 200g Rohsteine\/Dekochips in der Qualit\u00e4t wie abgebildet aus Brasilien.<\/p>\n<h4>Steine sind ein Naturprodukt<\/h4>\n<p>Edelsteine sind ein Naturprodukt und k\u00f6nnen Farbabweichungen und nat\u00fcrliche Risse an der Oberfl\u00e4che haben. Dies ist unvermeidlich, da nat\u00fcrlich entstanden. Trotz sorgf\u00e4ltiger Schleifarbeit kommt es zu unterschiedlichen Oberfl\u00e4chen und Polituren. Bitte ber\u00fccksichtige das bei deinem Einkauf. Du erwirbst ein Naturprodukt, wo keines so ist, wie das andere!<\/p>\n<p><em><img decoding=\"async\" class=\"size-full wp-image-7409 alignleft\" src=\"https:\/\/www.ina-wissmann.de\/shop\/wp-content\/uploads\/2021\/06\/SHop-Produkt-Anwender-Tipp-Bild.jpg\" alt=\"\" width=\"200\" height=\"200\" srcset=\"https:\/\/www.ina-wissmann.de\/shop\/wp-content\/uploads\/2021\/06\/SHop-Produkt-Anwender-Tipp-Bild.jpg 200w, https:\/\/www.ina-wissmann.de\/shop\/wp-content\/uploads\/2021\/06\/SHop-Produkt-Anwender-Tipp-Bild-150x150.jpg 150w, https:\/\/www.ina-wissmann.de\/shop\/wp-content\/uploads\/2021\/06\/SHop-Produkt-Anwender-Tipp-Bild-100x100.jpg 100w\" sizes=\"(max-width: 200px) 100vw, 200px\" \/><\/em><\/p>\n<p>&nbsp;<\/p>\n<p>&nbsp;<\/p>\n<p>Mit dem Bergkristall gewinnst du Klarheit!<\/p>\n","protected":false},"excerpt":{"rendered":"<h3>Beschreibung:<\/h3>\n<p>Bergkristall Rohsteine in unterschiedlichen Gr\u00f6\u00dfen von ca. 2-4cm<\/p>\n<h3>Bedeutung:<\/h3>\n<p>Der Bergkristall gibt Energie und bringt Klarheit in die unruhigen Gedanken.<\/p>\n","protected":false},"featured_media":15628,"comment_status":"open","ping_status":"closed","template":"","meta":[],"product_brand":[],"product_cat":[749,321,695,377,193,765,281,634,172,326,766],"product_tag":[],"class_list":{"0":"post-15622","1":"product","2":"type-product","3":"status-publish","4":"has-post-thumbnail","6":"product_cat-mineralien-rohsteine","7":"product_cat-gruene-heilsteine","8":"product_cat-kronenchakra","9":"product_cat-neu-im-shop","10":"product_cat-rohsteine-transparent","11":"product_cat-spiritualitaet-wachstum","12":"product_cat-steinbock-22-12-20-01","13":"product_cat-steine-mit-b","14":"product_cat-transparent","15":"product_cat-weisse-heilsteine","16":"product_cat-wohlstand-fuelle","17":"product_shipping_class-paket","18":"post-wrapper","19":"thrv_wrapper","21":"first","22":"instock","23":"taxable","24":"shipping-taxable","25":"purchasable","26":"product-type-simple"},"jetpack_sharing_enabled":true,"_links":{"self":[{"href":"https:\/\/www.ina-wissmann.de\/shop\/wp-json\/wp\/v2\/product\/15622","targetHints":{"allow":["GET"]}}],"collection":[{"href":"https:\/\/www.ina-wissmann.de\/shop\/wp-json\/wp\/v2\/product"}],"about":[{"href":"https:\/\/www.ina-wissmann.de\/shop\/wp-json\/wp\/v2\/types\/product"}],"replies":[{"embeddable":true,"href":"https:\/\/www.ina-wissmann.de\/shop\/wp-json\/wp\/v2\/comments?post=15622"}],"wp:featuredmedia":[{"embeddable":true,"href":"https:\/\/www.ina-wissmann.de\/shop\/wp-json\/wp\/v2\/media\/15628"}],"wp:attachment":[{"href":"https:\/\/www.ina-wissmann.de\/shop\/wp-json\/wp\/v2\/media?parent=15622"}],"wp:term":[{"taxonomy":"product_brand","embeddable":true,"href":"https:\/\/www.ina-wissmann.de\/shop\/wp-json\/wp\/v2\/product_brand?post=15622"},{"taxonomy":"product_cat","embeddable":true,"href":"https:\/\/www.ina-wissmann.de\/shop\/wp-json\/wp\/v2\/product_cat?post=15622"},{"taxonomy":"product_tag","embeddable":true,"href":"https:\/\/www.ina-wissmann.de\/shop\/wp-json\/wp\/v2\/product_tag?post=15622"}],"curies":[{"name":"wp","href":"https:\/\/api.w.org\/{rel}","templated":true}]}}