{"id":15535,"date":"2024-11-21T15:56:46","date_gmt":"2024-11-21T14:56:46","guid":{"rendered":"https:\/\/www.ina-wissmann.de\/shop\/produkt\/schoerl-anhaenger-tropfenform-gr-l-stabilisiert\/"},"modified":"2025-11-16T21:35:14","modified_gmt":"2025-11-16T20:35:14","slug":"schoerl-anhaenger-tropfenform-gr-l-stabilisiert","status":"publish","type":"product","link":"https:\/\/www.ina-wissmann.de\/shop\/produkt\/schoerl-anhaenger-tropfenform-gr-l-stabilisiert\/","title":{"rendered":"Sch\u00f6rl Anh\u00e4nger Tropfenform Gr. L (stabilisiert)"},"content":{"rendered":"<h4>Lieferumfang:<\/h4>\n<p> Bei Bestellung bekommst du einen der abgebildeten Steine. Zur besseren Stabilit\u00e4t sind die Steine stabilisiert. <\/p>\n<h4>Steine sind ein Naturprodukt<\/h4>\n<p> Edelsteine sind ein Naturprodukt und k\u00f6nnen Farbabweichungen und nat\u00fcrliche Risse an der Oberfl\u00e4che haben. Dies ist unvermeidlich, da nat\u00fcrlich entstanden. Trotz sorgf\u00e4ltiger Schleifarbeit kommt es zu unterschiedlichen Oberfl\u00e4chen und Polituren. Bitte ber\u00fccksichtige das bei deinem Einkauf. Du erwirbst ein Naturprodukt, wo keines so ist, wie das andere!  <em><img class=size-full wp-image-7409 alignleft src=https:\/\/www.ina-wissmann.de\/shop\/wp-content\/uploads\/2021\/06\/SHop-Produkt-Anwender-Tipp-Bild.jpg alt= width=200 height=200 \/><\/em>  &nbsp;  &nbsp;  Der Sch\u00f6rl ist einer der besten und wirkungsvollsten Schutzkristalle \u00fcberhaupt!<\/p>\n","protected":false},"excerpt":{"rendered":"<h3>Beschreibung:<\/h3>\n<p> Sch\u00f6rl Anh\u00e4nger Tropfenform Gr. L <\/p>\n<h3>Bedeutung:<\/h3>\n<p> Um mehr Schutz in dein Leben zu holen, kannst du den Sch\u00f6rl tragen, auch schwarzen Turmalin genannt. Auf der Thymusdr\u00fcse getragen verteilt sich seine Energie \u00fcber dein gesamtes K\u00f6rper- und Energiesystem. Schwarzer Turmalin ist wie eine energetische Grenze zwischen dir und deinem Gegen\u00fcber, wie ein Schutzschild, das dich bei dir bleiben l\u00e4sst und von au\u00dfen niemanden in deinen energetischen Raum hineinl\u00e4sst. Er bewahrt deine Grenzen und soll dich sogar vor Elektrosmog sch\u00fctzen . Mit dem Sch\u00f6rl nimmst du keine unerw\u00fcnschten Energien mehr auf und kommst ganz in deine Kraft. In R\u00e4umen kannst du ihn in allen Ecken platzieren, um dir einen Schutzkreis um dich herum aufzubauen. Es versiegelt den Raum f\u00fcr fremde Energien von au\u00dfen.  &nbsp;  &nbsp;  &nbsp;<\/p>\n","protected":false},"featured_media":13546,"comment_status":"open","ping_status":"closed","template":"","meta":[],"product_brand":[],"product_cat":[262,263,759,305,317,377,184,281,282],"product_tag":[],"class_list":{"0":"post-15535","1":"product","2":"type-product","3":"status-publish","4":"has-post-thumbnail","6":"product_cat-edelsteine","7":"product_cat-edelsteine-a-z","8":"product_cat-l","9":"product_cat-heilsteine","10":"product_cat-heilsteine-nach-farben","11":"product_cat-neu-im-shop","12":"product_cat-schwarz","13":"product_cat-steinbock-22-12-20-01","14":"product_cat-zwilling-21-05-21-06","15":"product_shipping_class-paket","16":"post-wrapper","17":"thrv_wrapper","19":"first","20":"instock","21":"taxable","22":"shipping-taxable","23":"purchasable","24":"product-type-simple"},"jetpack_sharing_enabled":true,"_links":{"self":[{"href":"https:\/\/www.ina-wissmann.de\/shop\/wp-json\/wp\/v2\/product\/15535","targetHints":{"allow":["GET"]}}],"collection":[{"href":"https:\/\/www.ina-wissmann.de\/shop\/wp-json\/wp\/v2\/product"}],"about":[{"href":"https:\/\/www.ina-wissmann.de\/shop\/wp-json\/wp\/v2\/types\/product"}],"replies":[{"embeddable":true,"href":"https:\/\/www.ina-wissmann.de\/shop\/wp-json\/wp\/v2\/comments?post=15535"}],"wp:featuredmedia":[{"embeddable":true,"href":"https:\/\/www.ina-wissmann.de\/shop\/wp-json\/wp\/v2\/media\/13546"}],"wp:attachment":[{"href":"https:\/\/www.ina-wissmann.de\/shop\/wp-json\/wp\/v2\/media?parent=15535"}],"wp:term":[{"taxonomy":"product_brand","embeddable":true,"href":"https:\/\/www.ina-wissmann.de\/shop\/wp-json\/wp\/v2\/product_brand?post=15535"},{"taxonomy":"product_cat","embeddable":true,"href":"https:\/\/www.ina-wissmann.de\/shop\/wp-json\/wp\/v2\/product_cat?post=15535"},{"taxonomy":"product_tag","embeddable":true,"href":"https:\/\/www.ina-wissmann.de\/shop\/wp-json\/wp\/v2\/product_tag?post=15535"}],"curies":[{"name":"wp","href":"https:\/\/api.w.org\/{rel}","templated":true}]}}