{"id":15525,"date":"2024-11-21T15:56:10","date_gmt":"2024-11-21T14:56:10","guid":{"rendered":"https:\/\/www.ina-wissmann.de\/shop\/produkt\/prehnit-trommelstein-gebohrt-gr-l\/"},"modified":"2024-12-13T16:41:00","modified_gmt":"2024-12-13T15:41:00","slug":"prehnit-trommelstein-gebohrt-gr-l","status":"publish","type":"product","link":"https:\/\/www.ina-wissmann.de\/shop\/produkt\/prehnit-trommelstein-gebohrt-gr-l\/","title":{"rendered":"Prehnit Trommelstein gebohrt Gr.L"},"content":{"rendered":"<p>Gelber Prehnit Trommelstein gebohrt<\/p>\n","protected":false},"excerpt":{"rendered":"<p>Prehnit Trommelstein gebohrt, f\u00fcr Lederband oder Silberkette Unterst\u00fctzt dich, dich selbst und anderen mehr Akzeptanz entgegenzubringen und unangenehme Wahrheiten anzunehmen, wird gerne getragen an einem sch\u00f6nen Lederband oder einer Silberkette als Dein Alltags-Unterst\u00fctzer. Ma\u00dfe: ca. 14g, 3\u00d72 cm gro\u00df, Lieferung ohne abgebildetes Lederband Bei Bestellung bekommst du genau diesen Stein geliefert!  <\/p>\n","protected":false},"featured_media":6117,"comment_status":"open","ping_status":"closed","template":"","meta":[],"product_brand":[],"product_cat":[262,263,175,759,305,317],"product_tag":[],"class_list":{"0":"post-15525","1":"product","2":"type-product","3":"status-publish","4":"has-post-thumbnail","6":"product_cat-edelsteine","7":"product_cat-edelsteine-a-z","8":"product_cat-gelbe-heilsteine-kaufen","9":"product_cat-l","10":"product_cat-heilsteine","11":"product_cat-heilsteine-nach-farben","12":"product_shipping_class-paket","13":"post-wrapper","14":"thrv_wrapper","16":"first","17":"instock","18":"taxable","19":"shipping-taxable","20":"purchasable","21":"product-type-simple"},"jetpack_sharing_enabled":true,"_links":{"self":[{"href":"https:\/\/www.ina-wissmann.de\/shop\/wp-json\/wp\/v2\/product\/15525","targetHints":{"allow":["GET"]}}],"collection":[{"href":"https:\/\/www.ina-wissmann.de\/shop\/wp-json\/wp\/v2\/product"}],"about":[{"href":"https:\/\/www.ina-wissmann.de\/shop\/wp-json\/wp\/v2\/types\/product"}],"replies":[{"embeddable":true,"href":"https:\/\/www.ina-wissmann.de\/shop\/wp-json\/wp\/v2\/comments?post=15525"}],"wp:featuredmedia":[{"embeddable":true,"href":"https:\/\/www.ina-wissmann.de\/shop\/wp-json\/wp\/v2\/media\/6117"}],"wp:attachment":[{"href":"https:\/\/www.ina-wissmann.de\/shop\/wp-json\/wp\/v2\/media?parent=15525"}],"wp:term":[{"taxonomy":"product_brand","embeddable":true,"href":"https:\/\/www.ina-wissmann.de\/shop\/wp-json\/wp\/v2\/product_brand?post=15525"},{"taxonomy":"product_cat","embeddable":true,"href":"https:\/\/www.ina-wissmann.de\/shop\/wp-json\/wp\/v2\/product_cat?post=15525"},{"taxonomy":"product_tag","embeddable":true,"href":"https:\/\/www.ina-wissmann.de\/shop\/wp-json\/wp\/v2\/product_tag?post=15525"}],"curies":[{"name":"wp","href":"https:\/\/api.w.org\/{rel}","templated":true}]}}