{"id":15516,"date":"2024-11-21T15:55:36","date_gmt":"2024-11-21T14:55:36","guid":{"rendered":"https:\/\/www.ina-wissmann.de\/shop\/produkt\/onyx-marmor-trommelstein-2\/"},"modified":"2025-03-02T16:00:11","modified_gmt":"2025-03-02T15:00:11","slug":"onyx-marmor-trommelstein-2","status":"publish","type":"product","link":"https:\/\/www.ina-wissmann.de\/shop\/produkt\/onyx-marmor-trommelstein-2\/","title":{"rendered":"Onyx Marmor Trommelstein"},"content":{"rendered":"<p>Onyx Marmor Trommelstein (Aragonit Calcit) ca. 2-3 cm gro\u00df, ca. 12g, Rhythmische Entwicklung, bringt Ruhe und Aktivit\u00e4t in Ausgewogenheit (Du kaufst einen dieser Steine in der Qualit\u00e4t wie abgebildet, wenn Du diesen Artikel bestellst)<\/p>\n","protected":false},"excerpt":{"rendered":"<p>Onyx-Marmor Trommelstein<\/p>\n","protected":false},"featured_media":1521,"comment_status":"open","ping_status":"open","template":"","meta":[],"product_brand":[],"product_cat":[262,263,178,305,317,273],"product_tag":[],"class_list":{"0":"post-15516","1":"product","2":"type-product","3":"status-publish","4":"has-post-thumbnail","6":"product_cat-edelsteine","7":"product_cat-edelsteine-a-z","8":"product_cat-gruen","9":"product_cat-heilsteine","10":"product_cat-heilsteine-nach-farben","11":"product_cat-krebs-22-06-22-07","12":"product_shipping_class-paket","13":"post-wrapper","14":"thrv_wrapper","16":"first","17":"instock","18":"taxable","19":"shipping-taxable","20":"purchasable","21":"product-type-simple"},"jetpack_sharing_enabled":true,"_links":{"self":[{"href":"https:\/\/www.ina-wissmann.de\/shop\/wp-json\/wp\/v2\/product\/15516","targetHints":{"allow":["GET"]}}],"collection":[{"href":"https:\/\/www.ina-wissmann.de\/shop\/wp-json\/wp\/v2\/product"}],"about":[{"href":"https:\/\/www.ina-wissmann.de\/shop\/wp-json\/wp\/v2\/types\/product"}],"replies":[{"embeddable":true,"href":"https:\/\/www.ina-wissmann.de\/shop\/wp-json\/wp\/v2\/comments?post=15516"}],"wp:featuredmedia":[{"embeddable":true,"href":"https:\/\/www.ina-wissmann.de\/shop\/wp-json\/wp\/v2\/media\/1521"}],"wp:attachment":[{"href":"https:\/\/www.ina-wissmann.de\/shop\/wp-json\/wp\/v2\/media?parent=15516"}],"wp:term":[{"taxonomy":"product_brand","embeddable":true,"href":"https:\/\/www.ina-wissmann.de\/shop\/wp-json\/wp\/v2\/product_brand?post=15516"},{"taxonomy":"product_cat","embeddable":true,"href":"https:\/\/www.ina-wissmann.de\/shop\/wp-json\/wp\/v2\/product_cat?post=15516"},{"taxonomy":"product_tag","embeddable":true,"href":"https:\/\/www.ina-wissmann.de\/shop\/wp-json\/wp\/v2\/product_tag?post=15516"}],"curies":[{"name":"wp","href":"https:\/\/api.w.org\/{rel}","templated":true}]}}