{"id":15510,"date":"2024-11-21T15:54:55","date_gmt":"2024-11-21T14:54:55","guid":{"rendered":"https:\/\/www.ina-wissmann.de\/shop\/produkt\/malachit-trommelstein-anhaenger-mit-stiftoese-gr-m\/"},"modified":"2025-03-02T16:46:35","modified_gmt":"2025-03-02T15:46:35","slug":"malachit-trommelstein-anhaenger-mit-stiftoese-gr-m","status":"publish","type":"product","link":"https:\/\/www.ina-wissmann.de\/shop\/produkt\/malachit-trommelstein-anhaenger-mit-stiftoese-gr-m\/","title":{"rendered":"Malachit Trommelstein-Anh\u00e4nger mit Stift\u00f6se Gr.M"},"content":{"rendered":"<p>Wundersch\u00f6ne kleine Anh\u00e4nger aus Malachit mit Stift\u00f6se aus dem Kongo. Malachit vertieft das Gef\u00fchlsleben und begleitet dich bei Abenteuern im Leben<\/p>\n","protected":false},"excerpt":{"rendered":"<p>Malachit Trommelstein Anh\u00e4nger Gr.M<\/p>\n","protected":false},"featured_media":10111,"comment_status":"open","ping_status":"closed","template":"","meta":[],"product_brand":[],"product_cat":[262,263,271,758,178,305,317,755,274,646,279,283],"product_tag":[],"class_list":{"0":"post-15510","1":"product","2":"type-product","3":"status-publish","4":"has-post-thumbnail","6":"product_cat-edelsteine","7":"product_cat-edelsteine-a-z","8":"product_cat-geburtssteine","9":"product_cat-m","10":"product_cat-gruen","11":"product_cat-heilsteine","12":"product_cat-heilsteine-nach-farben","13":"product_cat-herzchakra","14":"product_cat-skorpion-24-10-22-11","15":"product_cat-steine-mit-m","16":"product_cat-stier-21-04-20-05","17":"product_cat-waage-24-09-23-10","18":"product_shipping_class-paket","19":"post-wrapper","20":"thrv_wrapper","22":"first","23":"instock","24":"taxable","25":"shipping-taxable","26":"purchasable","27":"product-type-simple"},"jetpack_sharing_enabled":true,"_links":{"self":[{"href":"https:\/\/www.ina-wissmann.de\/shop\/wp-json\/wp\/v2\/product\/15510","targetHints":{"allow":["GET"]}}],"collection":[{"href":"https:\/\/www.ina-wissmann.de\/shop\/wp-json\/wp\/v2\/product"}],"about":[{"href":"https:\/\/www.ina-wissmann.de\/shop\/wp-json\/wp\/v2\/types\/product"}],"replies":[{"embeddable":true,"href":"https:\/\/www.ina-wissmann.de\/shop\/wp-json\/wp\/v2\/comments?post=15510"}],"wp:featuredmedia":[{"embeddable":true,"href":"https:\/\/www.ina-wissmann.de\/shop\/wp-json\/wp\/v2\/media\/10111"}],"wp:attachment":[{"href":"https:\/\/www.ina-wissmann.de\/shop\/wp-json\/wp\/v2\/media?parent=15510"}],"wp:term":[{"taxonomy":"product_brand","embeddable":true,"href":"https:\/\/www.ina-wissmann.de\/shop\/wp-json\/wp\/v2\/product_brand?post=15510"},{"taxonomy":"product_cat","embeddable":true,"href":"https:\/\/www.ina-wissmann.de\/shop\/wp-json\/wp\/v2\/product_cat?post=15510"},{"taxonomy":"product_tag","embeddable":true,"href":"https:\/\/www.ina-wissmann.de\/shop\/wp-json\/wp\/v2\/product_tag?post=15510"}],"curies":[{"name":"wp","href":"https:\/\/api.w.org\/{rel}","templated":true}]}}