{"id":15504,"date":"2024-11-21T15:54:55","date_gmt":"2024-11-21T14:54:55","guid":{"rendered":"https:\/\/www.ina-wissmann.de\/shop\/produkt\/malachit-mit-chrysokoll-rohstein-gr-xxl\/"},"modified":"2025-03-02T15:18:59","modified_gmt":"2025-03-02T14:18:59","slug":"malachit-mit-chrysokoll-rohstein-gr-xxl","status":"publish","type":"product","link":"https:\/\/www.ina-wissmann.de\/shop\/produkt\/malachit-mit-chrysokoll-rohstein-gr-xxl\/","title":{"rendered":"Malachit mit Chrysokoll Rohstein Gr.XXL"},"content":{"rendered":"<p>Malachit mit Chrysokoll Gr.XXL Tolle Zeichnungen, super Farbe<\/p>\n","protected":false},"excerpt":{"rendered":"<p>Malachit Rohst\u00fcck mit Chrysokoll \u00dcberzug ca. 5cm gro\u00dfe Ausf\u00fchrung , sch\u00f6ne Signatur  Beim Kauf bekommst du einen der abgebildeten Steine!  Gr\u00f6\u00dfe ca. 2,5-3cm, Herkunft: Kongo<\/p>\n","protected":false},"featured_media":0,"comment_status":"open","ping_status":"closed","template":"","meta":[],"product_brand":[],"product_cat":[262,263,271,761,178,305,317,755,646,279,283],"product_tag":[],"class_list":{"0":"post-15504","1":"product","2":"type-product","3":"status-publish","5":"product_cat-edelsteine","6":"product_cat-edelsteine-a-z","7":"product_cat-geburtssteine","8":"product_cat-xxl","9":"product_cat-gruen","10":"product_cat-heilsteine","11":"product_cat-heilsteine-nach-farben","12":"product_cat-herzchakra","13":"product_cat-steine-mit-m","14":"product_cat-stier-21-04-20-05","15":"product_cat-waage-24-09-23-10","16":"product_shipping_class-paket","17":"post-wrapper","18":"thrv_wrapper","20":"first","21":"instock","22":"taxable","23":"shipping-taxable","24":"purchasable","25":"product-type-simple"},"jetpack_sharing_enabled":true,"_links":{"self":[{"href":"https:\/\/www.ina-wissmann.de\/shop\/wp-json\/wp\/v2\/product\/15504","targetHints":{"allow":["GET"]}}],"collection":[{"href":"https:\/\/www.ina-wissmann.de\/shop\/wp-json\/wp\/v2\/product"}],"about":[{"href":"https:\/\/www.ina-wissmann.de\/shop\/wp-json\/wp\/v2\/types\/product"}],"replies":[{"embeddable":true,"href":"https:\/\/www.ina-wissmann.de\/shop\/wp-json\/wp\/v2\/comments?post=15504"}],"wp:attachment":[{"href":"https:\/\/www.ina-wissmann.de\/shop\/wp-json\/wp\/v2\/media?parent=15504"}],"wp:term":[{"taxonomy":"product_brand","embeddable":true,"href":"https:\/\/www.ina-wissmann.de\/shop\/wp-json\/wp\/v2\/product_brand?post=15504"},{"taxonomy":"product_cat","embeddable":true,"href":"https:\/\/www.ina-wissmann.de\/shop\/wp-json\/wp\/v2\/product_cat?post=15504"},{"taxonomy":"product_tag","embeddable":true,"href":"https:\/\/www.ina-wissmann.de\/shop\/wp-json\/wp\/v2\/product_tag?post=15504"}],"curies":[{"name":"wp","href":"https:\/\/api.w.org\/{rel}","templated":true}]}}