{"id":15483,"date":"2024-11-21T15:54:26","date_gmt":"2024-11-21T14:54:26","guid":{"rendered":"https:\/\/www.ina-wissmann.de\/shop\/produkt\/labradorit-gebohrte-anhaenger-linsenform-a-qualitaet-gr-l\/"},"modified":"2025-03-02T15:57:38","modified_gmt":"2025-03-02T14:57:38","slug":"labradorit-gebohrte-anhaenger-linsenform-a-qualitaet-gr-l","status":"publish","type":"product","link":"https:\/\/www.ina-wissmann.de\/shop\/produkt\/labradorit-gebohrte-anhaenger-linsenform-a-qualitaet-gr-l\/","title":{"rendered":"Labradorit gebohrte Anh\u00e4nger Linsenform A-Qualit\u00e4t Gr.L"},"content":{"rendered":"<h4>Herkunft:<\/h4>\n<p> Madagaskar <\/p>\n<h4>Lieferumfang<\/h4>\n<p> Bei Bestellung bekommst du genau einen der abgebildeten Steine.  <strong>Steine sind ein Naturprodukt<\/strong>  Edelsteine sind ein Naturprodukt und k\u00f6nnen Farbabweichungen und nat\u00fcrliche Risse an der Oberfl\u00e4che haben. Dies ist unvermeidlich, da nat\u00fcrlich entstanden. Trotz sorgf\u00e4ltiger Schleifarbeit kommt es zu unterschiedlichen Oberfl\u00e4chen und Polituren. Bitte ber\u00fccksichtige das bei deinem Einkauf. Du erwirbst ein Naturprodukt, wo keines so ist, wie das andere!  <em><img class=size-full wp-image-7409 alignleft src=https:\/\/www.ina-wissmann.de\/shop\/wp-content\/uploads\/2021\/06\/SHop-Produkt-Anwender-Tipp-Bild.jpg alt= width=200 height=200 \/><\/em>  &nbsp;  &nbsp;  Mit dem Labradorit st\u00e4rkst du deine Intuition!<\/p>\n","protected":false},"excerpt":{"rendered":"<h3>Beschreibung:<\/h3>\n<p> Labradorit Trommelstein Madagaskar A-Qualit\u00e4t, gebohrte Anh\u00e4nger in flacher Linsenform und sch\u00f6n bunt schillernd <\/p>\n<h3>Bedeutung:<\/h3>\n<p class=tve-droppable data-css=tve-u-18e43db1904><span data-css=tve-u-186b7003022>Labradorit ist ein faszinierender Heilstein, der f\u00fcr seine einzigartigen Farben und seine schillernden Eigenschaften bekannt ist. Labradorit wird oft als Stein der Transformation bezeichnet und wird verwendet, um positive Ver\u00e4nderungen im Leben zu f\u00f6rdern. Auch ist er ein Schutzstein, der negative Energien abwehren und eine Schutzbarriere um dich herum errichten kann.<\/span><\/p>\n<p class=tve-droppable data-css=tve-u-18e43db1906><span data-css=tve-u-186b7003025>Der Labradorit, der auch Feldspat genannt wird, st\u00e4rkt Deine Intuition und mediale Gabe und l\u00e4sst Dich tief in Deine Gef\u00fchlswelt eintauchen. Er f\u00f6rdert vergessene Erinnerungen zutage und hilft Dir Illusionen besser zu erkennen.<\/span><\/p>\n<p> &nbsp;  &nbsp;<\/p>\n","protected":false},"featured_media":13483,"comment_status":"open","ping_status":"closed","template":"","meta":[],"product_brand":[],"product_cat":[179,181,262,263,759,305,317,273,377],"product_tag":[],"class_list":{"0":"post-15483","1":"product","2":"type-product","3":"status-publish","4":"has-post-thumbnail","6":"product_cat-blau","7":"product_cat-bunt","8":"product_cat-edelsteine","9":"product_cat-edelsteine-a-z","10":"product_cat-l","11":"product_cat-heilsteine","12":"product_cat-heilsteine-nach-farben","13":"product_cat-krebs-22-06-22-07","14":"product_cat-neu-im-shop","15":"product_shipping_class-paket","16":"post-wrapper","17":"thrv_wrapper","19":"first","20":"outofstock","21":"taxable","22":"shipping-taxable","23":"purchasable","24":"product-type-simple"},"jetpack_sharing_enabled":true,"_links":{"self":[{"href":"https:\/\/www.ina-wissmann.de\/shop\/wp-json\/wp\/v2\/product\/15483","targetHints":{"allow":["GET"]}}],"collection":[{"href":"https:\/\/www.ina-wissmann.de\/shop\/wp-json\/wp\/v2\/product"}],"about":[{"href":"https:\/\/www.ina-wissmann.de\/shop\/wp-json\/wp\/v2\/types\/product"}],"replies":[{"embeddable":true,"href":"https:\/\/www.ina-wissmann.de\/shop\/wp-json\/wp\/v2\/comments?post=15483"}],"wp:featuredmedia":[{"embeddable":true,"href":"https:\/\/www.ina-wissmann.de\/shop\/wp-json\/wp\/v2\/media\/13483"}],"wp:attachment":[{"href":"https:\/\/www.ina-wissmann.de\/shop\/wp-json\/wp\/v2\/media?parent=15483"}],"wp:term":[{"taxonomy":"product_brand","embeddable":true,"href":"https:\/\/www.ina-wissmann.de\/shop\/wp-json\/wp\/v2\/product_brand?post=15483"},{"taxonomy":"product_cat","embeddable":true,"href":"https:\/\/www.ina-wissmann.de\/shop\/wp-json\/wp\/v2\/product_cat?post=15483"},{"taxonomy":"product_tag","embeddable":true,"href":"https:\/\/www.ina-wissmann.de\/shop\/wp-json\/wp\/v2\/product_tag?post=15483"}],"curies":[{"name":"wp","href":"https:\/\/api.w.org\/{rel}","templated":true}]}}