{"id":15481,"date":"2024-11-21T15:54:26","date_gmt":"2024-11-21T14:54:26","guid":{"rendered":"https:\/\/www.ina-wissmann.de\/shop\/produkt\/karneol-trommelstein-natur-gr-m\/"},"modified":"2025-03-02T15:53:17","modified_gmt":"2025-03-02T14:53:17","slug":"karneol-trommelstein-natur-gr-m","status":"publish","type":"product","link":"https:\/\/www.ina-wissmann.de\/shop\/produkt\/karneol-trommelstein-natur-gr-m\/","title":{"rendered":"Karneol Trommelstein natur Gr.M"},"content":{"rendered":"<p>Leidenschaft &#8211; Kreativit\u00e4t &#8211; Inspiration<\/p>\n","protected":false},"excerpt":{"rendered":"<p>Karneol Trommelstein natur, ca. 1,5 x 2cm Unterst\u00fctzt, pragmatischer und tatkr\u00e4ftiger zu werden. Hilft die Laune zu verbessern. Beruhigender Stein f\u00fcr das Sternzeichen Krebs, dem Element Wasser zugeordnet<\/p>\n","protected":false},"featured_media":2422,"comment_status":"open","ping_status":"closed","template":"","meta":[],"product_brand":[],"product_cat":[262,263,271,758,305,317,770,273,176],"product_tag":[],"class_list":{"0":"post-15481","1":"product","2":"type-product","3":"status-publish","4":"has-post-thumbnail","6":"product_cat-edelsteine","7":"product_cat-edelsteine-a-z","8":"product_cat-geburtssteine","9":"product_cat-m","10":"product_cat-heilsteine","11":"product_cat-heilsteine-nach-farben","12":"product_cat-kreativitaet-inspiration","13":"product_cat-krebs-22-06-22-07","14":"product_cat-orange-heilsteine-kaufen-hebt-die-stimmung-und-macht-froehlich","15":"product_shipping_class-paket","16":"post-wrapper","17":"thrv_wrapper","19":"first","20":"instock","21":"taxable","22":"shipping-taxable","23":"purchasable","24":"product-type-simple"},"jetpack_sharing_enabled":true,"_links":{"self":[{"href":"https:\/\/www.ina-wissmann.de\/shop\/wp-json\/wp\/v2\/product\/15481","targetHints":{"allow":["GET"]}}],"collection":[{"href":"https:\/\/www.ina-wissmann.de\/shop\/wp-json\/wp\/v2\/product"}],"about":[{"href":"https:\/\/www.ina-wissmann.de\/shop\/wp-json\/wp\/v2\/types\/product"}],"replies":[{"embeddable":true,"href":"https:\/\/www.ina-wissmann.de\/shop\/wp-json\/wp\/v2\/comments?post=15481"}],"wp:featuredmedia":[{"embeddable":true,"href":"https:\/\/www.ina-wissmann.de\/shop\/wp-json\/wp\/v2\/media\/2422"}],"wp:attachment":[{"href":"https:\/\/www.ina-wissmann.de\/shop\/wp-json\/wp\/v2\/media?parent=15481"}],"wp:term":[{"taxonomy":"product_brand","embeddable":true,"href":"https:\/\/www.ina-wissmann.de\/shop\/wp-json\/wp\/v2\/product_brand?post=15481"},{"taxonomy":"product_cat","embeddable":true,"href":"https:\/\/www.ina-wissmann.de\/shop\/wp-json\/wp\/v2\/product_cat?post=15481"},{"taxonomy":"product_tag","embeddable":true,"href":"https:\/\/www.ina-wissmann.de\/shop\/wp-json\/wp\/v2\/product_tag?post=15481"}],"curies":[{"name":"wp","href":"https:\/\/api.w.org\/{rel}","templated":true}]}}