{"id":15457,"date":"2024-11-21T15:53:43","date_gmt":"2024-11-21T14:53:43","guid":{"rendered":"https:\/\/www.ina-wissmann.de\/shop\/produkt\/fluorit-gelb-regenbogenfarben-gr-l\/"},"modified":"2025-11-14T20:02:27","modified_gmt":"2025-11-14T19:02:27","slug":"fluorit-gelb-regenbogenfarben-gr-l","status":"publish","type":"product","link":"https:\/\/www.ina-wissmann.de\/shop\/produkt\/fluorit-gelb-regenbogenfarben-gr-l\/","title":{"rendered":"Fluorit gelb Regenbogenfarben Gr. L"},"content":{"rendered":"<h4>Herkunft:<\/h4>\n<p>China<\/p>\n<h4>Lieferumfang:<\/h4>\n<p>Wie Abbildung<\/p>\n<h4>Steine sind ein Naturprodukt<\/h4>\n<p>Edelsteine sind ein Naturprodukt und k\u00f6nnen Farbabweichungen und nat\u00fcrliche Risse an der Oberfl\u00e4che haben. Dies ist unvermeidlich, da nat\u00fcrlich entstanden. Trotz sorgf\u00e4ltiger Schleifarbeit kommt es zu unterschiedlichen Oberfl\u00e4chen und Polituren. Bitte ber\u00fccksichtige das bei deinem Einkauf. Du erwirbst ein Naturprodukt, wo keines so ist, wie das andere!<br \/>\n<em><img decoding=\"async\" class=\"size-full\" src=\"https:\/\/www.ina-wissmann.de\/shop\/wp-content\/uploads\/2021\/06\/SHop-Produkt-Anwender-Tipp-Bild.jpg\" alt=\"width=200\" height=\"200\" \/><\/em> \u00a0 \u00a0 Mit dem Fluorti f\u00e4llt das Aufr\u00e4umen leichter!<\/p>\n","protected":false},"excerpt":{"rendered":"<h3>Beschreibung:<\/h3>\n<p>Fluorit gelb Regenbogenfarben Gr. L<\/p>\n<h3>Bedeutung:<\/h3>\n<p>Der Regenbogenfluoirt unterst\u00fctzt deinen Freigeist. Er bringt Abwechslung und emotionale Lebendigkeit in dein Leben. Der Stein f\u00f6rdert deine Entscheidungs\u00adfreiheit und macht erfinderisch. Der gelbe Fluoirt unterst\u00fctzt dich beim Lernen und das Verstehen f\u00e4llt dir mit ihm leichter. Mit Ihm hast du eine positive Le\u00adbenseinstellung. Er unterst\u00fctzt dich Informationen und Erlebnisse schneller zu verdauen.<\/p>\n","protected":false},"featured_media":0,"comment_status":"open","ping_status":"closed","template":"","meta":[],"product_brand":[],"product_cat":[181,262,263,275,175,759,305,317,377,282],"product_tag":[],"class_list":{"0":"post-15457","1":"product","2":"type-product","3":"status-publish","5":"product_cat-bunt","6":"product_cat-edelsteine","7":"product_cat-edelsteine-a-z","8":"product_cat-fische-20-02-20-03","9":"product_cat-gelbe-heilsteine-kaufen","10":"product_cat-l","11":"product_cat-heilsteine","12":"product_cat-heilsteine-nach-farben","13":"product_cat-neu-im-shop","14":"product_cat-zwilling-21-05-21-06","15":"product_shipping_class-paket","16":"post-wrapper","17":"thrv_wrapper","19":"first","20":"instock","21":"taxable","22":"shipping-taxable","23":"purchasable","24":"product-type-simple"},"jetpack_sharing_enabled":true,"_links":{"self":[{"href":"https:\/\/www.ina-wissmann.de\/shop\/wp-json\/wp\/v2\/product\/15457","targetHints":{"allow":["GET"]}}],"collection":[{"href":"https:\/\/www.ina-wissmann.de\/shop\/wp-json\/wp\/v2\/product"}],"about":[{"href":"https:\/\/www.ina-wissmann.de\/shop\/wp-json\/wp\/v2\/types\/product"}],"replies":[{"embeddable":true,"href":"https:\/\/www.ina-wissmann.de\/shop\/wp-json\/wp\/v2\/comments?post=15457"}],"wp:attachment":[{"href":"https:\/\/www.ina-wissmann.de\/shop\/wp-json\/wp\/v2\/media?parent=15457"}],"wp:term":[{"taxonomy":"product_brand","embeddable":true,"href":"https:\/\/www.ina-wissmann.de\/shop\/wp-json\/wp\/v2\/product_brand?post=15457"},{"taxonomy":"product_cat","embeddable":true,"href":"https:\/\/www.ina-wissmann.de\/shop\/wp-json\/wp\/v2\/product_cat?post=15457"},{"taxonomy":"product_tag","embeddable":true,"href":"https:\/\/www.ina-wissmann.de\/shop\/wp-json\/wp\/v2\/product_tag?post=15457"}],"curies":[{"name":"wp","href":"https:\/\/api.w.org\/{rel}","templated":true}]}}