{"id":15444,"date":"2024-11-21T15:53:29","date_gmt":"2024-11-21T14:53:29","guid":{"rendered":"https:\/\/www.ina-wissmann.de\/shop\/produkt\/dendritenopal-trommelstein-gr-l\/"},"modified":"2025-03-02T12:20:22","modified_gmt":"2025-03-02T11:20:22","slug":"dendritenopal-trommelstein-gr-l","status":"publish","type":"product","link":"https:\/\/www.ina-wissmann.de\/shop\/produkt\/dendritenopal-trommelstein-gr-l\/","title":{"rendered":"Dendritenopal Trommelstein Gr.L"},"content":{"rendered":"<p>Achat mit Dendriten, Handschmeichler<\/p>\n","protected":false},"excerpt":{"rendered":"<p>Wei\u00dfer Opal mit wundersch\u00f6ner Dendritensignatur. Jeder Einzelne ein Kunstwerk f\u00fcr sich. Dendritenopale stehen f\u00fcr Zug\u00e4nglichkeit. Er verbessert den Kontakt zur Umwelt<\/p>\n","protected":false},"featured_media":6060,"comment_status":"open","ping_status":"closed","template":"","meta":[],"product_brand":[],"product_cat":[262,263,759,183,386,198,305,317,637],"product_tag":[],"class_list":{"0":"post-15444","1":"product","2":"type-product","3":"status-publish","4":"has-post-thumbnail","6":"product_cat-edelsteine","7":"product_cat-edelsteine-a-z","8":"product_cat-l","9":"product_cat-graue","10":"product_cat-graue-heilsteine","11":"product_cat-handschmeichler-grau","12":"product_cat-heilsteine","13":"product_cat-heilsteine-nach-farben","14":"product_cat-steine-mit-d","15":"product_shipping_class-paket","16":"post-wrapper","17":"thrv_wrapper","19":"first","20":"instock","21":"taxable","22":"shipping-taxable","23":"purchasable","24":"product-type-simple"},"jetpack_sharing_enabled":true,"_links":{"self":[{"href":"https:\/\/www.ina-wissmann.de\/shop\/wp-json\/wp\/v2\/product\/15444","targetHints":{"allow":["GET"]}}],"collection":[{"href":"https:\/\/www.ina-wissmann.de\/shop\/wp-json\/wp\/v2\/product"}],"about":[{"href":"https:\/\/www.ina-wissmann.de\/shop\/wp-json\/wp\/v2\/types\/product"}],"replies":[{"embeddable":true,"href":"https:\/\/www.ina-wissmann.de\/shop\/wp-json\/wp\/v2\/comments?post=15444"}],"wp:featuredmedia":[{"embeddable":true,"href":"https:\/\/www.ina-wissmann.de\/shop\/wp-json\/wp\/v2\/media\/6060"}],"wp:attachment":[{"href":"https:\/\/www.ina-wissmann.de\/shop\/wp-json\/wp\/v2\/media?parent=15444"}],"wp:term":[{"taxonomy":"product_brand","embeddable":true,"href":"https:\/\/www.ina-wissmann.de\/shop\/wp-json\/wp\/v2\/product_brand?post=15444"},{"taxonomy":"product_cat","embeddable":true,"href":"https:\/\/www.ina-wissmann.de\/shop\/wp-json\/wp\/v2\/product_cat?post=15444"},{"taxonomy":"product_tag","embeddable":true,"href":"https:\/\/www.ina-wissmann.de\/shop\/wp-json\/wp\/v2\/product_tag?post=15444"}],"curies":[{"name":"wp","href":"https:\/\/api.w.org\/{rel}","templated":true}]}}