{"id":15442,"date":"2024-11-21T15:53:29","date_gmt":"2024-11-21T14:53:29","guid":{"rendered":"https:\/\/www.ina-wissmann.de\/shop\/produkt\/citrin-natur-trommelstein-gr-m-l\/"},"modified":"2025-03-02T14:53:40","modified_gmt":"2025-03-02T13:53:40","slug":"citrin-natur-trommelstein-gr-m-l","status":"publish","type":"product","link":"https:\/\/www.ina-wissmann.de\/shop\/produkt\/citrin-natur-trommelstein-gr-m-l\/","title":{"rendered":"Citrin natur Trommelstein Gr.M-L"},"content":{"rendered":"<p>Naturcitrin Handschmeichler<\/p>\n","protected":false},"excerpt":{"rendered":"<p>Naturcitrin getrommelt als Handschmeichler ca. 2-3cm gro\u00df Besonders intensiv in der Meditation St\u00e4rkt den Selbstwert und l\u00e4sst dich aus deiner Mitte heraus strahlen Unterst\u00fctzt dein Selbstbewusstsein<\/p>\n","protected":false},"featured_media":5796,"comment_status":"open","ping_status":"closed","template":"","meta":[],"product_brand":[],"product_cat":[262,263,271,175,758,305,317,277,377,765,635],"product_tag":[],"class_list":{"0":"post-15442","1":"product","2":"type-product","3":"status-publish","4":"has-post-thumbnail","6":"product_cat-edelsteine","7":"product_cat-edelsteine-a-z","8":"product_cat-geburtssteine","9":"product_cat-gelbe-heilsteine-kaufen","10":"product_cat-m","11":"product_cat-heilsteine","12":"product_cat-heilsteine-nach-farben","13":"product_cat-loewe-23-07-23-08","14":"product_cat-neu-im-shop","15":"product_cat-spiritualitaet-wachstum","16":"product_cat-steine-mit-c","17":"product_shipping_class-paket","18":"post-wrapper","19":"thrv_wrapper","21":"first","22":"instock","23":"taxable","24":"shipping-taxable","25":"purchasable","26":"product-type-simple"},"jetpack_sharing_enabled":true,"_links":{"self":[{"href":"https:\/\/www.ina-wissmann.de\/shop\/wp-json\/wp\/v2\/product\/15442","targetHints":{"allow":["GET"]}}],"collection":[{"href":"https:\/\/www.ina-wissmann.de\/shop\/wp-json\/wp\/v2\/product"}],"about":[{"href":"https:\/\/www.ina-wissmann.de\/shop\/wp-json\/wp\/v2\/types\/product"}],"replies":[{"embeddable":true,"href":"https:\/\/www.ina-wissmann.de\/shop\/wp-json\/wp\/v2\/comments?post=15442"}],"wp:featuredmedia":[{"embeddable":true,"href":"https:\/\/www.ina-wissmann.de\/shop\/wp-json\/wp\/v2\/media\/5796"}],"wp:attachment":[{"href":"https:\/\/www.ina-wissmann.de\/shop\/wp-json\/wp\/v2\/media?parent=15442"}],"wp:term":[{"taxonomy":"product_brand","embeddable":true,"href":"https:\/\/www.ina-wissmann.de\/shop\/wp-json\/wp\/v2\/product_brand?post=15442"},{"taxonomy":"product_cat","embeddable":true,"href":"https:\/\/www.ina-wissmann.de\/shop\/wp-json\/wp\/v2\/product_cat?post=15442"},{"taxonomy":"product_tag","embeddable":true,"href":"https:\/\/www.ina-wissmann.de\/shop\/wp-json\/wp\/v2\/product_tag?post=15442"}],"curies":[{"name":"wp","href":"https:\/\/api.w.org\/{rel}","templated":true}]}}