{"id":15434,"date":"2024-11-21T15:52:35","date_gmt":"2024-11-21T14:52:35","guid":{"rendered":"https:\/\/www.ina-wissmann.de\/shop\/produkt\/chakra-steineset-7-steine-gr-l-mit-kl-uebersicht\/"},"modified":"2026-02-17T13:25:56","modified_gmt":"2026-02-17T12:25:56","slug":"chakra-steineset-7-steine-gr-l-mit-kl-uebersicht","status":"publish","type":"product","link":"https:\/\/www.ina-wissmann.de\/shop\/produkt\/chakra-steineset-7-steine-gr-l-mit-kl-uebersicht\/","title":{"rendered":"Chakra-Steineset, 7 Steine Gr.L mit kl. \u00dcbersicht"},"content":{"rendered":"<h4>Lieferumfang:<\/h4>\n<p> Abbildung \u00e4hnlich \u2013 Bei Bestellung bekommst du gleichwertige Steine wie abgebildet im praktischen S\u00e4ckchen verpackt. <\/p>\n<h4>Gr\u00f6\u00dfe &amp; Gewicht:<\/h4>\n<p> Ca. 3cm an der breitesten Stelle;  Edelsteine sind ein Naturprodukt und k\u00f6nnen Farbabweichungen und nat\u00fcrliche Risse an der Oberfl\u00e4che haben. Dies ist unvermeidlich, da nat\u00fcrlich entstanden. Trotz sorgf\u00e4ltiger Schleifarbeit kommt es zu unterschiedlichen Oberfl\u00e4chen und Polituren. Bitte ber\u00fccksichtige das bei deinem Einkauf. Du erwirbst ein Naturprodukt, wo keines so ist, wie das andere!  <em><img class=size-full wp-image-7409 alignleft src=https:\/\/www.ina-wissmann.de\/shop\/wp-content\/uploads\/2021\/06\/SHop-Produkt-Anwender-Tipp-Bild.jpg alt= width=200 height=200 \/><\/em>  &nbsp;  &nbsp;  Mit gut energetisierten Chakren startest du frisch in den Tag!<\/p>\n","protected":false},"excerpt":{"rendered":"<h3>Beschreibung:<\/h3>\n<p> Chakraset bestehenend aus 7 Trommelsteinen, poliert  Chakra-Steineset zur Energetisierung deiner Energiezentren und Ausweitung deiner Aura. Das Steineset f\u00fcr die Chakren besteht aus folgenden Edelsteinen: Roter Jaspis f\u00fcr das Wurzelchakra, Karneol f\u00fcr das Sakralchakra, Calcit orange f\u00fcr den Solarplexus, Rosenquarzf\u00fcrs das Herzchakra, blau geb\u00e4nderter Chalcedon f\u00fcr das Halschakra, Amethyst f\u00fcr das 3. Auge und Bergkristall f\u00fcr das Kronenchakra. Die Steine k\u00f6nnen zur Energetisierung f\u00fcr ca. 10 bis max. 20 Minuten auf das jeweilige Chakra aufgelegt werden. Das angezeigte Bild ist ein Muster, du bekommst \u00e4hnliche Steine in ca. 2-3cm Gr\u00f6\u00dfe, wenn du dieses Angebot bestellst. Die Steine sind im Beutel verpackt mit Beschreibungsk\u00e4rtchen.<\/p>\n","protected":false},"featured_media":8543,"comment_status":"open","ping_status":"closed","template":"","meta":[],"product_brand":[],"product_cat":[701,694,337,759],"product_tag":[],"class_list":{"0":"post-15434","1":"product","2":"type-product","3":"status-publish","4":"has-post-thumbnail","6":"product_cat-bestseller","7":"product_cat-chakra-steine","8":"product_cat-energie-intuition","9":"product_cat-l","10":"product_shipping_class-paket","11":"post-wrapper","12":"thrv_wrapper","14":"first","15":"instock","16":"taxable","17":"shipping-taxable","18":"purchasable","19":"product-type-simple"},"jetpack_sharing_enabled":true,"_links":{"self":[{"href":"https:\/\/www.ina-wissmann.de\/shop\/wp-json\/wp\/v2\/product\/15434","targetHints":{"allow":["GET"]}}],"collection":[{"href":"https:\/\/www.ina-wissmann.de\/shop\/wp-json\/wp\/v2\/product"}],"about":[{"href":"https:\/\/www.ina-wissmann.de\/shop\/wp-json\/wp\/v2\/types\/product"}],"replies":[{"embeddable":true,"href":"https:\/\/www.ina-wissmann.de\/shop\/wp-json\/wp\/v2\/comments?post=15434"}],"wp:featuredmedia":[{"embeddable":true,"href":"https:\/\/www.ina-wissmann.de\/shop\/wp-json\/wp\/v2\/media\/8543"}],"wp:attachment":[{"href":"https:\/\/www.ina-wissmann.de\/shop\/wp-json\/wp\/v2\/media?parent=15434"}],"wp:term":[{"taxonomy":"product_brand","embeddable":true,"href":"https:\/\/www.ina-wissmann.de\/shop\/wp-json\/wp\/v2\/product_brand?post=15434"},{"taxonomy":"product_cat","embeddable":true,"href":"https:\/\/www.ina-wissmann.de\/shop\/wp-json\/wp\/v2\/product_cat?post=15434"},{"taxonomy":"product_tag","embeddable":true,"href":"https:\/\/www.ina-wissmann.de\/shop\/wp-json\/wp\/v2\/product_tag?post=15434"}],"curies":[{"name":"wp","href":"https:\/\/api.w.org\/{rel}","templated":true}]}}