{"id":15428,"date":"2024-11-21T15:52:35","date_gmt":"2024-11-21T14:52:35","guid":{"rendered":"https:\/\/www.ina-wissmann.de\/shop\/produkt\/calcit-cognakfarben-anhaenger-eckig-gross-gr-xl\/"},"modified":"2025-03-02T16:00:13","modified_gmt":"2025-03-02T15:00:13","slug":"calcit-cognakfarben-anhaenger-eckig-gross-gr-xl","status":"publish","type":"product","link":"https:\/\/www.ina-wissmann.de\/shop\/produkt\/calcit-cognakfarben-anhaenger-eckig-gross-gr-xl\/","title":{"rendered":"Calcit cognakfarben Anh\u00e4nger eckig gro\u00df Gr.XL"},"content":{"rendered":"","protected":false},"excerpt":{"rendered":"<p>Calcit cognakfarben Anh\u00e4nger eckig gro\u00df Gr.XL<\/p>\n","protected":false},"featured_media":10111,"comment_status":"open","ping_status":"open","template":"","meta":[],"product_brand":[],"product_cat":[262,263,305,317,273,377,176],"product_tag":[],"class_list":{"0":"post-15428","1":"product","2":"type-product","3":"status-publish","4":"has-post-thumbnail","6":"product_cat-edelsteine","7":"product_cat-edelsteine-a-z","8":"product_cat-heilsteine","9":"product_cat-heilsteine-nach-farben","10":"product_cat-krebs-22-06-22-07","11":"product_cat-neu-im-shop","12":"product_cat-orange-heilsteine-kaufen-hebt-die-stimmung-und-macht-froehlich","13":"product_shipping_class-paket","14":"post-wrapper","15":"thrv_wrapper","17":"first","18":"instock","19":"taxable","20":"shipping-taxable","21":"purchasable","22":"product-type-simple"},"jetpack_sharing_enabled":true,"_links":{"self":[{"href":"https:\/\/www.ina-wissmann.de\/shop\/wp-json\/wp\/v2\/product\/15428","targetHints":{"allow":["GET"]}}],"collection":[{"href":"https:\/\/www.ina-wissmann.de\/shop\/wp-json\/wp\/v2\/product"}],"about":[{"href":"https:\/\/www.ina-wissmann.de\/shop\/wp-json\/wp\/v2\/types\/product"}],"replies":[{"embeddable":true,"href":"https:\/\/www.ina-wissmann.de\/shop\/wp-json\/wp\/v2\/comments?post=15428"}],"wp:featuredmedia":[{"embeddable":true,"href":"https:\/\/www.ina-wissmann.de\/shop\/wp-json\/wp\/v2\/media\/10111"}],"wp:attachment":[{"href":"https:\/\/www.ina-wissmann.de\/shop\/wp-json\/wp\/v2\/media?parent=15428"}],"wp:term":[{"taxonomy":"product_brand","embeddable":true,"href":"https:\/\/www.ina-wissmann.de\/shop\/wp-json\/wp\/v2\/product_brand?post=15428"},{"taxonomy":"product_cat","embeddable":true,"href":"https:\/\/www.ina-wissmann.de\/shop\/wp-json\/wp\/v2\/product_cat?post=15428"},{"taxonomy":"product_tag","embeddable":true,"href":"https:\/\/www.ina-wissmann.de\/shop\/wp-json\/wp\/v2\/product_tag?post=15428"}],"curies":[{"name":"wp","href":"https:\/\/api.w.org\/{rel}","templated":true}]}}