{"id":15410,"date":"2024-11-21T15:52:21","date_gmt":"2024-11-21T14:52:21","guid":{"rendered":"https:\/\/www.ina-wissmann.de\/shop\/produkt\/bernsteinanhaenger-gebohrt-dunkel-honigfarben-ca-2-3cm-gr-l\/"},"modified":"2024-12-13T16:39:44","modified_gmt":"2024-12-13T15:39:44","slug":"bernsteinanhaenger-gebohrt-dunkel-honigfarben-ca-2-3cm-gr-l","status":"publish","type":"product","link":"https:\/\/www.ina-wissmann.de\/shop\/produkt\/bernsteinanhaenger-gebohrt-dunkel-honigfarben-ca-2-3cm-gr-l\/","title":{"rendered":"Bernsteinanh\u00e4nger gebohrt dunkel honigfarben ca. 2-3cm Gr.L"},"content":{"rendered":"<p>Honigfarbene Bernsteinanh\u00e4nger gebohrt <\/p>\n","protected":false},"excerpt":{"rendered":"<p>Bernsteinanh\u00e4nger gebohrt, dunkel honigfarben, ca. 2cm breit und 3cm von vorn nach hinten gebohrt, Bernstein steht f\u00fcr Traditionen, f\u00fcr Sorglosigkeit und bringt dich ins Vertrauen zu dir selbst<\/p>\n","protected":false},"featured_media":10111,"comment_status":"open","ping_status":"closed","template":"","meta":[],"product_brand":[],"product_cat":[262,263,768,175,759,305,317,377,176],"product_tag":[],"class_list":{"0":"post-15410","1":"product","2":"type-product","3":"status-publish","4":"has-post-thumbnail","6":"product_cat-edelsteine","7":"product_cat-edelsteine-a-z","8":"product_cat-erfolg-neuanfang","9":"product_cat-gelbe-heilsteine-kaufen","10":"product_cat-l","11":"product_cat-heilsteine","12":"product_cat-heilsteine-nach-farben","13":"product_cat-neu-im-shop","14":"product_cat-orange-heilsteine-kaufen-hebt-die-stimmung-und-macht-froehlich","15":"product_shipping_class-paket","16":"post-wrapper","17":"thrv_wrapper","19":"first","20":"instock","21":"taxable","22":"shipping-taxable","23":"purchasable","24":"product-type-simple"},"jetpack_sharing_enabled":true,"_links":{"self":[{"href":"https:\/\/www.ina-wissmann.de\/shop\/wp-json\/wp\/v2\/product\/15410","targetHints":{"allow":["GET"]}}],"collection":[{"href":"https:\/\/www.ina-wissmann.de\/shop\/wp-json\/wp\/v2\/product"}],"about":[{"href":"https:\/\/www.ina-wissmann.de\/shop\/wp-json\/wp\/v2\/types\/product"}],"replies":[{"embeddable":true,"href":"https:\/\/www.ina-wissmann.de\/shop\/wp-json\/wp\/v2\/comments?post=15410"}],"wp:featuredmedia":[{"embeddable":true,"href":"https:\/\/www.ina-wissmann.de\/shop\/wp-json\/wp\/v2\/media\/10111"}],"wp:attachment":[{"href":"https:\/\/www.ina-wissmann.de\/shop\/wp-json\/wp\/v2\/media?parent=15410"}],"wp:term":[{"taxonomy":"product_brand","embeddable":true,"href":"https:\/\/www.ina-wissmann.de\/shop\/wp-json\/wp\/v2\/product_brand?post=15410"},{"taxonomy":"product_cat","embeddable":true,"href":"https:\/\/www.ina-wissmann.de\/shop\/wp-json\/wp\/v2\/product_cat?post=15410"},{"taxonomy":"product_tag","embeddable":true,"href":"https:\/\/www.ina-wissmann.de\/shop\/wp-json\/wp\/v2\/product_tag?post=15410"}],"curies":[{"name":"wp","href":"https:\/\/api.w.org\/{rel}","templated":true}]}}