{"id":15407,"date":"2024-11-21T15:52:05","date_gmt":"2024-11-21T14:52:05","guid":{"rendered":"https:\/\/www.ina-wissmann.de\/shop\/produkt\/bergkristall-trommelstein-klar-1a-qualitaet-gr-l\/"},"modified":"2025-03-24T13:45:58","modified_gmt":"2025-03-24T12:45:58","slug":"bergkristall-trommelstein-klar-1a-qualitaet-gr-l","status":"publish","type":"product","link":"https:\/\/www.ina-wissmann.de\/shop\/produkt\/bergkristall-trommelstein-klar-1a-qualitaet-gr-l\/","title":{"rendered":"Bergkristall Trommelstein klar 1A-Qualit\u00e4t Gr.L"},"content":{"rendered":"<p>Sch\u00f6ne klare Bergkristall Trommelsteine aus Madagaskar Gr.L, du bekommst einen der Abbildung \u00e4hnlichen Stein Bergkristall sorgt f\u00fcr Klarheit und Neutralit\u00e4t und gibt Energie in alles, was ist<\/p>\n","protected":false},"excerpt":{"rendered":"<p>Klarheit &#8211; Energie &#8211; Kraft<\/p>\n","protected":false},"featured_media":2432,"comment_status":"open","ping_status":"open","template":"","meta":[],"product_brand":[],"product_cat":[262,263,337,271,305,317,765,281,172],"product_tag":[],"class_list":{"0":"post-15407","1":"product","2":"type-product","3":"status-publish","4":"has-post-thumbnail","6":"product_cat-edelsteine","7":"product_cat-edelsteine-a-z","8":"product_cat-energie-intuition","9":"product_cat-geburtssteine","10":"product_cat-heilsteine","11":"product_cat-heilsteine-nach-farben","12":"product_cat-spiritualitaet-wachstum","13":"product_cat-steinbock-22-12-20-01","14":"product_cat-transparent","15":"product_shipping_class-paket","16":"post-wrapper","17":"thrv_wrapper","19":"first","20":"instock","21":"taxable","22":"shipping-taxable","23":"purchasable","24":"product-type-simple"},"jetpack_sharing_enabled":true,"_links":{"self":[{"href":"https:\/\/www.ina-wissmann.de\/shop\/wp-json\/wp\/v2\/product\/15407","targetHints":{"allow":["GET"]}}],"collection":[{"href":"https:\/\/www.ina-wissmann.de\/shop\/wp-json\/wp\/v2\/product"}],"about":[{"href":"https:\/\/www.ina-wissmann.de\/shop\/wp-json\/wp\/v2\/types\/product"}],"replies":[{"embeddable":true,"href":"https:\/\/www.ina-wissmann.de\/shop\/wp-json\/wp\/v2\/comments?post=15407"}],"wp:featuredmedia":[{"embeddable":true,"href":"https:\/\/www.ina-wissmann.de\/shop\/wp-json\/wp\/v2\/media\/2432"}],"wp:attachment":[{"href":"https:\/\/www.ina-wissmann.de\/shop\/wp-json\/wp\/v2\/media?parent=15407"}],"wp:term":[{"taxonomy":"product_brand","embeddable":true,"href":"https:\/\/www.ina-wissmann.de\/shop\/wp-json\/wp\/v2\/product_brand?post=15407"},{"taxonomy":"product_cat","embeddable":true,"href":"https:\/\/www.ina-wissmann.de\/shop\/wp-json\/wp\/v2\/product_cat?post=15407"},{"taxonomy":"product_tag","embeddable":true,"href":"https:\/\/www.ina-wissmann.de\/shop\/wp-json\/wp\/v2\/product_tag?post=15407"}],"curies":[{"name":"wp","href":"https:\/\/api.w.org\/{rel}","templated":true}]}}