{"id":15390,"date":"2024-11-21T15:51:36","date_gmt":"2024-11-21T14:51:36","guid":{"rendered":"https:\/\/www.ina-wissmann.de\/shop\/produkt\/armband-aus-schwarzen-turmalin-nuggets-schoerl-groessere-steine-2\/"},"modified":"2025-03-02T16:09:45","modified_gmt":"2025-03-02T15:09:45","slug":"armband-aus-schwarzen-turmalin-nuggets-schoerl-groessere-steine-2","status":"publish","type":"product","link":"https:\/\/www.ina-wissmann.de\/shop\/produkt\/armband-aus-schwarzen-turmalin-nuggets-schoerl-groessere-steine-2\/","title":{"rendered":"Armband aus schwarzen Turmalin-Nuggets (Sch\u00f6rl) gr\u00f6\u00dfere Steine"},"content":{"rendered":"<p>Turmalinarmband aus schwarzen Trommelsteinen<\/p>\n","protected":false},"excerpt":{"rendered":"<p>Armband aus schwarzen Turmalin-Nuggets (Sch\u00f6rl)  Schwarzer Turmalin gibt dir Schutz vor energetischen Angriffen und Fremdeinfl\u00fcssen. Er sch\u00fctzt vor Elektrosmog. Er steht f\u00fcr Neutralit\u00e4t &amp; f\u00f6rdert Gelassenheit<\/p>\n","protected":false},"featured_media":14602,"comment_status":"open","ping_status":"open","template":"","meta":[],"product_brand":[],"product_cat":[281,244,282],"product_tag":[],"class_list":{"0":"post-15390","1":"product","2":"type-product","3":"status-publish","4":"has-post-thumbnail","6":"product_cat-steinbock-22-12-20-01","7":"product_cat-unkategorisiert","8":"product_cat-zwilling-21-05-21-06","9":"product_shipping_class-paket","10":"post-wrapper","11":"thrv_wrapper","13":"first","14":"instock","15":"taxable","16":"shipping-taxable","17":"purchasable","18":"product-type-simple"},"jetpack_sharing_enabled":true,"_links":{"self":[{"href":"https:\/\/www.ina-wissmann.de\/shop\/wp-json\/wp\/v2\/product\/15390","targetHints":{"allow":["GET"]}}],"collection":[{"href":"https:\/\/www.ina-wissmann.de\/shop\/wp-json\/wp\/v2\/product"}],"about":[{"href":"https:\/\/www.ina-wissmann.de\/shop\/wp-json\/wp\/v2\/types\/product"}],"replies":[{"embeddable":true,"href":"https:\/\/www.ina-wissmann.de\/shop\/wp-json\/wp\/v2\/comments?post=15390"}],"wp:featuredmedia":[{"embeddable":true,"href":"https:\/\/www.ina-wissmann.de\/shop\/wp-json\/wp\/v2\/media\/14602"}],"wp:attachment":[{"href":"https:\/\/www.ina-wissmann.de\/shop\/wp-json\/wp\/v2\/media?parent=15390"}],"wp:term":[{"taxonomy":"product_brand","embeddable":true,"href":"https:\/\/www.ina-wissmann.de\/shop\/wp-json\/wp\/v2\/product_brand?post=15390"},{"taxonomy":"product_cat","embeddable":true,"href":"https:\/\/www.ina-wissmann.de\/shop\/wp-json\/wp\/v2\/product_cat?post=15390"},{"taxonomy":"product_tag","embeddable":true,"href":"https:\/\/www.ina-wissmann.de\/shop\/wp-json\/wp\/v2\/product_tag?post=15390"}],"curies":[{"name":"wp","href":"https:\/\/api.w.org\/{rel}","templated":true}]}}