{"id":15375,"date":"2024-11-21T15:51:04","date_gmt":"2024-11-21T14:51:04","guid":{"rendered":"https:\/\/www.ina-wissmann.de\/shop\/produkt\/amethyst-anhaenger-gebohrt-hell-gr-l\/"},"modified":"2025-07-15T22:23:27","modified_gmt":"2025-07-15T20:23:27","slug":"amethyst-anhaenger-gebohrt-dunkel-tintig-gr-l","status":"publish","type":"product","link":"https:\/\/www.ina-wissmann.de\/shop\/produkt\/amethyst-anhaenger-gebohrt-dunkel-tintig-gr-l\/","title":{"rendered":"Amethyst Anh\u00e4nger gebohrt dunkel tintig Gr.L"},"content":{"rendered":"<p>Amethyst Anh\u00e4nger gebohrt<\/p>\n","protected":false},"excerpt":{"rendered":"<p>zauberhafter Amethyst Anh\u00e4nger gebohrt Gr.L tintig dukelviolett Amethyst bringt innere Ruhe, Gelassenheit und l\u00e4sst dich die Harmonie in den Dingen erkennen ca. 3cm gro\u00df Abbildung \u00e4hnlich<\/p>\n","protected":false},"featured_media":10111,"comment_status":"open","ping_status":"closed","template":"","meta":[],"product_brand":[],"product_cat":[262,263,275,271,305,317,633,180,276],"product_tag":[],"class_list":{"0":"post-15375","1":"product","2":"type-product","3":"status-publish","4":"has-post-thumbnail","6":"product_cat-edelsteine","7":"product_cat-edelsteine-a-z","8":"product_cat-fische-20-02-20-03","9":"product_cat-geburtssteine","10":"product_cat-heilsteine","11":"product_cat-heilsteine-nach-farben","12":"product_cat-steine-mit-a","13":"product_cat-violett","14":"product_cat-widder-21-03-20-04","15":"product_shipping_class-paket","16":"post-wrapper","17":"thrv_wrapper","19":"first","20":"instock","21":"taxable","22":"shipping-taxable","23":"purchasable","24":"product-type-simple"},"jetpack_sharing_enabled":true,"_links":{"self":[{"href":"https:\/\/www.ina-wissmann.de\/shop\/wp-json\/wp\/v2\/product\/15375","targetHints":{"allow":["GET"]}}],"collection":[{"href":"https:\/\/www.ina-wissmann.de\/shop\/wp-json\/wp\/v2\/product"}],"about":[{"href":"https:\/\/www.ina-wissmann.de\/shop\/wp-json\/wp\/v2\/types\/product"}],"replies":[{"embeddable":true,"href":"https:\/\/www.ina-wissmann.de\/shop\/wp-json\/wp\/v2\/comments?post=15375"}],"wp:featuredmedia":[{"embeddable":true,"href":"https:\/\/www.ina-wissmann.de\/shop\/wp-json\/wp\/v2\/media\/10111"}],"wp:attachment":[{"href":"https:\/\/www.ina-wissmann.de\/shop\/wp-json\/wp\/v2\/media?parent=15375"}],"wp:term":[{"taxonomy":"product_brand","embeddable":true,"href":"https:\/\/www.ina-wissmann.de\/shop\/wp-json\/wp\/v2\/product_brand?post=15375"},{"taxonomy":"product_cat","embeddable":true,"href":"https:\/\/www.ina-wissmann.de\/shop\/wp-json\/wp\/v2\/product_cat?post=15375"},{"taxonomy":"product_tag","embeddable":true,"href":"https:\/\/www.ina-wissmann.de\/shop\/wp-json\/wp\/v2\/product_tag?post=15375"}],"curies":[{"name":"wp","href":"https:\/\/api.w.org\/{rel}","templated":true}]}}