{"id":15314,"date":"2024-11-18T17:30:23","date_gmt":"2024-11-18T16:30:23","guid":{"rendered":"https:\/\/www.ina-wissmann.de\/shop\/produkt\/amazonit-grosse-anhaenger-2\/"},"modified":"2025-03-02T15:54:16","modified_gmt":"2025-03-02T14:54:16","slug":"amazonit-grosse-anhaenger-2","status":"publish","type":"product","link":"https:\/\/www.ina-wissmann.de\/shop\/produkt\/amazonit-grosse-anhaenger-2\/","title":{"rendered":"Amazonit gro\u00dfe Anh\u00e4nger"},"content":{"rendered":"<p>Amazonit Trommelstein Anh\u00e4nger gebohrt f\u00fcrs Lederband<\/p>\n","protected":false},"excerpt":{"rendered":"<p>Gro\u00dfer Amazonit Anh\u00e4nger flach f\u00fcr Lederb\u00e4nder<br \/>\nnAmazonit l\u00e4sst Verstand und Gef\u00fchl harmonisch miteinander arbeiten. Er unterst\u00fctzt den Stimmungsausgleich und wird viel zur Geburtshilfe eingesetzt.<br \/>\nnAmazonit ist ein Stein f\u00fcr Krebs-Geborene und dem Element Wasser zugeordnet.<br \/>\nn<br \/>\nnDiese gro\u00dfen flachen Anh\u00e4nger haben einen tolle Form, liegen gut auf der Haut auf und haben eine sch\u00f6ne Maserung.<br \/>\nn<br \/>\nnMa\u00dfe: ca. 4&#215;3,5cm gro\u00df, ca. 18-21g,<br \/>\nn(Du kaufst einen dieser Steine wie abgebildet, wenn Du diesen Artikel bestellst)<br \/>\nnLederband nicht im Lieferumfang enthalten, aber einzeln bestellbar. Die Lederb\u00e4nder mit Karabinerverschlu\u00df passen f\u00fcr diesen Artikel nicht!<\/p>\n","protected":false},"featured_media":7523,"comment_status":"open","ping_status":"open","template":"","meta":[],"product_brand":[],"product_cat":[262,263,271,178,305,317,273],"product_tag":[],"class_list":{"0":"post-15314","1":"product","2":"type-product","3":"status-publish","4":"has-post-thumbnail","6":"product_cat-edelsteine","7":"product_cat-edelsteine-a-z","8":"product_cat-geburtssteine","9":"product_cat-gruen","10":"product_cat-heilsteine","11":"product_cat-heilsteine-nach-farben","12":"product_cat-krebs-22-06-22-07","13":"product_shipping_class-paket","14":"post-wrapper","15":"thrv_wrapper","17":"first","18":"outofstock","19":"taxable","20":"shipping-taxable","21":"purchasable","22":"product-type-simple"},"jetpack_sharing_enabled":true,"_links":{"self":[{"href":"https:\/\/www.ina-wissmann.de\/shop\/wp-json\/wp\/v2\/product\/15314","targetHints":{"allow":["GET"]}}],"collection":[{"href":"https:\/\/www.ina-wissmann.de\/shop\/wp-json\/wp\/v2\/product"}],"about":[{"href":"https:\/\/www.ina-wissmann.de\/shop\/wp-json\/wp\/v2\/types\/product"}],"replies":[{"embeddable":true,"href":"https:\/\/www.ina-wissmann.de\/shop\/wp-json\/wp\/v2\/comments?post=15314"}],"wp:featuredmedia":[{"embeddable":true,"href":"https:\/\/www.ina-wissmann.de\/shop\/wp-json\/wp\/v2\/media\/7523"}],"wp:attachment":[{"href":"https:\/\/www.ina-wissmann.de\/shop\/wp-json\/wp\/v2\/media?parent=15314"}],"wp:term":[{"taxonomy":"product_brand","embeddable":true,"href":"https:\/\/www.ina-wissmann.de\/shop\/wp-json\/wp\/v2\/product_brand?post=15314"},{"taxonomy":"product_cat","embeddable":true,"href":"https:\/\/www.ina-wissmann.de\/shop\/wp-json\/wp\/v2\/product_cat?post=15314"},{"taxonomy":"product_tag","embeddable":true,"href":"https:\/\/www.ina-wissmann.de\/shop\/wp-json\/wp\/v2\/product_tag?post=15314"}],"curies":[{"name":"wp","href":"https:\/\/api.w.org\/{rel}","templated":true}]}}