{"id":15271,"date":"2024-11-21T15:50:48","date_gmt":"2024-11-21T14:50:48","guid":{"rendered":"https:\/\/www.ina-wissmann.de\/shop\/produkt\/blume-des-lebens-anhaenger-mit-edelsteinen-in-silber-gefasst-2\/"},"modified":"2024-12-13T16:39:12","modified_gmt":"2024-12-13T15:39:12","slug":"blume-des-lebens-anhaenger-mit-edelsteinen-in-silber-gefasst","status":"publish","type":"product","link":"https:\/\/www.ina-wissmann.de\/shop\/produkt\/blume-des-lebens-anhaenger-mit-edelsteinen-in-silber-gefasst\/","title":{"rendered":"Blume des Lebens Anh\u00e4nger mit Edelsteinen in Silber gefasst"},"content":{"rendered":"","protected":false},"excerpt":{"rendered":"<p>Blume des Lebens Anh\u00e4nger in Silber mit verschiedenen Edelsteinen besetzt 3,5cm Durchmesser Der Anh\u00e4nger nickelfrei versilbert und mit diesen Edelsteinen in Chakrenfarben besetzt: Regenbogenmondstein (wei\u00dfer Labradorit) in der Mitte, Amethyst, Cordierit, Peridot, Bergkristall, Karneol und Granat besetzt<\/p>\n","protected":false},"featured_media":12594,"comment_status":"open","ping_status":"open","template":"","meta":[],"product_brand":[],"product_cat":[764,244],"product_tag":[],"class_list":{"0":"post-15271","1":"product","2":"type-product","3":"status-publish","4":"has-post-thumbnail","6":"product_cat-gesundheit-vitalitaet","7":"product_cat-unkategorisiert","8":"product_shipping_class-paket","9":"post-wrapper","10":"thrv_wrapper","12":"first","13":"instock","14":"sale","15":"taxable","16":"shipping-taxable","17":"purchasable","18":"product-type-simple"},"jetpack_sharing_enabled":true,"_links":{"self":[{"href":"https:\/\/www.ina-wissmann.de\/shop\/wp-json\/wp\/v2\/product\/15271","targetHints":{"allow":["GET"]}}],"collection":[{"href":"https:\/\/www.ina-wissmann.de\/shop\/wp-json\/wp\/v2\/product"}],"about":[{"href":"https:\/\/www.ina-wissmann.de\/shop\/wp-json\/wp\/v2\/types\/product"}],"replies":[{"embeddable":true,"href":"https:\/\/www.ina-wissmann.de\/shop\/wp-json\/wp\/v2\/comments?post=15271"}],"wp:featuredmedia":[{"embeddable":true,"href":"https:\/\/www.ina-wissmann.de\/shop\/wp-json\/wp\/v2\/media\/12594"}],"wp:attachment":[{"href":"https:\/\/www.ina-wissmann.de\/shop\/wp-json\/wp\/v2\/media?parent=15271"}],"wp:term":[{"taxonomy":"product_brand","embeddable":true,"href":"https:\/\/www.ina-wissmann.de\/shop\/wp-json\/wp\/v2\/product_brand?post=15271"},{"taxonomy":"product_cat","embeddable":true,"href":"https:\/\/www.ina-wissmann.de\/shop\/wp-json\/wp\/v2\/product_cat?post=15271"},{"taxonomy":"product_tag","embeddable":true,"href":"https:\/\/www.ina-wissmann.de\/shop\/wp-json\/wp\/v2\/product_tag?post=15271"}],"curies":[{"name":"wp","href":"https:\/\/api.w.org\/{rel}","templated":true}]}}